{"id":41025,"date":"2025-04-10T12:14:06","date_gmt":"2025-04-10T10:14:06","guid":{"rendered":"https:\/\/myspainfood.com\/producto\/pasteta-iz-marinirane-tune-cusumano-delicious-gourmet-170-gr\/"},"modified":"2025-09-02T10:53:48","modified_gmt":"2025-09-02T08:53:48","slug":"pasteta-iz-marinirane-tune-cusumano-delicious-gourmet-170-gr","status":"publish","type":"product","link":"https:\/\/myspainfood.com\/sl\/producto\/pasteta-iz-marinirane-tune-cusumano-delicious-gourmet-170-gr\/","title":{"rendered":"Pa\u0161teta iz marinirane tune Cusumano - Delicious &amp; Gourmet - 170 gr"},"content":{"rendered":"<p>Pa\u0161teta iz tune Cusumano je gurmanska poslastica, izdelana iz visokokakovostne tune, ki je skrbno izbrana in predelana, da ima neprimerljiv okus in gladko strukturo. Ta pa\u0161teta je idealna za ljubitelje dobre hrane, saj zdru\u017euje najbolj\u0161e iz morja, naravne sestavine in pridih prefinjenosti. <\/p>\n<ul>\n<li><strong>Blagovna znamka:<\/strong> Cusumano<\/li>\n<li><strong>Vrsta izdelka:<\/strong> Pa\u0161teta iz tune<\/li>\n<li><strong>Predstavitev:<\/strong> Plo\u010devinka ali steklen kozarec<\/li>\n<li><strong>Neto te\u017ea:<\/strong> (navedite natan\u010dno te\u017eo, npr. 100g, 200g)<\/li>\n<li><strong>Sestavine:<\/strong> Tuna, olj\u010dno olje, naravne za\u010dimbe, sol (in druge naravne sestavine, \u010de so na voljo).<\/li>\n<li><strong>Shranjevanje<\/strong>: Shranjujte v hladnem in suhem prostoru. Po odprtju hranite v hladilniku in porabite v (navedite \u010das, npr. 3 dni). <\/li>\n<\/ul>\n<p>Za pa\u0161teto iz tune Cusumano je zna\u010dilen ne\u017een in prefinjen okus s popolnim ravnovesjem med okusom tune in ne\u017enimi notami naravnih za\u010dimb. Njena tekstura je kremasta in se zlahka razma\u017ee, zato je idealna izbira tako za posebne prilo\u017enosti kot za vsakodnevno u\u017eivanje. <\/p>\n","protected":false},"excerpt":{"rendered":"<p>Pa\u0161teta iz tune Cusumano je gurmanska poslastica, izdelana iz visokokakovostne tune, ki je skrbno izbrana in predelana, da ima neprimerljiv okus in gladko strukturo. Ta pa\u0161teta je idealna za ljubitelje dobre hrane, saj zdru\u017euje najbolj\u0161e iz morja, naravne sestavine in pridih prefinjenosti. Blagovna znamka: Cusumano Vrsta izdelka: Pa\u0161teta iz tune Predstavitev: Plo\u010devinka ali steklen kozarec [&hellip;]<\/p>\n","protected":false},"featured_media":41031,"template":"","meta":{"_et_pb_use_builder":"","_et_pb_old_content":"","_et_gb_content_width":""},"product_brand":[1272],"product_cat":[3740],"product_tag":[],"class_list":{"0":"post-41025","1":"product","2":"type-product","3":"status-publish","4":"has-post-thumbnail","6":"product_brand-cusumano","7":"product_cat-ohranja-sl-3","9":"first","10":"instock","11":"taxable","12":"shipping-taxable","13":"purchasable","14":"product-type-variable"},"_links":{"self":[{"href":"https:\/\/myspainfood.com\/sl\/wp-json\/wp\/v2\/product\/41025","targetHints":{"allow":["GET"]}}],"collection":[{"href":"https:\/\/myspainfood.com\/sl\/wp-json\/wp\/v2\/product"}],"about":[{"href":"https:\/\/myspainfood.com\/sl\/wp-json\/wp\/v2\/types\/product"}],"wp:featuredmedia":[{"embeddable":true,"href":"https:\/\/myspainfood.com\/sl\/wp-json\/wp\/v2\/media\/41031"}],"wp:attachment":[{"href":"https:\/\/myspainfood.com\/sl\/wp-json\/wp\/v2\/media?parent=41025"}],"wp:term":[{"taxonomy":"product_brand","embeddable":true,"href":"https:\/\/myspainfood.com\/sl\/wp-json\/wp\/v2\/product_brand?post=41025"},{"taxonomy":"product_cat","embeddable":true,"href":"https:\/\/myspainfood.com\/sl\/wp-json\/wp\/v2\/product_cat?post=41025"},{"taxonomy":"product_tag","embeddable":true,"href":"https:\/\/myspainfood.com\/sl\/wp-json\/wp\/v2\/product_tag?post=41025"}],"curies":[{"name":"wp","href":"https:\/\/api.w.org\/{rel}","templated":true}]}}