{"id":41068,"date":"2025-04-10T12:14:06","date_gmt":"2025-04-10T10:14:06","guid":{"rendered":"https:\/\/myspainfood.com\/producto\/pochas-blancas-de-navarra-a-inigo-pristen-tradicionalni-okus-660-gr\/"},"modified":"2025-04-10T12:14:06","modified_gmt":"2025-04-10T10:14:06","slug":"pochas-blancas-de-navarra-a-inigo-pristen-tradicionalni-okus-660-gr","status":"publish","type":"product","link":"https:\/\/myspainfood.com\/sl\/producto\/pochas-blancas-de-navarra-a-inigo-pristen-tradicionalni-okus-660-gr\/","title":{"rendered":"Pochas Blancas de Navarra A. I\u00f1igo - pristen tradicionalni okus 660 gr"},"content":{"rendered":"<p>Pochas Blancas podjetja A. I\u00f1igo so tradicionalna poslastica iz regije Navarre, znana po izjemni kakovosti in okusu. Ta sve\u017ea fi\u017eolova zrna so obrana v \u010dasu optimalne zrelosti in skrbno zapakirana, da se ohranijo vsa njihova sve\u017eina in hranilne snovi. <\/p>\n<ul>\n<li><strong>Poreklo:<\/strong> Navarra, \u0160panija<\/li>\n<li><strong>Vrsta fi\u017eola:<\/strong> beli fi\u017eol<\/li>\n<li><strong>Predstavitev:<\/strong> Steklena posoda<\/li>\n<li><strong>Sestavine:<\/strong> Beli fi\u017eol, voda, sol, sol.<\/li>\n<li><strong>Shranjevanje<\/strong>: Shranjujte v hladnem in suhem prostoru.<\/li>\n<li><strong>Priporo\u010dena uporaba:<\/strong> Idealno za enolon\u010dnice, solate ter tradicionalne navarske in sredozemske jedi.<\/li>\n<\/ul>\n<p>Beli fi\u017eol A. I\u00f1igo odlikujeta mehkoba in ne\u017een okus, ki se odli\u010dno dopolnjuje z drugimi sestavinami v juhah, enolon\u010dnicah in solatah. Zaradi ne\u017ene teksture in tanke lupine ga \u0161e posebej cenijo gurmani in ljubitelji tradicionalne kuhinje. <\/p>\n","protected":false},"excerpt":{"rendered":"<p>Pochas Blancas podjetja A. I\u00f1igo so tradicionalna poslastica iz regije Navarre, znana po izjemni kakovosti in okusu. Ta sve\u017ea fi\u017eolova zrna so obrana v \u010dasu optimalne zrelosti in skrbno zapakirana, da se ohranijo vsa njihova sve\u017eina in hranilne snovi. Poreklo: Navarra, \u0160panija Vrsta fi\u017eola: beli fi\u017eol Predstavitev: Steklena posoda Sestavine: Beli fi\u017eol, voda, sol, sol. [&hellip;]<\/p>\n","protected":false},"featured_media":41075,"template":"","meta":{"_et_pb_use_builder":"","_et_pb_old_content":"","_et_gb_content_width":""},"product_brand":[1461],"product_cat":[3740],"product_tag":[],"class_list":{"0":"post-41068","1":"product","2":"type-product","3":"status-publish","4":"has-post-thumbnail","6":"product_brand-a-inigo","7":"product_cat-ohranja-sl-3","9":"first","10":"outofstock","11":"taxable","12":"shipping-taxable","13":"purchasable","14":"product-type-variable"},"_links":{"self":[{"href":"https:\/\/myspainfood.com\/sl\/wp-json\/wp\/v2\/product\/41068","targetHints":{"allow":["GET"]}}],"collection":[{"href":"https:\/\/myspainfood.com\/sl\/wp-json\/wp\/v2\/product"}],"about":[{"href":"https:\/\/myspainfood.com\/sl\/wp-json\/wp\/v2\/types\/product"}],"wp:featuredmedia":[{"embeddable":true,"href":"https:\/\/myspainfood.com\/sl\/wp-json\/wp\/v2\/media\/41075"}],"wp:attachment":[{"href":"https:\/\/myspainfood.com\/sl\/wp-json\/wp\/v2\/media?parent=41068"}],"wp:term":[{"taxonomy":"product_brand","embeddable":true,"href":"https:\/\/myspainfood.com\/sl\/wp-json\/wp\/v2\/product_brand?post=41068"},{"taxonomy":"product_cat","embeddable":true,"href":"https:\/\/myspainfood.com\/sl\/wp-json\/wp\/v2\/product_cat?post=41068"},{"taxonomy":"product_tag","embeddable":true,"href":"https:\/\/myspainfood.com\/sl\/wp-json\/wp\/v2\/product_tag?post=41068"}],"curies":[{"name":"wp","href":"https:\/\/api.w.org\/{rel}","templated":true}]}}