{"id":41735,"date":"2025-04-10T12:12:29","date_gmt":"2025-04-10T10:12:29","guid":{"rendered":"https:\/\/myspainfood.com\/producto\/la-vieja-fabrica-peach-jam-diet-280-g\/"},"modified":"2025-09-02T10:52:24","modified_gmt":"2025-09-02T08:52:24","slug":"la-vieja-fabrica-peach-jam-diet-280-g","status":"publish","type":"product","link":"https:\/\/myspainfood.com\/sl\/producto\/la-vieja-fabrica-peach-jam-diet-280-g\/","title":{"rendered":"La Vieja F\u00e1brica Peach Jam DIET 280 g"},"content":{"rendered":"<p>Dietna breskova marmelada La Vieja F\u00e1brica je okusna izbira za vse, ki \u017eelijo u\u017eivati v pristnem okusu sadja brez dodajanja nepotrebnih kalorij v prehrano. Ta marmelada, narejena iz izbranih breskev in po tradicionalnih obrtni\u0161kih receptih La Vieja F\u00e1brica, ima sve\u017e in naraven okus. <\/p>\n<p><strong>Poreklo<\/strong>: \u0160panija Proizvajalec: \u00c1ngel Camacho Alimentaci\u00f3n, S.L.<\/p>\n<p><strong>Naslov proizvajalca:<\/strong> Avda. del Pilar, 6 - 41530 Mor\u00f3n de la Frontera (Sevilla)<\/p>\n<p> <strong> Izvor<\/strong>: izdelek iz \u0160panije<\/p>\n<p><strong>Neto te\u017ea<\/strong>: 280 g<\/p>\n<p><strong>Dodatni obvezni podatki na etiketi<\/strong>: Vsebuje 55 g breskev na 100 g.<\/p>\n<p><strong>Skupni sladkorji<\/strong>: 42 g na 100 g.<\/p>\n","protected":false},"excerpt":{"rendered":"<p>Dietna breskova marmelada La Vieja F\u00e1brica je okusna izbira za vse, ki \u017eelijo u\u017eivati v pristnem okusu sadja brez dodajanja nepotrebnih kalorij v prehrano. Ta marmelada, narejena iz izbranih breskev in po tradicionalnih obrtni\u0161kih receptih La Vieja F\u00e1brica, ima sve\u017e in naraven okus. Poreklo: \u0160panija Proizvajalec: \u00c1ngel Camacho Alimentaci\u00f3n, S.L. Naslov proizvajalca: Avda. del Pilar, [&hellip;]<\/p>\n","protected":false},"featured_media":41743,"template":"","meta":{"_et_pb_use_builder":"","_et_pb_old_content":"","_et_gb_content_width":""},"product_brand":[1460],"product_cat":[1983],"product_tag":[],"class_list":{"0":"post-41735","1":"product","2":"type-product","3":"status-publish","4":"has-post-thumbnail","6":"product_brand-la-vieja-fabrica","7":"product_cat-ohranja","9":"first","10":"outofstock","11":"taxable","12":"shipping-taxable","13":"product-type-variable"},"_links":{"self":[{"href":"https:\/\/myspainfood.com\/sl\/wp-json\/wp\/v2\/product\/41735","targetHints":{"allow":["GET"]}}],"collection":[{"href":"https:\/\/myspainfood.com\/sl\/wp-json\/wp\/v2\/product"}],"about":[{"href":"https:\/\/myspainfood.com\/sl\/wp-json\/wp\/v2\/types\/product"}],"wp:featuredmedia":[{"embeddable":true,"href":"https:\/\/myspainfood.com\/sl\/wp-json\/wp\/v2\/media\/41743"}],"wp:attachment":[{"href":"https:\/\/myspainfood.com\/sl\/wp-json\/wp\/v2\/media?parent=41735"}],"wp:term":[{"taxonomy":"product_brand","embeddable":true,"href":"https:\/\/myspainfood.com\/sl\/wp-json\/wp\/v2\/product_brand?post=41735"},{"taxonomy":"product_cat","embeddable":true,"href":"https:\/\/myspainfood.com\/sl\/wp-json\/wp\/v2\/product_cat?post=41735"},{"taxonomy":"product_tag","embeddable":true,"href":"https:\/\/myspainfood.com\/sl\/wp-json\/wp\/v2\/product_tag?post=41735"}],"curies":[{"name":"wp","href":"https:\/\/api.w.org\/{rel}","templated":true}]}}