{"id":41777,"date":"2025-04-10T12:12:57","date_gmt":"2025-04-10T10:12:57","guid":{"rendered":"https:\/\/myspainfood.com\/producto\/a-inigo-zeleni-fizol-okrogli-srednje-veliki-kosi-400-gr\/"},"modified":"2025-04-10T12:12:57","modified_gmt":"2025-04-10T10:12:57","slug":"a-inigo-zeleni-fizol-okrogli-srednje-veliki-kosi-400-gr","status":"publish","type":"product","link":"https:\/\/myspainfood.com\/sl\/producto\/a-inigo-zeleni-fizol-okrogli-srednje-veliki-kosi-400-gr\/","title":{"rendered":"A.I\u00f1igo Zeleni fi\u017eol okrogli srednje veliki kosi 400 gr"},"content":{"rendered":"<p>Zeleni fi\u017eol A.I\u00f1igo predstavlja odli\u010dnost sve\u017eine in okusa. Skrbno izbrani stro\u010dji fi\u017eol, ki ga poberejo v \u010dasu optimalne zrelosti, je idealna izbira za vsakodnevni obrok. <\/p>\n<p><strong>Energijska vrednost:<\/strong> 15,9 kJ \/ 67,5 kcal<\/p>\n<p><strong>Ma\u0161\u010dobe<\/strong>: 0 g<\/p>\n<p><strong>Od tega nasi\u010denih<\/strong> 0 g<\/p>\n<p><strong>Ogljikovi hidrati<\/strong>: 3,3 g<\/p>\n<p><strong>Od tega sladkorji<\/strong>: 0,8 g<\/p>\n<p><strong>Prehranska vlaknina<\/strong>: 1,5 g<\/p>\n<p><strong>Beljakovine<\/strong>: 0,67 g<\/p>\n<p><strong>Sol<\/strong>: 0,5 g<\/p>\n","protected":false},"excerpt":{"rendered":"<p>Zeleni fi\u017eol A.I\u00f1igo predstavlja odli\u010dnost sve\u017eine in okusa. Skrbno izbrani stro\u010dji fi\u017eol, ki ga poberejo v \u010dasu optimalne zrelosti, je idealna izbira za vsakodnevni obrok. Energijska vrednost: 15,9 kJ \/ 67,5 kcal Ma\u0161\u010dobe: 0 g Od tega nasi\u010denih 0 g Ogljikovi hidrati: 3,3 g Od tega sladkorji: 0,8 g Prehranska vlaknina: 1,5 g Beljakovine: 0,67 [&hellip;]<\/p>\n","protected":false},"featured_media":41783,"template":"","meta":{"_et_pb_use_builder":"","_et_pb_old_content":"","_et_gb_content_width":""},"product_brand":[1461],"product_cat":[1983],"product_tag":[],"class_list":{"0":"post-41777","1":"product","2":"type-product","3":"status-publish","4":"has-post-thumbnail","6":"product_brand-a-inigo","7":"product_cat-ohranja","9":"first","10":"instock","11":"taxable","12":"shipping-taxable","13":"product-type-variable"},"_links":{"self":[{"href":"https:\/\/myspainfood.com\/sl\/wp-json\/wp\/v2\/product\/41777","targetHints":{"allow":["GET"]}}],"collection":[{"href":"https:\/\/myspainfood.com\/sl\/wp-json\/wp\/v2\/product"}],"about":[{"href":"https:\/\/myspainfood.com\/sl\/wp-json\/wp\/v2\/types\/product"}],"wp:featuredmedia":[{"embeddable":true,"href":"https:\/\/myspainfood.com\/sl\/wp-json\/wp\/v2\/media\/41783"}],"wp:attachment":[{"href":"https:\/\/myspainfood.com\/sl\/wp-json\/wp\/v2\/media?parent=41777"}],"wp:term":[{"taxonomy":"product_brand","embeddable":true,"href":"https:\/\/myspainfood.com\/sl\/wp-json\/wp\/v2\/product_brand?post=41777"},{"taxonomy":"product_cat","embeddable":true,"href":"https:\/\/myspainfood.com\/sl\/wp-json\/wp\/v2\/product_cat?post=41777"},{"taxonomy":"product_tag","embeddable":true,"href":"https:\/\/myspainfood.com\/sl\/wp-json\/wp\/v2\/product_tag?post=41777"}],"curies":[{"name":"wp","href":"https:\/\/api.w.org\/{rel}","templated":true}]}}