{"id":41821,"date":"2025-04-10T12:12:57","date_gmt":"2025-04-10T10:12:57","guid":{"rendered":"https:\/\/myspainfood.com\/producto\/a-inigo-rezano-korenje-400-g\/"},"modified":"2025-04-10T12:12:57","modified_gmt":"2025-04-10T10:12:57","slug":"a-inigo-rezano-korenje-400-g","status":"publish","type":"product","link":"https:\/\/myspainfood.com\/sl\/producto\/a-inigo-rezano-korenje-400-g\/","title":{"rendered":"A.I\u00f1igo Rezano korenje 400 g"},"content":{"rendered":"<p>Korenje A.I\u00f1igo je odli\u010dna izbira za tiste, ki i\u0161\u010dejo kakovost in okus v hrani. Skrbno gojeno in skrbno izbrano korenje ima hrustljavo teksturo ter sladek in naraven okus, ki bo obogatil vsako jed. <\/p>\n<p>&nbsp;<\/p>\n<p><strong>Energijska vrednost:<\/strong> 71,4 kJ \/ 16,8 kcal<\/p>\n<p><strong>Nasi\u010dene ma\u0161\u010dobe<\/strong>: 0 g<\/p>\n<p><strong>Ogljikovi hidrati<\/strong>: 4,2 g<\/p>\n<p><strong>Od tega sladkorji<\/strong>: 2,3 g<\/p>\n<p><strong>Prehranska vlaknina<\/strong>: 1,4 g<\/p>\n<p><strong>Beljakovine<\/strong>: 0 g<\/p>\n<p><strong>Sol<\/strong>: 0,65 g<\/p>\n","protected":false},"excerpt":{"rendered":"<p>Korenje A.I\u00f1igo je odli\u010dna izbira za tiste, ki i\u0161\u010dejo kakovost in okus v hrani. Skrbno gojeno in skrbno izbrano korenje ima hrustljavo teksturo ter sladek in naraven okus, ki bo obogatil vsako jed. &nbsp; Energijska vrednost: 71,4 kJ \/ 16,8 kcal Nasi\u010dene ma\u0161\u010dobe: 0 g Ogljikovi hidrati: 4,2 g Od tega sladkorji: 2,3 g Prehranska [&hellip;]<\/p>\n","protected":false},"featured_media":41824,"template":"","meta":{"_et_pb_use_builder":"","_et_pb_old_content":"","_et_gb_content_width":""},"product_brand":[1461],"product_cat":[1983],"product_tag":[],"class_list":{"0":"post-41821","1":"product","2":"type-product","3":"status-publish","4":"has-post-thumbnail","6":"product_brand-a-inigo","7":"product_cat-ohranja","9":"first","10":"outofstock","11":"taxable","12":"shipping-taxable","13":"product-type-variable"},"_links":{"self":[{"href":"https:\/\/myspainfood.com\/sl\/wp-json\/wp\/v2\/product\/41821","targetHints":{"allow":["GET"]}}],"collection":[{"href":"https:\/\/myspainfood.com\/sl\/wp-json\/wp\/v2\/product"}],"about":[{"href":"https:\/\/myspainfood.com\/sl\/wp-json\/wp\/v2\/types\/product"}],"wp:featuredmedia":[{"embeddable":true,"href":"https:\/\/myspainfood.com\/sl\/wp-json\/wp\/v2\/media\/41824"}],"wp:attachment":[{"href":"https:\/\/myspainfood.com\/sl\/wp-json\/wp\/v2\/media?parent=41821"}],"wp:term":[{"taxonomy":"product_brand","embeddable":true,"href":"https:\/\/myspainfood.com\/sl\/wp-json\/wp\/v2\/product_brand?post=41821"},{"taxonomy":"product_cat","embeddable":true,"href":"https:\/\/myspainfood.com\/sl\/wp-json\/wp\/v2\/product_cat?post=41821"},{"taxonomy":"product_tag","embeddable":true,"href":"https:\/\/myspainfood.com\/sl\/wp-json\/wp\/v2\/product_tag?post=41821"}],"curies":[{"name":"wp","href":"https:\/\/api.w.org\/{rel}","templated":true}]}}