{"id":42051,"date":"2025-04-10T12:11:40","date_gmt":"2025-04-10T10:11:40","guid":{"rendered":"https:\/\/myspainfood.com\/producto\/sardine-v-soncnicnem-olju-12-14-kosov-111-g\/"},"modified":"2025-04-10T12:11:40","modified_gmt":"2025-04-10T10:11:40","slug":"sardine-v-soncnicnem-olju-12-14-kosov-111-g","status":"publish","type":"product","link":"https:\/\/myspainfood.com\/sl\/producto\/sardine-v-soncnicnem-olju-12-14-kosov-111-g\/","title":{"rendered":"Sardine v son\u010dni\u010dnem olju 12\/14 kosov 111 g"},"content":{"rendered":"<p>Odkrijte slasten okus morja z na\u0161imi vrhunskimi sardinami v son\u010dni\u010dnem olju! Vsak gri\u017eljaj je eksplozija sve\u017eine in kakovosti, ki bo navdu\u0161ila va\u0161e brbon\u010dice in vas popeljala na najbolj eksoti\u010dne obale. <\/p>\n<p>Na\u0161e sardine so skrbno ulovljene v naj\u010distej\u0161ih vodah in izbrane tako, da zagotavljajo neprimerljivo sve\u017eino in okus. Namo\u010dene v vrhunskem son\u010dni\u010dnem olju ohranijo ne\u017eno strukturo in naravni okus, zato je vsak gri\u017eljaj nepozabno do\u017eivetje. <\/p>\n<p>Na\u0161e sardine v son\u010dni\u010dnem olju, bogate z ma\u0161\u010dobnimi kislinami omega-3, esencialnimi vitamini in minerali, niso le okusne, temve\u010d tudi hranljiva izbira za va\u0161o vsakodnevno prehrano. Uporabite jih kot glavno sestavino sve\u017eih solat, gurmanskih prigrizkov ali jih preprosto u\u017eivajte naravnost iz plo\u010devinke. <\/p>\n<p>Na\u0161e sardine v son\u010dni\u010dnem olju so odli\u010dna izbira, ne glede na to, ali pripravljate okusno ve\u010derjo ali i\u0161\u010dete zdrav prigrizek za s seboj. Upajte si jih poskusiti in odkrijte, zakaj so najbolj varovana skrivnost vseh gurmanov! <\/p>\n<p>\u0160e danes kupite plo\u010devinko sardin v son\u010dni\u010dnem olju in svojim najljub\u0161im jedem dodajte pridih morskih sade\u017eev!<\/p>\n","protected":false},"excerpt":{"rendered":"<p>Odkrijte slasten okus morja z na\u0161imi vrhunskimi sardinami v son\u010dni\u010dnem olju! Vsak gri\u017eljaj je eksplozija sve\u017eine in kakovosti, ki bo navdu\u0161ila va\u0161e brbon\u010dice in vas popeljala na najbolj eksoti\u010dne obale. <\/p>\n","protected":false},"featured_media":42055,"template":"","meta":{"_et_pb_use_builder":"","_et_pb_old_content":"","_et_gb_content_width":""},"product_brand":[1358],"product_cat":[1983,3758],"product_tag":[],"class_list":{"0":"post-42051","1":"product","2":"type-product","3":"status-publish","4":"has-post-thumbnail","6":"product_brand-areoso","7":"product_cat-ohranja","8":"product_cat-sardinillas-sl","10":"first","11":"outofstock","12":"taxable","13":"shipping-taxable","14":"product-type-simple"},"_links":{"self":[{"href":"https:\/\/myspainfood.com\/sl\/wp-json\/wp\/v2\/product\/42051","targetHints":{"allow":["GET"]}}],"collection":[{"href":"https:\/\/myspainfood.com\/sl\/wp-json\/wp\/v2\/product"}],"about":[{"href":"https:\/\/myspainfood.com\/sl\/wp-json\/wp\/v2\/types\/product"}],"wp:featuredmedia":[{"embeddable":true,"href":"https:\/\/myspainfood.com\/sl\/wp-json\/wp\/v2\/media\/42055"}],"wp:attachment":[{"href":"https:\/\/myspainfood.com\/sl\/wp-json\/wp\/v2\/media?parent=42051"}],"wp:term":[{"taxonomy":"product_brand","embeddable":true,"href":"https:\/\/myspainfood.com\/sl\/wp-json\/wp\/v2\/product_brand?post=42051"},{"taxonomy":"product_cat","embeddable":true,"href":"https:\/\/myspainfood.com\/sl\/wp-json\/wp\/v2\/product_cat?post=42051"},{"taxonomy":"product_tag","embeddable":true,"href":"https:\/\/myspainfood.com\/sl\/wp-json\/wp\/v2\/product_tag?post=42051"}],"curies":[{"name":"wp","href":"https:\/\/api.w.org\/{rel}","templated":true}]}}