{"id":42095,"date":"2025-04-10T12:11:39","date_gmt":"2025-04-10T10:11:39","guid":{"rendered":"https:\/\/myspainfood.com\/producto\/sanmer-crne-biserne-olive-s-koscico-314-ml\/"},"modified":"2025-04-10T12:11:39","modified_gmt":"2025-04-10T10:11:39","slug":"sanmer-crne-biserne-olive-s-koscico-314-ml","status":"publish","type":"product","link":"https:\/\/myspainfood.com\/sl\/producto\/sanmer-crne-biserne-olive-s-koscico-314-ml\/","title":{"rendered":"Sanmer \u010crne biserne olive s ko\u0161\u010dico 314 ml"},"content":{"rendered":"<p>Intenzivna \u010drna barva z mo\u010dnim sijajem, so\u010dno meso in prijetna tekstura. Odli\u010dna priloga sve\u017eim solatam in picam, slastna z vsemi blagimi jedmi. <\/p>\n","protected":false},"excerpt":{"rendered":"<p>Intenzivna \u010drna barva z mo\u010dnim sijajem, so\u010dno meso in prijetna tekstura. Odli\u010dna priloga sve\u017eim solatam in picam, slastna z vsemi blagimi jedmi.<\/p>\n","protected":false},"featured_media":42098,"template":"","meta":{"_et_pb_use_builder":"","_et_pb_old_content":"","_et_gb_content_width":""},"product_brand":[1069,1303],"product_cat":[1720,1717],"product_tag":[8117,2055],"class_list":{"0":"post-42095","1":"product","2":"type-product","3":"status-publish","4":"has-post-thumbnail","6":"product_brand-sangar","7":"product_brand-sanmer","8":"product_cat-oljke","9":"product_cat-pickles-sl","10":"product_tag-crna-sl","11":"product_tag-kamilica-sl","13":"first","14":"outofstock","15":"taxable","16":"shipping-taxable","17":"product-type-variable"},"_links":{"self":[{"href":"https:\/\/myspainfood.com\/sl\/wp-json\/wp\/v2\/product\/42095","targetHints":{"allow":["GET"]}}],"collection":[{"href":"https:\/\/myspainfood.com\/sl\/wp-json\/wp\/v2\/product"}],"about":[{"href":"https:\/\/myspainfood.com\/sl\/wp-json\/wp\/v2\/types\/product"}],"wp:featuredmedia":[{"embeddable":true,"href":"https:\/\/myspainfood.com\/sl\/wp-json\/wp\/v2\/media\/42098"}],"wp:attachment":[{"href":"https:\/\/myspainfood.com\/sl\/wp-json\/wp\/v2\/media?parent=42095"}],"wp:term":[{"taxonomy":"product_brand","embeddable":true,"href":"https:\/\/myspainfood.com\/sl\/wp-json\/wp\/v2\/product_brand?post=42095"},{"taxonomy":"product_cat","embeddable":true,"href":"https:\/\/myspainfood.com\/sl\/wp-json\/wp\/v2\/product_cat?post=42095"},{"taxonomy":"product_tag","embeddable":true,"href":"https:\/\/myspainfood.com\/sl\/wp-json\/wp\/v2\/product_tag?post=42095"}],"curies":[{"name":"wp","href":"https:\/\/api.w.org\/{rel}","templated":true}]}}