{"id":42120,"date":"2025-04-10T12:12:05","date_gmt":"2025-04-10T10:12:05","guid":{"rendered":"https:\/\/myspainfood.com\/producto\/senorio-de-nava-ribera-del-duero-2022-75-cl\/"},"modified":"2026-01-29T12:33:49","modified_gmt":"2026-01-29T11:33:49","slug":"senorio-de-nava-ribera-del-duero-2022-75-cl","status":"publish","type":"product","link":"https:\/\/myspainfood.com\/sl\/producto\/senorio-de-nava-ribera-del-duero-2022-75-cl\/","title":{"rendered":"Se\u00f1or\u00edo De Nava Ribera Del Duero 2022 75 cl"},"content":{"rendered":"<p>Odkrijte pristen okus Ribera del Duero s Se\u00f1or\u00edo De Nava! To presti\u017eno vino z ozna\u010dbo Denominaci\u00f3n de Origen Ribera del Duero odra\u017ea bistvo tega slovitega \u0161panskega vinorodnega okoli\u0161a. <\/p>\n<p>Se\u00f1or\u00edo De Nava Ribera Del Duero je rezultat skrbnega izbora grozdja Tempranillo, simboli\u010dne sorte regije, ki je zraslo v privilegiranih vinogradih, obsijanih s soncem v dolini reke Duero. Po nadzorovani fermentaciji in skrbnem staranju v hrastovih sodih to vino odlikujeta kompleksen zna\u010daj in izjemno ravnovesje. <\/p>\n<p>V okusu se ka\u017eejo intenzivne note zrelega sadja, subtilni pridih hrastovega lesa in dobro izra\u017eena struktura, ki se zaklju\u010di z dolgim, zadovoljivim zaklju\u010dkom. Se\u00f1or\u00edo De Nava Ribera Del Duero je odli\u010dna spremljava za posebne prilo\u017enosti, od elegantnih ve\u010derij do neformalnih dru\u017eenj s prijatelji. <\/p>\n<p>Z vsakim po\u017eirkom vina Se\u00f1or\u00edo De Nava se pustite zapeljati eleganci in tradiciji Ribera del Duero. U\u017eivajte v enolo\u0161ki odli\u010dnosti enega najbolj izjemnih \u0161panskih vinorodnih okoli\u0161ev in s tem izvrstnim vinom poskrbite, da bo vsaka prilo\u017enost nepozabna!  <\/p>\n","protected":false},"excerpt":{"rendered":"<p>Se\u00f1or\u00edo De Nava Ribera Del Duero je rezultat skrbnega izbora grozdja Tempranillo, simboli\u010dne sorte regije, ki je zraslo v privilegiranih vinogradih, obsijanih s soncem v dolini reke Duero. Po nadzorovani fermentaciji in skrbnem staranju v hrastovih sodih to vino odlikujeta kompleksen zna\u010daj in izjemno ravnovesje. <\/p>\n","protected":false},"featured_media":42126,"template":"","meta":{"_et_pb_use_builder":"","_et_pb_old_content":"","_et_gb_content_width":""},"product_brand":[1224],"product_cat":[4854,4856],"product_tag":[],"class_list":{"0":"post-42120","1":"product","2":"type-product","3":"status-publish","4":"has-post-thumbnail","6":"product_brand-senorio-de-nava","7":"product_cat-pijace","8":"product_cat-vino-sl","10":"first","11":"outofstock","12":"taxable","13":"shipping-taxable","14":"product-type-variable"},"_links":{"self":[{"href":"https:\/\/myspainfood.com\/sl\/wp-json\/wp\/v2\/product\/42120","targetHints":{"allow":["GET"]}}],"collection":[{"href":"https:\/\/myspainfood.com\/sl\/wp-json\/wp\/v2\/product"}],"about":[{"href":"https:\/\/myspainfood.com\/sl\/wp-json\/wp\/v2\/types\/product"}],"wp:featuredmedia":[{"embeddable":true,"href":"https:\/\/myspainfood.com\/sl\/wp-json\/wp\/v2\/media\/42126"}],"wp:attachment":[{"href":"https:\/\/myspainfood.com\/sl\/wp-json\/wp\/v2\/media?parent=42120"}],"wp:term":[{"taxonomy":"product_brand","embeddable":true,"href":"https:\/\/myspainfood.com\/sl\/wp-json\/wp\/v2\/product_brand?post=42120"},{"taxonomy":"product_cat","embeddable":true,"href":"https:\/\/myspainfood.com\/sl\/wp-json\/wp\/v2\/product_cat?post=42120"},{"taxonomy":"product_tag","embeddable":true,"href":"https:\/\/myspainfood.com\/sl\/wp-json\/wp\/v2\/product_tag?post=42120"}],"curies":[{"name":"wp","href":"https:\/\/api.w.org\/{rel}","templated":true}]}}