{"id":42152,"date":"2025-04-10T12:11:27","date_gmt":"2025-04-10T10:11:27","guid":{"rendered":"https:\/\/myspainfood.com\/producto\/roscos-de-vino-y-almenda-vrecka-300-gramov-la-ponderosa\/"},"modified":"2025-04-10T12:11:27","modified_gmt":"2025-04-10T10:11:27","slug":"roscos-de-vino-y-almenda-vrecka-300-gramov-la-ponderosa","status":"publish","type":"product","link":"https:\/\/myspainfood.com\/sl\/producto\/roscos-de-vino-y-almenda-vrecka-300-gramov-la-ponderosa\/","title":{"rendered":"Roscos de vino y almenda vre\u010dka 300 gramov La Ponderosa"},"content":{"rendered":"<p>Krofi z vinom in mandlji so me\u0161anica proizvoda, ki je zaradi svojega okusa in gladke teksture tradicionalen izdelek, ki zadovolji tudi najzahtevnej\u0161e brbon\u010dice.<\/p>\n<p>Sestavine<\/p>\n<p>P\u0161eni\u010dna moka, iberska mast (antioksidant: E-320), sladkor, vino (vsebuje sulfite) (12 %), mandlji (5 %), jane\u017e, cimet, sezamova semena, aroma jane\u017ea in aroma limone. Lahko vsebuje sledi ara\u0161idov. <\/p>\n<p>Alergeni<\/p>\n<p>Vsebuje gluten, ore\u0161\u010dke, sezam in sulfite. Lahko vsebuje sledi ara\u0161idov. <\/p>\n","protected":false},"excerpt":{"rendered":"<p>Krofi z vinom in mandlji so me\u0161anica proizvoda, ki je zaradi svojega okusa in gladke teksture tradicionalen izdelek, ki zadovolji tudi najzahtevnej\u0161e brbon\u010dice. Sestavine P\u0161eni\u010dna moka, iberska mast (antioksidant: E-320), sladkor, vino (vsebuje sulfite) (12 %), mandlji (5 %), jane\u017e, cimet, sezamova semena, aroma jane\u017ea in aroma limone. Lahko vsebuje sledi ara\u0161idov. Alergeni Vsebuje gluten, [&hellip;]<\/p>\n","protected":false},"featured_media":42156,"template":"","meta":{"_et_pb_use_builder":"","_et_pb_old_content":"","_et_gb_content_width":""},"product_brand":[1417],"product_cat":[1983,7702],"product_tag":[],"class_list":{"0":"post-42152","1":"product","2":"type-product","3":"status-publish","4":"has-post-thumbnail","6":"product_brand-la-ponderosa","7":"product_cat-ohranja","8":"product_cat-posebni-bozicni-program","10":"first","11":"outofstock","12":"taxable","13":"shipping-taxable","14":"product-type-variable"},"_links":{"self":[{"href":"https:\/\/myspainfood.com\/sl\/wp-json\/wp\/v2\/product\/42152","targetHints":{"allow":["GET"]}}],"collection":[{"href":"https:\/\/myspainfood.com\/sl\/wp-json\/wp\/v2\/product"}],"about":[{"href":"https:\/\/myspainfood.com\/sl\/wp-json\/wp\/v2\/types\/product"}],"wp:featuredmedia":[{"embeddable":true,"href":"https:\/\/myspainfood.com\/sl\/wp-json\/wp\/v2\/media\/42156"}],"wp:attachment":[{"href":"https:\/\/myspainfood.com\/sl\/wp-json\/wp\/v2\/media?parent=42152"}],"wp:term":[{"taxonomy":"product_brand","embeddable":true,"href":"https:\/\/myspainfood.com\/sl\/wp-json\/wp\/v2\/product_brand?post=42152"},{"taxonomy":"product_cat","embeddable":true,"href":"https:\/\/myspainfood.com\/sl\/wp-json\/wp\/v2\/product_cat?post=42152"},{"taxonomy":"product_tag","embeddable":true,"href":"https:\/\/myspainfood.com\/sl\/wp-json\/wp\/v2\/product_tag?post=42152"}],"curies":[{"name":"wp","href":"https:\/\/api.w.org\/{rel}","templated":true}]}}