{"id":42176,"date":"2025-04-10T12:11:27","date_gmt":"2025-04-10T10:11:27","guid":{"rendered":"https:\/\/myspainfood.com\/producto\/domaci-kruhek-500-gramov-vrecke-la-ponderosa\/"},"modified":"2025-04-10T12:11:27","modified_gmt":"2025-04-10T10:11:27","slug":"domaci-kruhek-500-gramov-vrecke-la-ponderosa","status":"publish","type":"product","link":"https:\/\/myspainfood.com\/sl\/producto\/domaci-kruhek-500-gramov-vrecke-la-ponderosa\/","title":{"rendered":"Doma\u010di kruhek 500 gramov vre\u010dke La Ponderosa"},"content":{"rendered":"<p>\u010cokolada, limona, cimet &#8230; Na trgu je na voljo veliko okusov mantecadosa, a \u010de so nekateri obvezni na bo\u017ei\u010dni mizi, so to doma\u010di mantecadosi. Zaradi me\u0161anice kakovosti, saj so na\u0161i doma\u010di mantecadosi izdelani iz najbolj\u0161ih sestavin, obrti in tradicije izdelka, ki se v na\u0161i dr\u017eavi tr\u017ei \u017ee vrsto let, so med najbolj prodajanimi izdelki med na\u0161imi kupci. <\/p>\n<p>Sestavine:<\/p>\n<p>P\u0161eni\u010dna moka, sladkor, iberska mast (antioksidant: E-320), cimet in sezamova semena. Lahko vsebuje sledi ore\u0161\u010dkov, ara\u0161idov in sulfitov. <\/p>\n<p>Alergeni<\/p>\n<p>Vsebuje gluten in sezam. Lahko vsebuje sledi ore\u0161\u010dkov, ara\u0161idov in sulfitov. <\/p>\n","protected":false},"excerpt":{"rendered":"<p>\u010cokolada, limona, cimet &#8230; Na trgu je na voljo veliko okusov mantecadosa, a \u010de so nekateri obvezni na bo\u017ei\u010dni mizi, so to doma\u010di mantecadosi. Zaradi me\u0161anice kakovosti, saj so na\u0161i doma\u010di mantecadosi izdelani iz najbolj\u0161ih sestavin, obrti in tradicije izdelka, ki se v na\u0161i dr\u017eavi tr\u017ei \u017ee vrsto let, so med najbolj prodajanimi izdelki med [&hellip;]<\/p>\n","protected":false},"featured_media":42182,"template":"","meta":{"_et_pb_use_builder":"","_et_pb_old_content":"","_et_gb_content_width":""},"product_brand":[1417],"product_cat":[1983,7702],"product_tag":[],"class_list":{"0":"post-42176","1":"product","2":"type-product","3":"status-publish","4":"has-post-thumbnail","6":"product_brand-la-ponderosa","7":"product_cat-ohranja","8":"product_cat-posebni-bozicni-program","10":"first","11":"outofstock","12":"taxable","13":"shipping-taxable","14":"product-type-variable"},"_links":{"self":[{"href":"https:\/\/myspainfood.com\/sl\/wp-json\/wp\/v2\/product\/42176","targetHints":{"allow":["GET"]}}],"collection":[{"href":"https:\/\/myspainfood.com\/sl\/wp-json\/wp\/v2\/product"}],"about":[{"href":"https:\/\/myspainfood.com\/sl\/wp-json\/wp\/v2\/types\/product"}],"wp:featuredmedia":[{"embeddable":true,"href":"https:\/\/myspainfood.com\/sl\/wp-json\/wp\/v2\/media\/42182"}],"wp:attachment":[{"href":"https:\/\/myspainfood.com\/sl\/wp-json\/wp\/v2\/media?parent=42176"}],"wp:term":[{"taxonomy":"product_brand","embeddable":true,"href":"https:\/\/myspainfood.com\/sl\/wp-json\/wp\/v2\/product_brand?post=42176"},{"taxonomy":"product_cat","embeddable":true,"href":"https:\/\/myspainfood.com\/sl\/wp-json\/wp\/v2\/product_cat?post=42176"},{"taxonomy":"product_tag","embeddable":true,"href":"https:\/\/myspainfood.com\/sl\/wp-json\/wp\/v2\/product_tag?post=42176"}],"curies":[{"name":"wp","href":"https:\/\/api.w.org\/{rel}","templated":true}]}}