{"id":42291,"date":"2025-04-10T12:11:39","date_gmt":"2025-04-10T10:11:39","guid":{"rendered":"https:\/\/myspainfood.com\/producto\/novozelandske-skoljke-ocvrte-v-kisli-omaki-7-10-kosov-portonovo\/"},"modified":"2025-04-10T12:11:39","modified_gmt":"2025-04-10T10:11:39","slug":"novozelandske-skoljke-ocvrte-v-kisli-omaki-7-10-kosov-portonovo","status":"publish","type":"product","link":"https:\/\/myspainfood.com\/sl\/producto\/novozelandske-skoljke-ocvrte-v-kisli-omaki-7-10-kosov-portonovo\/","title":{"rendered":"Novozelandske \u0161koljke, ocvrte v kisli omaki 7-10 kosov Portonovo"},"content":{"rendered":"<p>Kuhane in ocvrte v son\u010dni\u010dnem olju. Bicek se odstrani ro\u010dno in pakira eden za drugim. Spremlja ga edinstvena marinada iz popolnoma naravnih sestavin. Sestavine: Sestavine: novozelandske \u0161koljke, eskabe\u0161 (son\u010dni\u010dno olje, rde\u010di vinski kis, voda, naravne arome, za\u010dimbe in sol).   <\/p>\n","protected":false},"excerpt":{"rendered":"<p>Kuhane in ocvrte v son\u010dni\u010dnem olju. Bicek se odstrani ro\u010dno in pakira eden za drugim. Spremlja ga edinstvena marinada iz popolnoma naravnih sestavin. Sestavine: Sestavine: novozelandske \u0161koljke, eskabe\u0161 (son\u010dni\u010dno olje, rde\u010di vinski kis, voda, naravne arome, za\u010dimbe in sol).<\/p>\n","protected":false},"featured_media":42295,"template":"","meta":{"_et_pb_use_builder":"","_et_pb_old_content":"","_et_gb_content_width":""},"product_brand":[1428],"product_cat":[1983,3883],"product_tag":[],"class_list":{"0":"post-42291","1":"product","2":"type-product","3":"status-publish","4":"has-post-thumbnail","6":"product_brand-portonovo","7":"product_cat-ohranja","8":"product_cat-skoljke-sl-2","10":"first","11":"instock","12":"taxable","13":"shipping-taxable","14":"purchasable","15":"product-type-variable"},"_links":{"self":[{"href":"https:\/\/myspainfood.com\/sl\/wp-json\/wp\/v2\/product\/42291","targetHints":{"allow":["GET"]}}],"collection":[{"href":"https:\/\/myspainfood.com\/sl\/wp-json\/wp\/v2\/product"}],"about":[{"href":"https:\/\/myspainfood.com\/sl\/wp-json\/wp\/v2\/types\/product"}],"wp:featuredmedia":[{"embeddable":true,"href":"https:\/\/myspainfood.com\/sl\/wp-json\/wp\/v2\/media\/42295"}],"wp:attachment":[{"href":"https:\/\/myspainfood.com\/sl\/wp-json\/wp\/v2\/media?parent=42291"}],"wp:term":[{"taxonomy":"product_brand","embeddable":true,"href":"https:\/\/myspainfood.com\/sl\/wp-json\/wp\/v2\/product_brand?post=42291"},{"taxonomy":"product_cat","embeddable":true,"href":"https:\/\/myspainfood.com\/sl\/wp-json\/wp\/v2\/product_cat?post=42291"},{"taxonomy":"product_tag","embeddable":true,"href":"https:\/\/myspainfood.com\/sl\/wp-json\/wp\/v2\/product_tag?post=42291"}],"curies":[{"name":"wp","href":"https:\/\/api.w.org\/{rel}","templated":true}]}}