{"id":42424,"date":"2025-04-10T12:12:05","date_gmt":"2025-04-10T10:12:05","guid":{"rendered":"https:\/\/myspainfood.com\/producto\/santos-sodupe-rioja-mladi-titis-rose\/"},"modified":"2026-01-29T12:38:41","modified_gmt":"2026-01-29T11:38:41","slug":"santos-sodupe-rioja-mladi-titis-rose","status":"publish","type":"product","link":"https:\/\/myspainfood.com\/sl\/producto\/santos-sodupe-rioja-mladi-titis-rose\/","title":{"rendered":"Santos Sodupe Rioja mladi TITIS ROS\u00c9"},"content":{"rendered":"<p>Roza<\/p>\n<p>Hladna maceracija<\/p>\n<p>Nizkotla\u010dno stiskanje, prosto teko\u010di sok<\/p>\n<p>\u010ci\u0161\u010denje flotacije<\/p>\n<p>Fermentacija z nadzorovano temperaturo<\/p>\n<p>Tehni\u010dne specifikacije<\/p>\n<p>  Mladi ros\u00e9<\/p>\n<p>  100 % rde\u010di grenache<\/p>\n<p>  Bodegas Santos Sodupe<\/p>\n<p>  San Asensio, La Rioja<\/p>\n<p>  D.O.C. Rioja<\/p>\n<p>  75cl \/ 12,5% vol.<\/p>\n<p>  Vsebuje sulfite<\/p>\n<p>degustacija<\/p>\n<p>Bledo \u010dista roza barva, lososovi odtenki<\/p>\n<p>Ovojnica in eleganca, belo sadje in agrumi<\/p>\n<p>Dolg in blag, eleganten in dolgotrajen<\/p>\n","protected":false},"excerpt":{"rendered":"<p>Roza Hladna maceracija Nizkotla\u010dno stiskanje, prosto teko\u010di sok \u010ci\u0161\u010denje flotacije Fermentacija z nadzorovano temperaturo Tehni\u010dne specifikacije Mladi ros\u00e9 100 % rde\u010di grenache Bodegas Santos Sodupe San Asensio, La Rioja D.O.C. Rioja 75cl \/ 12,5% vol. Vsebuje sulfite degustacija Bledo \u010dista roza barva, lososovi odtenki Ovojnica in eleganca, belo sadje in agrumi Dolg in blag, eleganten [&hellip;]<\/p>\n","protected":false},"featured_media":42430,"template":"","meta":{"_et_pb_use_builder":"","_et_pb_old_content":"","_et_gb_content_width":""},"product_brand":[1459],"product_cat":[4854,4856],"product_tag":[],"class_list":{"0":"post-42424","1":"product","2":"type-product","3":"status-publish","4":"has-post-thumbnail","6":"product_brand-santos-sodupe","7":"product_cat-pijace","8":"product_cat-vino-sl","10":"first","11":"outofstock","12":"taxable","13":"shipping-taxable","14":"product-type-variable"},"_links":{"self":[{"href":"https:\/\/myspainfood.com\/sl\/wp-json\/wp\/v2\/product\/42424","targetHints":{"allow":["GET"]}}],"collection":[{"href":"https:\/\/myspainfood.com\/sl\/wp-json\/wp\/v2\/product"}],"about":[{"href":"https:\/\/myspainfood.com\/sl\/wp-json\/wp\/v2\/types\/product"}],"wp:featuredmedia":[{"embeddable":true,"href":"https:\/\/myspainfood.com\/sl\/wp-json\/wp\/v2\/media\/42430"}],"wp:attachment":[{"href":"https:\/\/myspainfood.com\/sl\/wp-json\/wp\/v2\/media?parent=42424"}],"wp:term":[{"taxonomy":"product_brand","embeddable":true,"href":"https:\/\/myspainfood.com\/sl\/wp-json\/wp\/v2\/product_brand?post=42424"},{"taxonomy":"product_cat","embeddable":true,"href":"https:\/\/myspainfood.com\/sl\/wp-json\/wp\/v2\/product_cat?post=42424"},{"taxonomy":"product_tag","embeddable":true,"href":"https:\/\/myspainfood.com\/sl\/wp-json\/wp\/v2\/product_tag?post=42424"}],"curies":[{"name":"wp","href":"https:\/\/api.w.org\/{rel}","templated":true}]}}