{"id":42425,"date":"2025-04-10T12:11:40","date_gmt":"2025-04-10T10:11:40","guid":{"rendered":"https:\/\/myspainfood.com\/producto\/nieva-cojonudos-beli-sparglji-extra-13-16-zelo-debeli\/"},"modified":"2025-04-10T12:11:40","modified_gmt":"2025-04-10T10:11:40","slug":"nieva-cojonudos-beli-sparglji-extra-13-16-zelo-debeli","status":"publish","type":"product","link":"https:\/\/myspainfood.com\/sl\/producto\/nieva-cojonudos-beli-sparglji-extra-13-16-zelo-debeli\/","title":{"rendered":"Nieva &#8221;Cojonudos&#8221; Beli \u0161parglji Extra 13\/16 Zelo debeli"},"content":{"rendered":"<p>Potopite se v prefinjenost zelo debelih belih \u0161pargljev iz Nieve in odkrijte edinstveno kulinari\u010dno izku\u0161njo! Vsak \u0161pargl je skrbno izbran in pridelan na najbolj rodovitnih zemlji\u0161\u010dih, kar zagotavlja najvi\u0161jo kakovost in sve\u017eino v vsakem gri\u017eljaju. <\/p>\n<p>Beli \u0161parglji blagovne znamke Nieva se odlikujejo po veliki velikosti in \u010dvrsti, so\u010dni strukturi. Zaradi izjemno velikega premera so ti \u0161parglji odli\u010dna izbira za vse, ki si \u017eelijo intenzivnega okusa in okusne konsistence vsake porcije. <\/p>\n<p>Na\u0161i beli \u0161parglji, pridobljeni na najbolj skrbno obdelanih poljih in obrani ob optimalni zrelosti, so zaklad narave, ki bo navdu\u0161il va\u0161e brbon\u010dice in va\u0161e jedi dvignil v nove gastronomske vi\u0161ave.<\/p>\n<p>U\u017eivajte v njihovem blagem, rahlo grenkem okusu in ne\u017eni, a \u010dvrsti strukturi. Zelo debeli beli \u0161parglji Nieva so odli\u010dna izbira za ljubitelje dobre kuhinje, ne glede na to, ali jih u\u017eivate kot prilogo k glavnim jedem, jih dodate sve\u017eim solatam ali vklju\u010dite v gurmanske recepte. <\/p>\n<p>Presenetite svoje goste z gastronomsko odli\u010dnostjo na\u0161ih belih \u0161pargljev in spremenite vsak obrok v nepozabno do\u017eivetje. Kupite jih zdaj in odkrijte, zakaj je Nieva sinonim za izjemno kakovost in okus v vsakem gri\u017eljaju! <\/p>\n","protected":false},"excerpt":{"rendered":"<p>Potopite se v prefinjenost zelo debelih belih \u0161pargljev iz Nieve in odkrijte edinstveno kulinari\u010dno izku\u0161njo! Vsak \u0161pargl je skrbno izbran in pridelan na najbolj rodovitnih zemlji\u0161\u010dih, kar zagotavlja najvi\u0161jo kakovost in sve\u017eino v vsakem gri\u017eljaju. <\/p>\n","protected":false},"featured_media":42433,"template":"","meta":{"_et_pb_use_builder":"","_et_pb_old_content":"","_et_gb_content_width":""},"product_brand":[1458],"product_cat":[1983,6311],"product_tag":[],"class_list":{"0":"post-42425","1":"product","2":"type-product","3":"status-publish","4":"has-post-thumbnail","6":"product_brand-nieva-cojonudos","7":"product_cat-ohranja","8":"product_cat-sparglji","10":"first","11":"outofstock","12":"taxable","13":"shipping-taxable","14":"product-type-variable"},"_links":{"self":[{"href":"https:\/\/myspainfood.com\/sl\/wp-json\/wp\/v2\/product\/42425","targetHints":{"allow":["GET"]}}],"collection":[{"href":"https:\/\/myspainfood.com\/sl\/wp-json\/wp\/v2\/product"}],"about":[{"href":"https:\/\/myspainfood.com\/sl\/wp-json\/wp\/v2\/types\/product"}],"wp:featuredmedia":[{"embeddable":true,"href":"https:\/\/myspainfood.com\/sl\/wp-json\/wp\/v2\/media\/42433"}],"wp:attachment":[{"href":"https:\/\/myspainfood.com\/sl\/wp-json\/wp\/v2\/media?parent=42425"}],"wp:term":[{"taxonomy":"product_brand","embeddable":true,"href":"https:\/\/myspainfood.com\/sl\/wp-json\/wp\/v2\/product_brand?post=42425"},{"taxonomy":"product_cat","embeddable":true,"href":"https:\/\/myspainfood.com\/sl\/wp-json\/wp\/v2\/product_cat?post=42425"},{"taxonomy":"product_tag","embeddable":true,"href":"https:\/\/myspainfood.com\/sl\/wp-json\/wp\/v2\/product_tag?post=42425"}],"curies":[{"name":"wp","href":"https:\/\/api.w.org\/{rel}","templated":true}]}}