{"id":42441,"date":"2025-04-10T12:12:05","date_gmt":"2025-04-10T10:12:05","guid":{"rendered":"https:\/\/myspainfood.com\/producto\/la-vieja-fabrica-dzem-iz-grenke-pomarance-280-g\/"},"modified":"2025-04-10T12:12:05","modified_gmt":"2025-04-10T10:12:05","slug":"la-vieja-fabrica-dzem-iz-grenke-pomarance-280-g","status":"publish","type":"product","link":"https:\/\/myspainfood.com\/sl\/producto\/la-vieja-fabrica-dzem-iz-grenke-pomarance-280-g\/","title":{"rendered":"La Vieja F\u00e1brica D\u017eem iz grenke pomaran\u010de 280 g"},"content":{"rendered":"<p>Marmelada iz grenkih pomaran\u010d La Vieja F\u00e1brica je tradicionalni \u0161panski izdelek, ki ga odlikuje pristen in okusen okus. Izdelana je iz najbolj\u0161ih grenkih pomaran\u010d in po tradicionalnih receptih ter zagotavlja popolno ravnovesje med sladkostjo in grenkobo. Ta marmelada je idealna za zajtrke, prigrizke ali sladice, saj na va\u0161o mizo prina\u0161a bogastvo tradicionalnih okusov \u0160panije.  <\/p>\n<p>&nbsp;<\/p>\n<p><span class=\"info-key \"><strong>Ime \u017eivila:<\/strong><\/span> Grenka pomaran\u010dna marmelada<\/p>\n<p><span class=\"info-key \"><strong>Ime izvajalca<\/strong><\/span>: \u00c1ngel Camacho Alimentaci\u00f3n, S.L.<\/p>\n<p><span class=\"info-key \"><strong>Naslov upravljavca:<\/strong><\/span> Avda. del Pilar, 6 - 41530 Mor\u00f3n de la Frontera (Sevilla)<\/p>\n<p><span class=\"info-key \"><strong>Kraj porekla \u017eivila:<\/strong><\/span> Izdelek iz \u0160panije<\/p>\n<p><span class=\"info-key \"><strong>Neto koli\u010dina:<\/strong><\/span> 365 g<\/p>\n<p><span class=\"info-key \"><strong>Drugi obvezni podatki za ozna\u010devanje<\/strong><\/span>: izdelano iz 40 g pomaran\u010d na 100 g.<\/p>\n<p><strong>Skupna vsebnost sladkorja<\/strong> 65 g na 100 g.<\/p>\n","protected":false},"excerpt":{"rendered":"<p>Marmelada iz grenkih pomaran\u010d La Vieja F\u00e1brica je tradicionalni \u0161panski izdelek, ki ga odlikuje pristen in okusen okus. Izdelana je iz najbolj\u0161ih grenkih pomaran\u010d in po tradicionalnih receptih ter zagotavlja popolno ravnovesje med sladkostjo in grenkobo. Ta marmelada je idealna za zajtrke, prigrizke ali sladice, saj na va\u0161o mizo prina\u0161a bogastvo tradicionalnih okusov \u0160panije. &nbsp; [&hellip;]<\/p>\n","protected":false},"featured_media":42447,"template":"","meta":{"_et_pb_use_builder":"","_et_pb_old_content":"","_et_gb_content_width":""},"product_brand":[1460],"product_cat":[1983],"product_tag":[],"class_list":{"0":"post-42441","1":"product","2":"type-product","3":"status-publish","4":"has-post-thumbnail","6":"product_brand-la-vieja-fabrica","7":"product_cat-ohranja","9":"first","10":"outofstock","11":"taxable","12":"shipping-taxable","13":"product-type-variable"},"_links":{"self":[{"href":"https:\/\/myspainfood.com\/sl\/wp-json\/wp\/v2\/product\/42441","targetHints":{"allow":["GET"]}}],"collection":[{"href":"https:\/\/myspainfood.com\/sl\/wp-json\/wp\/v2\/product"}],"about":[{"href":"https:\/\/myspainfood.com\/sl\/wp-json\/wp\/v2\/types\/product"}],"wp:featuredmedia":[{"embeddable":true,"href":"https:\/\/myspainfood.com\/sl\/wp-json\/wp\/v2\/media\/42447"}],"wp:attachment":[{"href":"https:\/\/myspainfood.com\/sl\/wp-json\/wp\/v2\/media?parent=42441"}],"wp:term":[{"taxonomy":"product_brand","embeddable":true,"href":"https:\/\/myspainfood.com\/sl\/wp-json\/wp\/v2\/product_brand?post=42441"},{"taxonomy":"product_cat","embeddable":true,"href":"https:\/\/myspainfood.com\/sl\/wp-json\/wp\/v2\/product_cat?post=42441"},{"taxonomy":"product_tag","embeddable":true,"href":"https:\/\/myspainfood.com\/sl\/wp-json\/wp\/v2\/product_tag?post=42441"}],"curies":[{"name":"wp","href":"https:\/\/api.w.org\/{rel}","templated":true}]}}