{"id":42499,"date":"2025-04-10T12:12:29","date_gmt":"2025-04-10T10:12:29","guid":{"rendered":"https:\/\/myspainfood.com\/producto\/santos-sodupe-rioja-young-red-descuido\/"},"modified":"2026-01-29T12:48:32","modified_gmt":"2026-01-29T11:48:32","slug":"santos-sodupe-rioja-young-red-descuido","status":"publish","type":"product","link":"https:\/\/myspainfood.com\/sl\/producto\/santos-sodupe-rioja-young-red-descuido\/","title":{"rendered":"Santos Sodupe Rioja Young Red DESCUIDO"},"content":{"rendered":"<p>Tradicionalna karbonska maceracija<\/p>\n<p>Hladna maceracija<\/p>\n<p>Nizkotla\u010dno stiskanje, prosto teko\u010di sok<\/p>\n<p>\u010ci\u0161\u010denje z dekantiranjem (odstranjevanjem mulja)<\/p>\n<p>Fermentacija z nadzorovano temperaturo<\/p>\n<p>Pridelek, izbran na vinski trti<\/p>\n<p>Tehni\u010dne specifikacije<\/p>\n<p>Mladi rde\u010di<\/p>\n<p>85% tempranillo, 10% viura, 5% graciano<\/p>\n<p>Bodegas Santos Sodupe<\/p>\n<p>San Asensio, La Rioja<\/p>\n<p>D.O.C. Rioja<\/p>\n<p>75cl \/ 12,5% vol.<\/p>\n<p>Vsebuje sulfite<\/p>\n","protected":false},"excerpt":{"rendered":"<p>Tradicionalna karbonska maceracija Hladna maceracija Nizkotla\u010dno stiskanje, prosto teko\u010di sok \u010ci\u0161\u010denje z dekantiranjem (odstranjevanjem mulja) Fermentacija z nadzorovano temperaturo Pridelek, izbran na vinski trti Tehni\u010dne specifikacije Mladi rde\u010di 85% tempranillo, 10% viura, 5% graciano Bodegas Santos Sodupe San Asensio, La Rioja D.O.C. Rioja 75cl \/ 12,5% vol. Vsebuje sulfite<\/p>\n","protected":false},"featured_media":42505,"template":"","meta":{"_et_pb_use_builder":"","_et_pb_old_content":"","_et_gb_content_width":""},"product_brand":[1459],"product_cat":[4854,6259],"product_tag":[],"class_list":{"0":"post-42499","1":"product","2":"type-product","3":"status-publish","4":"has-post-thumbnail","6":"product_brand-santos-sodupe","7":"product_cat-pijace","8":"product_cat-vino-sl-3","10":"first","11":"outofstock","12":"taxable","13":"shipping-taxable","14":"product-type-variable"},"_links":{"self":[{"href":"https:\/\/myspainfood.com\/sl\/wp-json\/wp\/v2\/product\/42499","targetHints":{"allow":["GET"]}}],"collection":[{"href":"https:\/\/myspainfood.com\/sl\/wp-json\/wp\/v2\/product"}],"about":[{"href":"https:\/\/myspainfood.com\/sl\/wp-json\/wp\/v2\/types\/product"}],"wp:featuredmedia":[{"embeddable":true,"href":"https:\/\/myspainfood.com\/sl\/wp-json\/wp\/v2\/media\/42505"}],"wp:attachment":[{"href":"https:\/\/myspainfood.com\/sl\/wp-json\/wp\/v2\/media?parent=42499"}],"wp:term":[{"taxonomy":"product_brand","embeddable":true,"href":"https:\/\/myspainfood.com\/sl\/wp-json\/wp\/v2\/product_brand?post=42499"},{"taxonomy":"product_cat","embeddable":true,"href":"https:\/\/myspainfood.com\/sl\/wp-json\/wp\/v2\/product_cat?post=42499"},{"taxonomy":"product_tag","embeddable":true,"href":"https:\/\/myspainfood.com\/sl\/wp-json\/wp\/v2\/product_tag?post=42499"}],"curies":[{"name":"wp","href":"https:\/\/api.w.org\/{rel}","templated":true}]}}