{"id":42809,"date":"2025-04-10T12:11:27","date_gmt":"2025-04-10T10:11:27","guid":{"rendered":"https:\/\/myspainfood.com\/producto\/sortiment-don-bosco-polvorones-700-gramov-skatla-la-ponderosa\/"},"modified":"2025-04-10T12:11:27","modified_gmt":"2025-04-10T10:11:27","slug":"sortiment-don-bosco-polvorones-700-gramov-skatla-la-ponderosa","status":"publish","type":"product","link":"https:\/\/myspainfood.com\/sl\/producto\/sortiment-don-bosco-polvorones-700-gramov-skatla-la-ponderosa\/","title":{"rendered":"Sortiment Don Bosco polvorones 700 gramov \u0161katla La Ponderosa"},"content":{"rendered":"<p>Opis<\/p>\n<p> V tej mini vre\u010dki s ponudbo 700 gramov boste na\u0161li najbolj tradicionalne bo\u017ei\u010dne izdelke.  <\/p>\n","protected":false},"excerpt":{"rendered":"<p>Opis V tej mini vre\u010dki s ponudbo 700 gramov boste na\u0161li najbolj tradicionalne bo\u017ei\u010dne izdelke.<\/p>\n","protected":false},"featured_media":42812,"template":"","meta":{"_et_pb_use_builder":"","_et_pb_old_content":"","_et_gb_content_width":""},"product_brand":[1417],"product_cat":[1983,7702],"product_tag":[],"class_list":{"0":"post-42809","1":"product","2":"type-product","3":"status-publish","4":"has-post-thumbnail","6":"product_brand-la-ponderosa","7":"product_cat-ohranja","8":"product_cat-posebni-bozicni-program","10":"first","11":"outofstock","12":"taxable","13":"shipping-taxable","14":"product-type-variable"},"_links":{"self":[{"href":"https:\/\/myspainfood.com\/sl\/wp-json\/wp\/v2\/product\/42809","targetHints":{"allow":["GET"]}}],"collection":[{"href":"https:\/\/myspainfood.com\/sl\/wp-json\/wp\/v2\/product"}],"about":[{"href":"https:\/\/myspainfood.com\/sl\/wp-json\/wp\/v2\/types\/product"}],"wp:featuredmedia":[{"embeddable":true,"href":"https:\/\/myspainfood.com\/sl\/wp-json\/wp\/v2\/media\/42812"}],"wp:attachment":[{"href":"https:\/\/myspainfood.com\/sl\/wp-json\/wp\/v2\/media?parent=42809"}],"wp:term":[{"taxonomy":"product_brand","embeddable":true,"href":"https:\/\/myspainfood.com\/sl\/wp-json\/wp\/v2\/product_brand?post=42809"},{"taxonomy":"product_cat","embeddable":true,"href":"https:\/\/myspainfood.com\/sl\/wp-json\/wp\/v2\/product_cat?post=42809"},{"taxonomy":"product_tag","embeddable":true,"href":"https:\/\/myspainfood.com\/sl\/wp-json\/wp\/v2\/product_tag?post=42809"}],"curies":[{"name":"wp","href":"https:\/\/api.w.org\/{rel}","templated":true}]}}