{"id":42920,"date":"2025-04-10T12:11:37","date_gmt":"2025-04-10T10:11:37","guid":{"rendered":"https:\/\/myspainfood.com\/producto\/medvedki-ki-risejo-nasmehe-1-kg-damel\/"},"modified":"2025-04-10T12:11:37","modified_gmt":"2025-04-10T10:11:37","slug":"medvedki-ki-risejo-nasmehe-1-kg-damel","status":"publish","type":"product","link":"https:\/\/myspainfood.com\/sl\/producto\/medvedki-ki-risejo-nasmehe-1-kg-damel\/","title":{"rendered":"Medvedki, ki ri\u0161ejo nasmehe 1 kg DAMEL"},"content":{"rendered":"","protected":false},"excerpt":{"rendered":"<p>Damel je zabaven svet, v katerem se boste dobro po\u010dutili. Vsaki\u010d, ko odprete vre\u010dko Damel, se vam na obrazu nari\u0161e nasmeh zadovoljstva in u\u017eitka.<\/p>\n<p>Pri podjetju Damel boste na\u0161li \u0161iroko paleto visokokakovostnih izdelkov, polnih okusov, barv in tekstur. Namenjeni so vam kadar koli in za vsako prilo\u017enost: od majhnih vre\u010dk, velikih formatov, me\u0161anih okusov ali okusa, ki ga imate najraje! <\/p>\n","protected":false},"featured_media":42924,"template":"","meta":{"_et_pb_use_builder":"","_et_pb_old_content":"","_et_gb_content_width":""},"product_brand":[1435],"product_cat":[1983,7702],"product_tag":[],"class_list":{"0":"post-42920","1":"product","2":"type-product","3":"status-publish","4":"has-post-thumbnail","6":"product_brand-damel","7":"product_cat-ohranja","8":"product_cat-posebni-bozicni-program","10":"first","11":"outofstock","12":"taxable","13":"shipping-taxable","14":"purchasable","15":"product-type-simple"},"_links":{"self":[{"href":"https:\/\/myspainfood.com\/sl\/wp-json\/wp\/v2\/product\/42920","targetHints":{"allow":["GET"]}}],"collection":[{"href":"https:\/\/myspainfood.com\/sl\/wp-json\/wp\/v2\/product"}],"about":[{"href":"https:\/\/myspainfood.com\/sl\/wp-json\/wp\/v2\/types\/product"}],"wp:featuredmedia":[{"embeddable":true,"href":"https:\/\/myspainfood.com\/sl\/wp-json\/wp\/v2\/media\/42924"}],"wp:attachment":[{"href":"https:\/\/myspainfood.com\/sl\/wp-json\/wp\/v2\/media?parent=42920"}],"wp:term":[{"taxonomy":"product_brand","embeddable":true,"href":"https:\/\/myspainfood.com\/sl\/wp-json\/wp\/v2\/product_brand?post=42920"},{"taxonomy":"product_cat","embeddable":true,"href":"https:\/\/myspainfood.com\/sl\/wp-json\/wp\/v2\/product_cat?post=42920"},{"taxonomy":"product_tag","embeddable":true,"href":"https:\/\/myspainfood.com\/sl\/wp-json\/wp\/v2\/product_tag?post=42920"}],"curies":[{"name":"wp","href":"https:\/\/api.w.org\/{rel}","templated":true}]}}