{"id":43018,"date":"2025-04-10T12:12:05","date_gmt":"2025-04-10T10:12:05","guid":{"rendered":"https:\/\/myspainfood.com\/producto\/santos-sodupe-rioja-podpisano-rdece-vino-graciano-rioja\/"},"modified":"2026-01-29T12:26:33","modified_gmt":"2026-01-29T11:26:33","slug":"santos-sodupe-rioja-podpisano-rdece-vino-graciano-rioja","status":"publish","type":"product","link":"https:\/\/myspainfood.com\/sl\/producto\/santos-sodupe-rioja-podpisano-rdece-vino-graciano-rioja\/","title":{"rendered":"Santos Sodupe Rioja podpisano rde\u010de vino GRACIANO Rioja"},"content":{"rendered":"<p>100 % Graciano<\/p>\n<p>16 mesecev v hrastovih sodih<\/p>\n<p>Francoski<\/p>\n<p>Stare trte<\/p>\n<p>Pridelek, izbran na vinski trti<\/p>\n<p>Zlata medalja Top vino 2021<\/p>\n<p>Civas Gold Zlata medalja 2023<\/p>\n<p>Tehni\u010dne specifikacije<\/p>\n<p>Podpisano rde\u010de vino<\/p>\n<p>100 % graciano<\/p>\n<p>Bodegas Santos Sodupe<\/p>\n<p>San Asensio, La Rioja<\/p>\n<p>D.O.C. Rioja<\/p>\n<p>75cl \/ 12,5% vol.<\/p>\n<p>Vsebuje sulfite<\/p>\n<p>degustacija<\/p>\n<p>\u010ce\u0161njevo rde\u010da z oker odtenki<\/p>\n<p>Za\u010dinjene in lesne note z zrelim rde\u010dim sadjem<\/p>\n<p>Mesnato in dolgo, plemeniti tanini, polnost in struktura.<\/p>\n","protected":false},"excerpt":{"rendered":"<p>100 % Graciano 16 mesecev v hrastovih sodih Francoski Stare trte Pridelek, izbran na vinski trti Zlata medalja Top vino 2021 Civas Gold Zlata medalja 2023 Tehni\u010dne specifikacije Podpisano rde\u010de vino 100 % graciano Bodegas Santos Sodupe San Asensio, La Rioja D.O.C. Rioja 75cl \/ 12,5% vol. Vsebuje sulfite degustacija \u010ce\u0161njevo rde\u010da z oker odtenki [&hellip;]<\/p>\n","protected":false},"featured_media":43023,"template":"","meta":{"_et_pb_use_builder":"","_et_pb_old_content":"","_et_gb_content_width":""},"product_brand":[1459],"product_cat":[4854,4856],"product_tag":[],"class_list":{"0":"post-43018","1":"product","2":"type-product","3":"status-publish","4":"has-post-thumbnail","6":"product_brand-santos-sodupe","7":"product_cat-pijace","8":"product_cat-vino-sl","10":"first","11":"outofstock","12":"taxable","13":"shipping-taxable","14":"product-type-variable"},"_links":{"self":[{"href":"https:\/\/myspainfood.com\/sl\/wp-json\/wp\/v2\/product\/43018","targetHints":{"allow":["GET"]}}],"collection":[{"href":"https:\/\/myspainfood.com\/sl\/wp-json\/wp\/v2\/product"}],"about":[{"href":"https:\/\/myspainfood.com\/sl\/wp-json\/wp\/v2\/types\/product"}],"wp:featuredmedia":[{"embeddable":true,"href":"https:\/\/myspainfood.com\/sl\/wp-json\/wp\/v2\/media\/43023"}],"wp:attachment":[{"href":"https:\/\/myspainfood.com\/sl\/wp-json\/wp\/v2\/media?parent=43018"}],"wp:term":[{"taxonomy":"product_brand","embeddable":true,"href":"https:\/\/myspainfood.com\/sl\/wp-json\/wp\/v2\/product_brand?post=43018"},{"taxonomy":"product_cat","embeddable":true,"href":"https:\/\/myspainfood.com\/sl\/wp-json\/wp\/v2\/product_cat?post=43018"},{"taxonomy":"product_tag","embeddable":true,"href":"https:\/\/myspainfood.com\/sl\/wp-json\/wp\/v2\/product_tag?post=43018"}],"curies":[{"name":"wp","href":"https:\/\/api.w.org\/{rel}","templated":true}]}}