{"id":43628,"date":"2025-04-10T12:05:33","date_gmt":"2025-04-10T10:05:33","guid":{"rendered":"https:\/\/myspainfood.com\/producto\/olive-machacamoya\/"},"modified":"2025-05-12T23:24:03","modified_gmt":"2025-05-12T21:24:03","slug":"olive-machacamoya","status":"publish","type":"product","link":"https:\/\/myspainfood.com\/sl\/producto\/olive-machacamoya\/","title":{"rendered":"Olive Machacamoya"},"content":{"rendered":"<p>Oljka Machacamoya se odlikuje po zna\u010dilnem grenkem okusu. Za najbolj izbrane brbon\u010dice je to ovalna oljka, za\u010dinjena s \u010desnom in papriko, aromati\u010dnimi zeli\u0161\u010di in kisom. To je zelo priljubljena oljka v barih. Odli\u010dno se poda k \u0161panskemu vinu ali kozarcu piva.   <\/p>\n","protected":false},"excerpt":{"rendered":"<p>Oljka Machacamoya se odlikuje po zna\u010dilnem grenkem okusu. Za najbolj izbrane brbon\u010dice je to ovalna oljka, za\u010dinjena s \u010desnom in papriko, aromati\u010dnimi zeli\u0161\u010di in kisom. To je zelo priljubljena oljka v barih. Odli\u010dno se poda k \u0161panskemu vinu ali kozarcu piva.<\/p>\n","protected":false},"featured_media":43640,"template":"","meta":{"_et_pb_use_builder":"","_et_pb_old_content":"","_et_gb_content_width":""},"product_brand":[1057],"product_cat":[1720,1717],"product_tag":[8935],"class_list":{"0":"post-43628","1":"product","2":"type-product","3":"status-publish","4":"has-post-thumbnail","6":"product_brand-la-encajera","7":"product_cat-oljke","8":"product_cat-pickles-sl","9":"product_tag-machacamoya-sl","11":"first","12":"outofstock","13":"taxable","14":"shipping-taxable","15":"product-type-variable"},"_links":{"self":[{"href":"https:\/\/myspainfood.com\/sl\/wp-json\/wp\/v2\/product\/43628","targetHints":{"allow":["GET"]}}],"collection":[{"href":"https:\/\/myspainfood.com\/sl\/wp-json\/wp\/v2\/product"}],"about":[{"href":"https:\/\/myspainfood.com\/sl\/wp-json\/wp\/v2\/types\/product"}],"wp:featuredmedia":[{"embeddable":true,"href":"https:\/\/myspainfood.com\/sl\/wp-json\/wp\/v2\/media\/43640"}],"wp:attachment":[{"href":"https:\/\/myspainfood.com\/sl\/wp-json\/wp\/v2\/media?parent=43628"}],"wp:term":[{"taxonomy":"product_brand","embeddable":true,"href":"https:\/\/myspainfood.com\/sl\/wp-json\/wp\/v2\/product_brand?post=43628"},{"taxonomy":"product_cat","embeddable":true,"href":"https:\/\/myspainfood.com\/sl\/wp-json\/wp\/v2\/product_cat?post=43628"},{"taxonomy":"product_tag","embeddable":true,"href":"https:\/\/myspainfood.com\/sl\/wp-json\/wp\/v2\/product_tag?post=43628"}],"curies":[{"name":"wp","href":"https:\/\/api.w.org\/{rel}","templated":true}]}}