{"id":43647,"date":"2025-04-10T12:05:33","date_gmt":"2025-04-10T10:05:33","guid":{"rendered":"https:\/\/myspainfood.com\/producto\/oljka-z-okusom-jajcevca\/"},"modified":"2025-04-10T12:05:33","modified_gmt":"2025-04-10T10:05:33","slug":"oljka-z-okusom-jajcevca","status":"publish","type":"product","link":"https:\/\/myspainfood.com\/sl\/producto\/oljka-z-okusom-jajcevca\/","title":{"rendered":"Oljka z okusom jaj\u010devca"},"content":{"rendered":"<p>Oljka z okusom jaj\u010devcev je zelo blagega okusa, zato je drzna <a href=\"https:\/\/www.laencajera.es\/aceitunas\" target=\"_blank\" rel=\"noopener noreferrer nofollow\">predjed<\/a>, ki je vedno privla\u010dna.<\/p>\n<p>Poleg tega je idealna priloga jedem z \u017elico. U\u017eivate jih lahko ob kozarcu vina. <\/p>\n<p>Sestavine: Oljke, voda, poper, sol, kis, naravne za\u010dimbe (\u010desen, kumina, paprika in olje), oja\u010devalec okusa (E-631, E-627, E-621), sredstvo za kisanje (E-330), konzervansi (E-270, E-202, E-211), antioksidant (E-330) in naravne arome. Lahko vsebuje sulfite. <\/p>\n<p>Hranite v hladnem in suhem prostoru, na temperaturi med 3\u00baC in 10\u00baC. Hranite stran od son\u010dne svetlobe in mo\u010dnih vonjav. <\/p>\n<p>Oljko z okusom jaj\u010devca po odprtju hranite v hladilniku in porabite v 30 dneh.<\/p>\n<p>\u010ce \u017eelite kupiti olive ali katero koli drugo vrsto <a href=\"https:\/\/latiendadesami.com\/categoria-producto\/encurtidos\/\" rel=\"noopener noreferrer nofollow\" target=\"_blank\">kislih kumaric<\/a>, si oglejte na\u0161 spletni katalog in si oglejte \u0161iroko paleto <a href=\"https:\/\/latiendadesami.com\/categoria-producto\/encurtidos\/berenjenas\/\" target=\"_blank\" rel=\"noopener noreferrer nofollow\">jaj\u010devcev<\/a>, ki jih imamo na voljo.<\/p>\n<p>Blagovna znamka je La Encajonera, dru\u017einsko podjetje, ustanovljeno leta 1990, s sede\u017eem v osr\u010dju La Manche, v mestu ALMAGRO v provinci Ciudad Real.<\/p>\n<p>Postopek proizvodnje njenih izdelkov se za\u010dne na istem obmo\u010dju gojenja, kjer se izbere izdelek najbolj\u0161e kakovosti.<\/p>\n<p>Tovarna je opremljena z najnaprednej\u0161o tehnologijo, hkrati pa ohranja tradicijo in znanje obrtnikov.<\/p>\n","protected":false},"excerpt":{"rendered":"<p>Oljka z okusom jaj\u010devcev je zelo blagega okusa, zato je drzna predjed, ki je vedno privla\u010dna. Poleg tega je idealna priloga jedem z \u017elico. U\u017eivate jih lahko ob kozarcu vina. Sestavine: Oljke, voda, poper, sol, kis, naravne za\u010dimbe (\u010desen, kumina, paprika in olje), oja\u010devalec okusa (E-631, E-627, E-621), sredstvo za kisanje (E-330), konzervansi (E-270, E-202, [&hellip;]<\/p>\n","protected":false},"featured_media":43652,"template":"","meta":{"_et_pb_use_builder":"","_et_pb_old_content":"","_et_gb_content_width":""},"product_brand":[1057],"product_cat":[1720,1717],"product_tag":[2176],"class_list":{"0":"post-43647","1":"product","2":"type-product","3":"status-publish","4":"has-post-thumbnail","6":"product_brand-la-encajera","7":"product_cat-oljke","8":"product_cat-pickles-sl","9":"product_tag-jajcevec","11":"first","12":"outofstock","13":"taxable","14":"shipping-taxable","15":"product-type-variable"},"_links":{"self":[{"href":"https:\/\/myspainfood.com\/sl\/wp-json\/wp\/v2\/product\/43647","targetHints":{"allow":["GET"]}}],"collection":[{"href":"https:\/\/myspainfood.com\/sl\/wp-json\/wp\/v2\/product"}],"about":[{"href":"https:\/\/myspainfood.com\/sl\/wp-json\/wp\/v2\/types\/product"}],"wp:featuredmedia":[{"embeddable":true,"href":"https:\/\/myspainfood.com\/sl\/wp-json\/wp\/v2\/media\/43652"}],"wp:attachment":[{"href":"https:\/\/myspainfood.com\/sl\/wp-json\/wp\/v2\/media?parent=43647"}],"wp:term":[{"taxonomy":"product_brand","embeddable":true,"href":"https:\/\/myspainfood.com\/sl\/wp-json\/wp\/v2\/product_brand?post=43647"},{"taxonomy":"product_cat","embeddable":true,"href":"https:\/\/myspainfood.com\/sl\/wp-json\/wp\/v2\/product_cat?post=43647"},{"taxonomy":"product_tag","embeddable":true,"href":"https:\/\/myspainfood.com\/sl\/wp-json\/wp\/v2\/product_tag?post=43647"}],"curies":[{"name":"wp","href":"https:\/\/api.w.org\/{rel}","templated":true}]}}