{"id":44616,"date":"2025-04-10T12:11:40","date_gmt":"2025-04-10T10:11:40","guid":{"rendered":"https:\/\/myspainfood.com\/producto\/salmorejo-cordobes-ekstra-devisko-oljcno-olje-arteoliva-1-liter\/"},"modified":"2026-01-29T12:00:04","modified_gmt":"2026-01-29T11:00:04","slug":"salmorejo-cordobes-ekstra-devisko-oljcno-olje-arteoliva-1-liter","status":"publish","type":"product","link":"https:\/\/myspainfood.com\/sl\/producto\/salmorejo-cordobes-ekstra-devisko-oljcno-olje-arteoliva-1-liter\/","title":{"rendered":"Salmorejo Cordob\u00e9s Ekstra devi\u0161ko olj\u010dno olje ArteOliva 1 liter"},"content":{"rendered":"<p>Tipi\u010dna hladna krema iz Cordobe, narejena predvsem iz sve\u017eega izbranega paradi\u017enika, ekstra devi\u0161kega olj\u010dnega olja, kruha in \u010desna.<\/p>\n","protected":false},"excerpt":{"rendered":"<p>Tipi\u010dna hladna krema iz Cordobe, narejena predvsem iz sve\u017eega izbranega paradi\u017enika, ekstra devi\u0161kega olj\u010dnega olja, kruha in \u010desna.<\/p>\n","protected":false},"featured_media":44622,"template":"","meta":{"_et_pb_use_builder":"","_et_pb_old_content":"","_et_gb_content_width":""},"product_brand":[1457],"product_cat":[2221,1813,1983,4854],"product_tag":[],"class_list":{"0":"post-44616","1":"product","2":"type-product","3":"status-publish","4":"has-post-thumbnail","6":"product_brand-arteoliva","7":"product_cat-ekstra-deviska-oljka","8":"product_cat-hladno","9":"product_cat-ohranja","10":"product_cat-pijace","11":"product_shipping_class-hladna-posiljka","13":"first","14":"outofstock","15":"taxable","16":"shipping-taxable","17":"product-type-variable"},"_links":{"self":[{"href":"https:\/\/myspainfood.com\/sl\/wp-json\/wp\/v2\/product\/44616","targetHints":{"allow":["GET"]}}],"collection":[{"href":"https:\/\/myspainfood.com\/sl\/wp-json\/wp\/v2\/product"}],"about":[{"href":"https:\/\/myspainfood.com\/sl\/wp-json\/wp\/v2\/types\/product"}],"wp:featuredmedia":[{"embeddable":true,"href":"https:\/\/myspainfood.com\/sl\/wp-json\/wp\/v2\/media\/44622"}],"wp:attachment":[{"href":"https:\/\/myspainfood.com\/sl\/wp-json\/wp\/v2\/media?parent=44616"}],"wp:term":[{"taxonomy":"product_brand","embeddable":true,"href":"https:\/\/myspainfood.com\/sl\/wp-json\/wp\/v2\/product_brand?post=44616"},{"taxonomy":"product_cat","embeddable":true,"href":"https:\/\/myspainfood.com\/sl\/wp-json\/wp\/v2\/product_cat?post=44616"},{"taxonomy":"product_tag","embeddable":true,"href":"https:\/\/myspainfood.com\/sl\/wp-json\/wp\/v2\/product_tag?post=44616"}],"curies":[{"name":"wp","href":"https:\/\/api.w.org\/{rel}","templated":true}]}}