{"id":44640,"date":"2025-04-10T12:11:42","date_gmt":"2025-04-10T10:11:42","guid":{"rendered":"https:\/\/myspainfood.com\/producto\/nabeel-nafisah-sweets-sladka-damascanska-baklava-sirija-150-g\/"},"modified":"2025-04-10T12:11:42","modified_gmt":"2025-04-10T10:11:42","slug":"nabeel-nafisah-sweets-sladka-damascanska-baklava-sirija-150-g","status":"publish","type":"product","link":"https:\/\/myspainfood.com\/sl\/producto\/nabeel-nafisah-sweets-sladka-damascanska-baklava-sirija-150-g\/","title":{"rendered":"Nabeel Nafisah Sweets Sladka dama\u0161\u010danska baklava Sirija 150 g"},"content":{"rendered":"","protected":false},"excerpt":{"rendered":"<p>Baklava, ve\u010dplastno filojsko testo, polnjeno s sesekljanimi orehi in prelito z ghee in sladkornim sirupom. Gre za hrustljavo sladico, ki je najbolj priljubljena med arabskim in sredozemskim prebivalstvom. Gre za kombinacijo razli\u010dnih vrst baklave, ki so razporejene in urejene v posebni orientalski obliki.  <\/p>\n","protected":false},"featured_media":44647,"template":"","meta":{"_et_pb_use_builder":"","_et_pb_old_content":"","_et_gb_content_width":""},"product_brand":[1453],"product_cat":[1983,7702],"product_tag":[],"class_list":{"0":"post-44640","1":"product","2":"type-product","3":"status-publish","4":"has-post-thumbnail","6":"product_brand-nabeel-nafisah","7":"product_cat-ohranja","8":"product_cat-posebni-bozicni-program","10":"first","11":"outofstock","12":"taxable","13":"shipping-taxable","14":"purchasable","15":"product-type-simple"},"_links":{"self":[{"href":"https:\/\/myspainfood.com\/sl\/wp-json\/wp\/v2\/product\/44640","targetHints":{"allow":["GET"]}}],"collection":[{"href":"https:\/\/myspainfood.com\/sl\/wp-json\/wp\/v2\/product"}],"about":[{"href":"https:\/\/myspainfood.com\/sl\/wp-json\/wp\/v2\/types\/product"}],"wp:featuredmedia":[{"embeddable":true,"href":"https:\/\/myspainfood.com\/sl\/wp-json\/wp\/v2\/media\/44647"}],"wp:attachment":[{"href":"https:\/\/myspainfood.com\/sl\/wp-json\/wp\/v2\/media?parent=44640"}],"wp:term":[{"taxonomy":"product_brand","embeddable":true,"href":"https:\/\/myspainfood.com\/sl\/wp-json\/wp\/v2\/product_brand?post=44640"},{"taxonomy":"product_cat","embeddable":true,"href":"https:\/\/myspainfood.com\/sl\/wp-json\/wp\/v2\/product_cat?post=44640"},{"taxonomy":"product_tag","embeddable":true,"href":"https:\/\/myspainfood.com\/sl\/wp-json\/wp\/v2\/product_tag?post=44640"}],"curies":[{"name":"wp","href":"https:\/\/api.w.org\/{rel}","templated":true}]}}