{"id":44822,"date":"2025-04-10T12:05:09","date_gmt":"2025-04-10T10:05:09","guid":{"rendered":"https:\/\/myspainfood.com\/producto\/kimbos-gordal-gordalske-olive-in-kumarice-900-gr-chicon\/"},"modified":"2025-04-10T12:05:09","modified_gmt":"2025-04-10T10:05:09","slug":"kimbos-gordal-gordalske-olive-in-kumarice-900-gr-chicon","status":"publish","type":"product","link":"https:\/\/myspainfood.com\/sl\/producto\/kimbos-gordal-gordalske-olive-in-kumarice-900-gr-chicon\/","title":{"rendered":"Kimbos Gordal - gordalske olive in kumarice 900 gr Chicon"},"content":{"rendered":"<h3>Zakaj uporabljati Kimbos Gordal Oljke, polnjene z okurki?<\/h3>\n<p>Kimbos Gordal je razli\u010dica ene izmed najbolj priljubljenih polnjenih oljk v \u0160paniji in tujini.<\/p>\n<p>Ena od njenih posebnosti je njena velikost, saj je obi\u010dajno ve\u010dja od drugih sort.<\/p>\n<p>Zato je idealna oljka, ki jo na mizi postre\u017eemo nadevano z razli\u010dnimi vrstami hrane, kot so na primer sardele, kumarice ali paprike.<\/p>\n<p>Ime &#8220;Aceituna Gordal&#8221; je dobila zaradi svoje velikosti.<\/p>\n<p>Lahko bi rekli, da je zelo privla\u010den in privla\u010den.<\/p>\n<p>\u010ceprav izvira iz <a href=\"https:\/\/aceitunaschiconlebron.com\/catalogo\/aceituna-gordal-rellena-de-pepinillo\/\" target=\"_blank\" rel=\"noopener noreferrer nofollow\">Andaluzije<\/a>, se je u\u017eivanje oljk Gordal, polnjenih z okurki, raz\u0161irilo v Zdru\u017eene dr\u017eave Amerike, kjer so se najbolj raz\u0161irile zunaj \u0160panije.<\/p>\n<p>\u010ce \u017eelite kupiti oljke ali katero koli drugo vrsto <a href=\"https:\/\/latiendadesami.com\/categoria-producto\/encurtidos\/\" rel=\"noopener noreferrer nofollow\" target=\"_blank\">kislih kumaric<\/a>, si oglejte na\u0161 spletni katalog in si oglejte \u0161iroko paleto <a href=\"https:\/\/latiendadesami.com\/categoria-producto\/encurtidos\/aceitunas\/\" target=\"_blank\" rel=\"noopener noreferrer nofollow\">oljk, ki jih<\/a> imamo na voljo.<\/p>\n","protected":false},"excerpt":{"rendered":"<p>Zakaj uporabljati Kimbos Gordal Oljke, polnjene z okurki? Kimbos Gordal je razli\u010dica ene izmed najbolj priljubljenih polnjenih oljk v \u0160paniji in tujini. Ena od njenih posebnosti je njena velikost, saj je obi\u010dajno ve\u010dja od drugih sort. Zato je idealna oljka, ki jo na mizi postre\u017eemo nadevano z razli\u010dnimi vrstami hrane, kot so na primer sardele, [&hellip;]<\/p>\n","protected":false},"featured_media":44827,"template":"","meta":{"_et_pb_use_builder":"","_et_pb_old_content":"","_et_gb_content_width":""},"product_brand":[1036],"product_cat":[1720,1717],"product_tag":[9315,2009],"class_list":{"0":"post-44822","1":"product","2":"type-product","3":"status-publish","4":"has-post-thumbnail","6":"product_brand-chicon","7":"product_cat-oljke","8":"product_cat-pickles-sl","9":"product_tag-gordal-sl","10":"product_tag-kimbo-sl","12":"first","13":"instock","14":"taxable","15":"shipping-taxable","16":"purchasable","17":"product-type-variable"},"_links":{"self":[{"href":"https:\/\/myspainfood.com\/sl\/wp-json\/wp\/v2\/product\/44822","targetHints":{"allow":["GET"]}}],"collection":[{"href":"https:\/\/myspainfood.com\/sl\/wp-json\/wp\/v2\/product"}],"about":[{"href":"https:\/\/myspainfood.com\/sl\/wp-json\/wp\/v2\/types\/product"}],"wp:featuredmedia":[{"embeddable":true,"href":"https:\/\/myspainfood.com\/sl\/wp-json\/wp\/v2\/media\/44827"}],"wp:attachment":[{"href":"https:\/\/myspainfood.com\/sl\/wp-json\/wp\/v2\/media?parent=44822"}],"wp:term":[{"taxonomy":"product_brand","embeddable":true,"href":"https:\/\/myspainfood.com\/sl\/wp-json\/wp\/v2\/product_brand?post=44822"},{"taxonomy":"product_cat","embeddable":true,"href":"https:\/\/myspainfood.com\/sl\/wp-json\/wp\/v2\/product_cat?post=44822"},{"taxonomy":"product_tag","embeddable":true,"href":"https:\/\/myspainfood.com\/sl\/wp-json\/wp\/v2\/product_tag?post=44822"}],"curies":[{"name":"wp","href":"https:\/\/api.w.org\/{rel}","templated":true}]}}