{"id":45519,"date":"2025-04-10T12:10:50","date_gmt":"2025-04-10T10:10:50","guid":{"rendered":"https:\/\/myspainfood.com\/producto\/prekajena-sardela-in-dusena-articoka-35-enot\/"},"modified":"2025-06-24T13:16:39","modified_gmt":"2025-06-24T11:16:39","slug":"prekajena-sardela-in-dusena-articoka-35-enot","status":"publish","type":"product","link":"https:\/\/myspainfood.com\/sl\/producto\/prekajena-sardela-in-dusena-articoka-35-enot\/","title":{"rendered":"Prekajena sardela in du\u0161ena arti\u010doka 35 enot"},"content":{"rendered":"<p>Olje (85 % son\u010dni\u010dno, 15 % olj\u010dno), du\u0161ena arti\u010doka, dimljene sardele, olive, polnjene s sardelami, in rde\u010da paprika.<\/p>\n","protected":false},"excerpt":{"rendered":"<p>Olje (85 % son\u010dni\u010dno, 15 % olj\u010dno), du\u0161ena arti\u010doka, dimljene sardele, olive, polnjene s sardelami, in rde\u010da paprika.<\/p>\n","protected":false},"featured_media":45528,"template":"","meta":{"_et_pb_use_builder":"","_et_pb_old_content":"","_et_gb_content_width":""},"product_brand":[1277],"product_cat":[1813,1720,1717,1817,2805,1815],"product_tag":[],"class_list":{"0":"post-45519","1":"product","2":"type-product","3":"status-publish","4":"has-post-thumbnail","6":"product_brand-bokeo","7":"product_cat-hladno","8":"product_cat-oljke","9":"product_cat-pickles-sl","10":"product_cat-pintxos-sl","11":"product_cat-sardele-sl-2","12":"product_cat-sardele","13":"product_shipping_class-hladna-posiljka","15":"first","16":"outofstock","17":"taxable","18":"shipping-taxable","19":"purchasable","20":"product-type-simple"},"_links":{"self":[{"href":"https:\/\/myspainfood.com\/sl\/wp-json\/wp\/v2\/product\/45519","targetHints":{"allow":["GET"]}}],"collection":[{"href":"https:\/\/myspainfood.com\/sl\/wp-json\/wp\/v2\/product"}],"about":[{"href":"https:\/\/myspainfood.com\/sl\/wp-json\/wp\/v2\/types\/product"}],"wp:featuredmedia":[{"embeddable":true,"href":"https:\/\/myspainfood.com\/sl\/wp-json\/wp\/v2\/media\/45528"}],"wp:attachment":[{"href":"https:\/\/myspainfood.com\/sl\/wp-json\/wp\/v2\/media?parent=45519"}],"wp:term":[{"taxonomy":"product_brand","embeddable":true,"href":"https:\/\/myspainfood.com\/sl\/wp-json\/wp\/v2\/product_brand?post=45519"},{"taxonomy":"product_cat","embeddable":true,"href":"https:\/\/myspainfood.com\/sl\/wp-json\/wp\/v2\/product_cat?post=45519"},{"taxonomy":"product_tag","embeddable":true,"href":"https:\/\/myspainfood.com\/sl\/wp-json\/wp\/v2\/product_tag?post=45519"}],"curies":[{"name":"wp","href":"https:\/\/api.w.org\/{rel}","templated":true}]}}