{"id":45663,"date":"2025-04-10T12:11:14","date_gmt":"2025-04-10T10:11:14","guid":{"rendered":"https:\/\/myspainfood.com\/producto\/pico-mandljev-nugat-200-gramov-jijona\/"},"modified":"2025-04-10T12:11:14","modified_gmt":"2025-04-10T10:11:14","slug":"pico-mandljev-nugat-200-gramov-jijona","status":"publish","type":"product","link":"https:\/\/myspainfood.com\/sl\/producto\/pico-mandljev-nugat-200-gramov-jijona\/","title":{"rendered":"Pic\u00f3 Mandljev nugat 200 gramov Jijona"},"content":{"rendered":"<p>Med in mandlji sta dva bistvena elementa, ki sestavljata nugat, ki se proizvaja v kraju Jijona in je ozna\u010den z za\u0161\u010diteno geografsko ozna\u010dbo, ki jo je podelil regulativni svet. Da bi odkrili njegov izvor, se je treba ozreti nazaj in navzdol, na zemljo. Prvi turroneros so bili pravzaprav kmetje, ki so gojili mandlje in nabirali med, pozimi, ko je zapadel sneg, pa so morali pre\u017eiveti. Zato so si zamislili, da bi pridelane surovine predelali v \u017eivilo, ki bi ga lahko prodajali na takratnih sejmih.   <\/p>\n<p>Podnebne in geolo\u0161ke razmere v pokrajini Alicante so \u0161e posebej primerne za gojenje mandljevcev, ki rastejo le v sredozemskem podnebju. Posebnost tega drevesa je tudi ta, da mora biti za razmno\u017eevanje opra\u0161eno, zato je treba \u010debelam omogo\u010diti, da la\u017eje opravljajo svojo nalogo in pridelujejo med. Da pa nugat ne bi bil le preprosta me\u0161anica sladkorja, mandljev in medu, je treba upo\u0161tevati stroge in starodavne postopke proizvodnje in kakovosti.  <\/p>\n<p>Sestavine Pra\u017eeni mandlji 64 %, sladkor, med, jaj\u010dni beljak in emulgator e-471<\/p>\n<p><strong>DATUM IZTEKA VELJAVNOSTI 02\/2024<\/strong><\/p>\n","protected":false},"excerpt":{"rendered":"<p>Med in mandlji sta dva bistvena elementa, ki sestavljata nugat, ki se proizvaja v kraju Jijona in je ozna\u010den z za\u0161\u010diteno geografsko ozna\u010dbo, ki jo je podelil regulativni svet. Da bi odkrili njegov izvor, se je treba ozreti nazaj in navzdol, na zemljo. Prvi turroneros so bili pravzaprav kmetje, ki so gojili mandlje in nabirali [&hellip;]<\/p>\n","protected":false},"featured_media":45669,"template":"","meta":{"_et_pb_use_builder":"","_et_pb_old_content":"","_et_gb_content_width":""},"product_brand":[1414],"product_cat":[1983,7702],"product_tag":[],"class_list":{"0":"post-45663","1":"product","2":"type-product","3":"status-publish","4":"has-post-thumbnail","6":"product_brand-pico","7":"product_cat-ohranja","8":"product_cat-posebni-bozicni-program","10":"first","11":"outofstock","12":"taxable","13":"shipping-taxable","14":"product-type-variable"},"_links":{"self":[{"href":"https:\/\/myspainfood.com\/sl\/wp-json\/wp\/v2\/product\/45663","targetHints":{"allow":["GET"]}}],"collection":[{"href":"https:\/\/myspainfood.com\/sl\/wp-json\/wp\/v2\/product"}],"about":[{"href":"https:\/\/myspainfood.com\/sl\/wp-json\/wp\/v2\/types\/product"}],"wp:featuredmedia":[{"embeddable":true,"href":"https:\/\/myspainfood.com\/sl\/wp-json\/wp\/v2\/media\/45669"}],"wp:attachment":[{"href":"https:\/\/myspainfood.com\/sl\/wp-json\/wp\/v2\/media?parent=45663"}],"wp:term":[{"taxonomy":"product_brand","embeddable":true,"href":"https:\/\/myspainfood.com\/sl\/wp-json\/wp\/v2\/product_brand?post=45663"},{"taxonomy":"product_cat","embeddable":true,"href":"https:\/\/myspainfood.com\/sl\/wp-json\/wp\/v2\/product_cat?post=45663"},{"taxonomy":"product_tag","embeddable":true,"href":"https:\/\/myspainfood.com\/sl\/wp-json\/wp\/v2\/product_tag?post=45663"}],"curies":[{"name":"wp","href":"https:\/\/api.w.org\/{rel}","templated":true}]}}