{"id":45748,"date":"2025-04-10T12:11:14","date_gmt":"2025-04-10T10:11:14","guid":{"rendered":"https:\/\/myspainfood.com\/producto\/vermut-koktajl-los-cantabros-025-lata-by-jairo-cuetao-ustekleniceno-bodegas-igarmi\/"},"modified":"2026-01-29T12:55:25","modified_gmt":"2026-01-29T11:55:25","slug":"vermut-koktajl-los-cantabros-025-lata-by-jairo-cuetao-ustekleniceno-bodegas-igarmi","status":"publish","type":"product","link":"https:\/\/myspainfood.com\/sl\/producto\/vermut-koktajl-los-cantabros-025-lata-by-jairo-cuetao-ustekleniceno-bodegas-igarmi\/","title":{"rendered":"Vermut koktajl los C\u00e1ntabros 0,25 Lata by Jairo Cuetao ustekleni\u010deno Bodegas Igarmi"},"content":{"rendered":"<p>Verm\u00fa los C\u00e1ntabros je poklon vsem mo\u0161kim in \u017eenskam, ki so znali ohranjati in \u0161iriti na\u0161o kulturo.<\/p>\n<p>Tudi na\u0161e korenine in tradicije, ki jih spremljajo sejmi, festivali, igre in gastronomija, od morja do gora na\u0161e ljubljene Kantabrije.<\/p>\n<p>Ta izdelek stekleni\u010di podjetje Bodegas Igarmi.  <\/p>\n<p>Bodegas Igarmi je sedanjost tradicije, ki jo od leta 1890 zaznamujeta kakovost in storitev za stranke.<\/p>\n<p>Dru\u017einsko podjetje, ki je s strastjo in predanostjo do vina omogo\u010dilo stekleni\u010denje in tr\u017eenje vin z neprekosljivim razmerjem med kakovostjo in ceno, ki so visoko cenjena na trgu in pri potro\u0161nikih.<\/p>\n<p>Bodegas Igarmi ima v mestu Heras 3000 m\u00b2 velike prostore s skladi\u0161\u010dnimi zmogljivostmi, ki obsegajo pribli\u017eno milijon litrov.<\/p>\n<p>Je tudi najve\u010dja vinska klet v Kantabriji.<\/p>\n<p>Gre za odli\u010dno ekipo ve\u010d kot 30 ljudi, ki si prizadeva, da bi strankam zagotovili najbolj\u0161i izdelek in najbolj\u0161o storitev, po kateri se odlikujemo.<\/p>\n<p>Za dostavo in distribucijo izdelkov po Kantabriji in sosednjih ob\u010dinah imajo vozni park z 20 vozili.<\/p>\n<p>\u010ce \u017eelite kupiti Vermouth Los C\u00e1ntabros 5 litrov Bag in Box ali katero koli drugo pija\u010do, si oglejte na\u0161 spletni katalog, da vidite \u0161iroko paleto pija\u010d, ki jih ponujamo.<\/p>\n<p>Za ve\u010d informacij nam pi\u0161ite.<\/p>\n","protected":false},"excerpt":{"rendered":"<p>Verm\u00fa los C\u00e1ntabros je poklon vsem mo\u0161kim in \u017eenskam, ki so znali ohranjati in \u0161iriti na\u0161o kulturo. Tudi na\u0161e korenine in tradicije, ki jih spremljajo sejmi, festivali, igre in gastronomija, od morja do gora na\u0161e ljubljene Kantabrije. Ta izdelek stekleni\u010di podjetje Bodegas Igarmi. Bodegas Igarmi je sedanjost tradicije, ki jo od leta 1890 zaznamujeta kakovost [&hellip;]<\/p>\n","protected":false},"featured_media":45753,"template":"","meta":{"_et_pb_use_builder":"","_et_pb_old_content":"","_et_gb_content_width":""},"product_brand":[1244,1245],"product_cat":[4854,5777],"product_tag":[5778],"class_list":{"0":"post-45748","1":"product","2":"type-product","3":"status-publish","4":"has-post-thumbnail","6":"product_brand-igarmi","7":"product_brand-los-cantabros","8":"product_cat-pijace","9":"product_cat-vermut","10":"product_tag-igarmi-sl","12":"first","13":"outofstock","14":"featured","15":"taxable","16":"shipping-taxable","17":"product-type-variable"},"_links":{"self":[{"href":"https:\/\/myspainfood.com\/sl\/wp-json\/wp\/v2\/product\/45748","targetHints":{"allow":["GET"]}}],"collection":[{"href":"https:\/\/myspainfood.com\/sl\/wp-json\/wp\/v2\/product"}],"about":[{"href":"https:\/\/myspainfood.com\/sl\/wp-json\/wp\/v2\/types\/product"}],"wp:featuredmedia":[{"embeddable":true,"href":"https:\/\/myspainfood.com\/sl\/wp-json\/wp\/v2\/media\/45753"}],"wp:attachment":[{"href":"https:\/\/myspainfood.com\/sl\/wp-json\/wp\/v2\/media?parent=45748"}],"wp:term":[{"taxonomy":"product_brand","embeddable":true,"href":"https:\/\/myspainfood.com\/sl\/wp-json\/wp\/v2\/product_brand?post=45748"},{"taxonomy":"product_cat","embeddable":true,"href":"https:\/\/myspainfood.com\/sl\/wp-json\/wp\/v2\/product_cat?post=45748"},{"taxonomy":"product_tag","embeddable":true,"href":"https:\/\/myspainfood.com\/sl\/wp-json\/wp\/v2\/product_tag?post=45748"}],"curies":[{"name":"wp","href":"https:\/\/api.w.org\/{rel}","templated":true}]}}