{"id":45887,"date":"2025-04-10T12:11:27","date_gmt":"2025-04-10T10:11:27","guid":{"rendered":"https:\/\/myspainfood.com\/producto\/vrecka-z-mesanico-400-gramov-la-ponderosa\/"},"modified":"2025-09-02T10:51:19","modified_gmt":"2025-09-02T08:51:19","slug":"vrecka-z-mesanico-400-gramov-la-ponderosa","status":"publish","type":"product","link":"https:\/\/myspainfood.com\/sl\/producto\/vrecka-z-mesanico-400-gramov-la-ponderosa\/","title":{"rendered":"Vre\u010dka z me\u0161anico 400 gramov La Ponderosa"},"content":{"rendered":"<p>Opis<\/p>\n<p>V tem asortimanu mini vre\u010dke 400 grs boste na\u0161li najbolj tradicionalne bo\u017ei\u010dne izdelke. V enem izdelku boste na\u0161li izbor: <\/p>\n<p>- Vino in mandljevi krofi. Mini razli\u010dica na\u0161ega izvrstnega vinskega krofa. Okrogle oblike, z luknjo na sredini, iz sladkega vina, mandljev, sezamovih semen in sladkorja v prahu.  <\/p>\n<p>- Polvoroncitos de almendra. Kaj bi bil bo\u017ei\u010d brez tradicionalnih polvoronones? \u010ceprav so na\u0161i polvoroncitos manj\u0161i od originalnih, ohranjajo zna\u010dilen okus po mandljih.  <\/p>\n<p>- Cimetovo pecivo. Kralj bo\u017ei\u010da skupaj s polvoronom. Mini razli\u010dica na\u0161ega mantecada je narejena iz istih sestavin: masla, moke, mletih mandljev, sezamovih semen in cimeta.  <\/p>\n<p>Sestavine<\/p>\n<p>Mini cimetovo maslo: p\u0161eni\u010dna moka, sladkor, iberska mast (antioksidant: E-320), cimet (1 %) in sezamova semena. Lahko vsebuje sledi ore\u0161\u010dkov, ara\u0161idov in sulfitov. <\/p>\n<p>Mini mandljev polvor\u00f3n: p\u0161eni\u010dna moka, sladkor, iberska mast (antioksidant: E-320), mandlji (8 %), cimet, klin\u010dki in aroma limone. Lahko vsebuje sledi ara\u0161idov, sezama in sulfitov. <\/p>\n<p>Mini krof z vinom in mandlji: p\u0161eni\u010dna moka, iberska mast (antioksidant: E-320), sladkor, vino (vsebuje sulfite) (12 %), mandlji (5 %), jane\u017e, cimet, sezamova semena, aroma jane\u017ea in aroma limone. Lahko vsebuje sledi ara\u0161idov. <\/p>\n<p>Alergeni<\/p>\n<p>Vsebuje gluten, ore\u0161\u010dke, sezam in sulfite. Lahko vsebuje sledi ara\u0161idov. <\/p>\n","protected":false},"excerpt":{"rendered":"<p>Opis V tem asortimanu mini vre\u010dke 400 grs boste na\u0161li najbolj tradicionalne bo\u017ei\u010dne izdelke. V enem izdelku boste na\u0161li izbor: - Vino in mandljevi krofi. Mini razli\u010dica na\u0161ega izvrstnega vinskega krofa. Okrogle oblike, z luknjo na sredini, iz sladkega vina, mandljev, sezamovih semen in sladkorja v prahu. - Polvoroncitos de almendra. Kaj bi bil bo\u017ei\u010d [&hellip;]<\/p>\n","protected":false},"featured_media":45893,"template":"","meta":{"_et_pb_use_builder":"","_et_pb_old_content":"","_et_gb_content_width":""},"product_brand":[1417],"product_cat":[1983,7702],"product_tag":[],"class_list":{"0":"post-45887","1":"product","2":"type-product","3":"status-publish","4":"has-post-thumbnail","6":"product_brand-la-ponderosa","7":"product_cat-ohranja","8":"product_cat-posebni-bozicni-program","10":"first","11":"outofstock","12":"taxable","13":"shipping-taxable","14":"product-type-variable"},"_links":{"self":[{"href":"https:\/\/myspainfood.com\/sl\/wp-json\/wp\/v2\/product\/45887","targetHints":{"allow":["GET"]}}],"collection":[{"href":"https:\/\/myspainfood.com\/sl\/wp-json\/wp\/v2\/product"}],"about":[{"href":"https:\/\/myspainfood.com\/sl\/wp-json\/wp\/v2\/types\/product"}],"wp:featuredmedia":[{"embeddable":true,"href":"https:\/\/myspainfood.com\/sl\/wp-json\/wp\/v2\/media\/45893"}],"wp:attachment":[{"href":"https:\/\/myspainfood.com\/sl\/wp-json\/wp\/v2\/media?parent=45887"}],"wp:term":[{"taxonomy":"product_brand","embeddable":true,"href":"https:\/\/myspainfood.com\/sl\/wp-json\/wp\/v2\/product_brand?post=45887"},{"taxonomy":"product_cat","embeddable":true,"href":"https:\/\/myspainfood.com\/sl\/wp-json\/wp\/v2\/product_cat?post=45887"},{"taxonomy":"product_tag","embeddable":true,"href":"https:\/\/myspainfood.com\/sl\/wp-json\/wp\/v2\/product_tag?post=45887"}],"curies":[{"name":"wp","href":"https:\/\/api.w.org\/{rel}","templated":true}]}}