{"id":46246,"date":"2025-04-10T12:07:15","date_gmt":"2025-04-10T10:07:15","guid":{"rendered":"https:\/\/myspainfood.com\/producto\/grah-zelo-droben-ekstra\/"},"modified":"2025-04-10T12:07:15","modified_gmt":"2025-04-10T10:07:15","slug":"grah-zelo-droben-ekstra","status":"publish","type":"product","link":"https:\/\/myspainfood.com\/sl\/producto\/grah-zelo-droben-ekstra\/","title":{"rendered":"Grah zelo droben ekstra"},"content":{"rendered":"<p>Guisantes muy fino extra je <a href=\"https:\/\/twitter.com\/mca_spain\" target=\"_blank\" rel=\"noopener noreferrer nofollow\">izdelek iz \u0160panije<\/a>.<\/p>\n<p>Sestavine: Grah, voda, sladkor in sol.<\/p>\n<p>Ko ga odprete, ga hranite v hladilniku in po mo\u017enosti porabite v petih dneh.<\/p>\n<p>La Viuda de Mateo je ena od komercialnih blagovnih znamk, pod katerimi skupina MCA Spain nastopa na trgu.<\/p>\n<p>Izvor dru\u017ebe MCA Spain je v izku\u0161njah Carlosa Ripe, njenega sedanjega generalnega direktorja, ki je desetletje delal v dru\u017einskem podjetju, povezanem z maloprodajnim \u017eivilskim sektorjem.<\/p>\n<p>Vendar je Ripa sredi 80. let prej\u0161njega stoletja v svojem rojstnem kraju (Mendavia, Navara) za\u010del svoj osebni projekt: podjetje za konzerviranje, MCA Spain.<\/p>\n<p>To podjetje se je z zelenjavnimi in ribjimi konzervami uvrstilo v prvi del \u0161panskega kmetijsko-\u017eivilskega sektorja.<\/p>\n<p>To je spektakularen razvoj, ki ne bi bil mogo\u010d brez vrhunske ekipe in navdu\u0161enja nad storitvami za stranke.<\/p>\n<p>\u010ce \u017eelite kupiti zelo fin grah ali katero koli drugo vrsto <a href=\"https:\/\/latiendadesami.com\/categoria-producto\/conservas\/\" rel=\"noopener noreferrer nofollow\" target=\"_blank\">konzervirane hrane<\/a>, si oglejte na\u0161 spletni katalog.<\/p>\n<p>Imamo najvi\u0161jo kakovost po najbolj\u0161i ceni.<\/p>\n<p>Za ve\u010d informacij ali vpra\u0161anja o tem ali katerem koli drugem izdelku iz na\u0161ega kataloga nam pi\u0161ite.<\/p>\n","protected":false},"excerpt":{"rendered":"<p>Grah zelo droben Extra<\/p>\n","protected":false},"featured_media":46254,"template":"","meta":{"_et_pb_use_builder":"","_et_pb_old_content":"","_et_gb_content_width":""},"product_brand":[1129],"product_cat":[1983,3717],"product_tag":[],"class_list":{"0":"post-46246","1":"product","2":"type-product","3":"status-publish","4":"has-post-thumbnail","6":"product_brand-mateo","7":"product_cat-ohranja","8":"product_cat-zelenjava","10":"first","11":"instock","12":"taxable","13":"shipping-taxable","14":"purchasable","15":"product-type-variable"},"_links":{"self":[{"href":"https:\/\/myspainfood.com\/sl\/wp-json\/wp\/v2\/product\/46246","targetHints":{"allow":["GET"]}}],"collection":[{"href":"https:\/\/myspainfood.com\/sl\/wp-json\/wp\/v2\/product"}],"about":[{"href":"https:\/\/myspainfood.com\/sl\/wp-json\/wp\/v2\/types\/product"}],"wp:featuredmedia":[{"embeddable":true,"href":"https:\/\/myspainfood.com\/sl\/wp-json\/wp\/v2\/media\/46254"}],"wp:attachment":[{"href":"https:\/\/myspainfood.com\/sl\/wp-json\/wp\/v2\/media?parent=46246"}],"wp:term":[{"taxonomy":"product_brand","embeddable":true,"href":"https:\/\/myspainfood.com\/sl\/wp-json\/wp\/v2\/product_brand?post=46246"},{"taxonomy":"product_cat","embeddable":true,"href":"https:\/\/myspainfood.com\/sl\/wp-json\/wp\/v2\/product_cat?post=46246"},{"taxonomy":"product_tag","embeddable":true,"href":"https:\/\/myspainfood.com\/sl\/wp-json\/wp\/v2\/product_tag?post=46246"}],"curies":[{"name":"wp","href":"https:\/\/api.w.org\/{rel}","templated":true}]}}