{"id":46290,"date":"2025-04-10T12:07:16","date_gmt":"2025-04-10T10:07:16","guid":{"rendered":"https:\/\/myspainfood.com\/producto\/file-sardona-mateo-950-gr\/"},"modified":"2025-06-24T16:20:53","modified_gmt":"2025-06-24T14:20:53","slug":"file-sardona-mateo-950-gr","status":"publish","type":"product","link":"https:\/\/myspainfood.com\/sl\/producto\/file-sardona-mateo-950-gr\/","title":{"rendered":"File sardona Mateo 950 gr"},"content":{"rendered":"<p>File sardona Mateo 950 gr v <a href=\"https:\/\/twitter.com\/mca_spain\" target=\"_blank\" rel=\"noopener noreferrer nofollow\">son\u010dni\u010dnem<\/a> olju.<\/p>\n<p>Sestavine: An\u010duhi, son\u010dni\u010dno olje (32 %) in sol.<\/p>\n<p>Ko ga odprete, ga hranite v hladilniku in po mo\u017enosti porabite v petih dneh.<\/p>\n<p>La Viuda de Mateo je ena od komercialnih blagovnih znamk, pod katerimi skupina MCA Spain nastopa na trgu.<\/p>\n<p>Izvor dru\u017ebe MCA Spain je v izku\u0161njah Carlosa Ripe, njenega sedanjega generalnega direktorja, ki je desetletje delal v dru\u017einskem podjetju, povezanem z maloprodajnim \u017eivilskim sektorjem.<\/p>\n<p>Vendar je Ripa sredi 80. let prej\u0161njega stoletja v svojem rojstnem kraju (Mendavia, Navara) za\u010del svoj osebni projekt: podjetje za konzerviranje, MCA Spain.<\/p>\n<p>To podjetje se je z zelenjavnimi in ribjimi konzervami uvrstilo v prvi del \u0161panskega kmetijsko-\u017eivilskega sektorja.<\/p>\n<p>To je spektakularen razvoj, ki ne bi bil mogo\u010d brez vrhunske ekipe in navdu\u0161enja nad storitvami za stranke.<\/p>\n<p>\u010ce \u017eelite kupiti Mateo file sardona 950 gr ali katero koli drugo vrsto <a href=\"https:\/\/latiendadesami.com\/categoria-producto\/frio\/\" rel=\"noopener noreferrer nofollow\" target=\"_blank\">hladne hrane,<\/a> si brez oklevanja oglejte celoten na\u0161 spletni katalog.<\/p>\n<p>Imamo najvi\u0161jo kakovost po najbolj\u0161i ceni.<\/p>\n<p>Za ve\u010d informacij ali vpra\u0161anja o tem ali katerem koli drugem izdelku iz na\u0161ega kataloga nam pi\u0161ite.<\/p>\n","protected":false},"excerpt":{"rendered":"<p>File sardona Mateo 950 gr v son\u010dni\u010dnem olju. Sestavine: An\u010duhi, son\u010dni\u010dno olje (32 %) in sol. Ko ga odprete, ga hranite v hladilniku in po mo\u017enosti porabite v petih dneh. La Viuda de Mateo je ena od komercialnih blagovnih znamk, pod katerimi skupina MCA Spain nastopa na trgu. Izvor dru\u017ebe MCA Spain je v izku\u0161njah [&hellip;]<\/p>\n","protected":false},"featured_media":46296,"template":"","meta":{"_et_pb_use_builder":"","_et_pb_old_content":"","_et_gb_content_width":""},"product_brand":[1129],"product_cat":[1813,1815],"product_tag":[],"class_list":{"0":"post-46290","1":"product","2":"type-product","3":"status-publish","4":"has-post-thumbnail","6":"product_brand-mateo","7":"product_cat-hladno","8":"product_cat-sardele","9":"product_shipping_class-hladna-posiljka","11":"first","12":"outofstock","13":"taxable","14":"shipping-taxable","15":"product-type-variable"},"_links":{"self":[{"href":"https:\/\/myspainfood.com\/sl\/wp-json\/wp\/v2\/product\/46290","targetHints":{"allow":["GET"]}}],"collection":[{"href":"https:\/\/myspainfood.com\/sl\/wp-json\/wp\/v2\/product"}],"about":[{"href":"https:\/\/myspainfood.com\/sl\/wp-json\/wp\/v2\/types\/product"}],"wp:featuredmedia":[{"embeddable":true,"href":"https:\/\/myspainfood.com\/sl\/wp-json\/wp\/v2\/media\/46296"}],"wp:attachment":[{"href":"https:\/\/myspainfood.com\/sl\/wp-json\/wp\/v2\/media?parent=46290"}],"wp:term":[{"taxonomy":"product_brand","embeddable":true,"href":"https:\/\/myspainfood.com\/sl\/wp-json\/wp\/v2\/product_brand?post=46290"},{"taxonomy":"product_cat","embeddable":true,"href":"https:\/\/myspainfood.com\/sl\/wp-json\/wp\/v2\/product_cat?post=46290"},{"taxonomy":"product_tag","embeddable":true,"href":"https:\/\/myspainfood.com\/sl\/wp-json\/wp\/v2\/product_tag?post=46290"}],"curies":[{"name":"wp","href":"https:\/\/api.w.org\/{rel}","templated":true}]}}