{"id":46403,"date":"2025-04-10T12:07:16","date_gmt":"2025-04-10T10:07:16","guid":{"rendered":"https:\/\/myspainfood.com\/producto\/najprej-umesana-jajca-z-gobami\/"},"modified":"2025-04-10T12:07:16","modified_gmt":"2025-04-10T10:07:16","slug":"najprej-umesana-jajca-z-gobami","status":"publish","type":"product","link":"https:\/\/myspainfood.com\/sl\/producto\/najprej-umesana-jajca-z-gobami\/","title":{"rendered":"Najprej ume\u0161ana jajca z gobami"},"content":{"rendered":"<p>Jajca z gobami so <a href=\"https:\/\/twitter.com\/mca_spain\" target=\"_blank\" rel=\"noopener noreferrer nofollow\">izdelek dru\u017ebe MCA \u0160panija<\/a>.<\/p>\n<p>Njegova glavna sestavina so naravne gobe vrhunske kakovosti.<\/p>\n<p>Ko ga odprete, ga hranite v hladilniku in po mo\u017enosti porabite v petih dneh.<\/p>\n<p>La Viuda de Mateo je ena od komercialnih blagovnih znamk, pod katerimi skupina MCA Spain nastopa na trgu.<\/p>\n<p>Izvor dru\u017ebe MCA Spain je v izku\u0161njah Carlosa Ripe, njenega sedanjega generalnega direktorja, ki je desetletje delal v dru\u017einskem podjetju, povezanem z maloprodajnim \u017eivilskim sektorjem.<\/p>\n<p>Vendar je Ripa sredi 80. let prej\u0161njega stoletja v svojem rojstnem kraju (Mendavia, Navara) za\u010del svoj osebni projekt: podjetje za konzerviranje, MCA Spain.<\/p>\n<p>To podjetje se je z zelenjavnimi in ribjimi konzervami uvrstilo v prvi del \u0161panskega kmetijsko-\u017eivilskega sektorja.<\/p>\n<p>To je spektakularen razvoj, ki ne bi bil mogo\u010d brez vrhunske ekipe in navdu\u0161enja nad storitvami za stranke.<\/p>\n<p>\u010ce \u017eelite kupiti Revuelto de setas al natural primera ali katero koli drugo vrsto <a href=\"https:\/\/latiendadesami.com\/categoria-producto\/conservas\/\" rel=\"noopener noreferrer nofollow\" target=\"_blank\">konzervirane hrane<\/a>, si brez oklevanja oglejte na\u0161 spletni katalog.<\/p>\n<p>Imamo najvi\u0161jo kakovost po najbolj\u0161i ceni.<\/p>\n<p>Za ve\u010d informacij ali vpra\u0161anja o tem ali katerem koli drugem izdelku iz na\u0161ega kataloga nam pi\u0161ite.<\/p>\n","protected":false},"excerpt":{"rendered":"<p>Ume\u0161ane gobe v naravni omaki Primera<\/p>\n","protected":false},"featured_media":46413,"template":"","meta":{"_et_pb_use_builder":"","_et_pb_old_content":"","_et_gb_content_width":""},"product_brand":[1129],"product_cat":[1983,3717],"product_tag":[],"class_list":{"0":"post-46403","1":"product","2":"type-product","3":"status-publish","4":"has-post-thumbnail","6":"product_brand-mateo","7":"product_cat-ohranja","8":"product_cat-zelenjava","10":"first","11":"instock","12":"taxable","13":"shipping-taxable","14":"purchasable","15":"product-type-variable"},"_links":{"self":[{"href":"https:\/\/myspainfood.com\/sl\/wp-json\/wp\/v2\/product\/46403","targetHints":{"allow":["GET"]}}],"collection":[{"href":"https:\/\/myspainfood.com\/sl\/wp-json\/wp\/v2\/product"}],"about":[{"href":"https:\/\/myspainfood.com\/sl\/wp-json\/wp\/v2\/types\/product"}],"wp:featuredmedia":[{"embeddable":true,"href":"https:\/\/myspainfood.com\/sl\/wp-json\/wp\/v2\/media\/46413"}],"wp:attachment":[{"href":"https:\/\/myspainfood.com\/sl\/wp-json\/wp\/v2\/media?parent=46403"}],"wp:term":[{"taxonomy":"product_brand","embeddable":true,"href":"https:\/\/myspainfood.com\/sl\/wp-json\/wp\/v2\/product_brand?post=46403"},{"taxonomy":"product_cat","embeddable":true,"href":"https:\/\/myspainfood.com\/sl\/wp-json\/wp\/v2\/product_cat?post=46403"},{"taxonomy":"product_tag","embeddable":true,"href":"https:\/\/myspainfood.com\/sl\/wp-json\/wp\/v2\/product_tag?post=46403"}],"curies":[{"name":"wp","href":"https:\/\/api.w.org\/{rel}","templated":true}]}}