{"id":46494,"date":"2025-04-10T12:07:16","date_gmt":"2025-04-10T10:07:16","guid":{"rendered":"https:\/\/myspainfood.com\/producto\/cvetlicni-med-1-kg-la-celda-real\/"},"modified":"2025-04-10T12:07:16","modified_gmt":"2025-04-10T10:07:16","slug":"cvetlicni-med-1-kg-la-celda-real","status":"publish","type":"product","link":"https:\/\/myspainfood.com\/sl\/producto\/cvetlicni-med-1-kg-la-celda-real\/","title":{"rendered":"Cvetli\u010dni med 1 kg La Celda Real"},"content":{"rendered":"<p style=\"text-align: left\">Miel de Flores 1 kg je izdelek, ki ga proizvajajo obse\u017eni obrati z avtomatiziranimi <a href=\"https:\/\/es.wikipedia.org\/wiki\/Miel\" target=\"_blank\" rel=\"noopener noreferrer nofollow\">proizvodnimi<\/a> linijami in integriranim sistemom kakovosti.<\/p>\n<p style=\"text-align: left\">Ko ga poberejo izku\u0161eni \u010debelarji, ga zapakirajo po postopku, ki zagotavlja kar najve\u010djo ohranitev njegovih naravnih lastnosti.<\/p>\n<p style=\"text-align: left\">Ta izdelek se razvija zaradi izku\u0161enj, znanja in navdu\u0161enja vseh, ki ga sestavljajo, z uravnote\u017eeno zavezanostjo najbolj\u0161i tradiciji, ohranjanjem dobrega dela iz preteklosti in s proizvodnimi postopki, ki zagotavljajo <strong>kakovost kon\u010dnega izdelka.<\/strong><\/p>\n<p style=\"text-align: left\">Med je popolna hrana, ki jo \u010debele proizvajajo iz nektarja, ki ga pridobivajo iz cvetov.<\/p>\n<p style=\"text-align: left\">To je zlato obarvana, viskozna, sladka in okusna teko\u010dina, ki jo \u010debele hranijo v poletni sezoni.<\/p>\n<p style=\"text-align: left\">Ima \u0161tevilne prednosti, kot so:<\/p>\n<ul style=\"text-align: left\">\n<li>Je nadomestek za sladkor. Naraven in okusen. <\/li>\n<li>Krepi va\u0161o obrambo. Varuje vas organsko. <\/li>\n<li>Prepre\u010duje oku\u017ebe. Skrbi za va\u0161e zdravje. <\/li>\n<li>Vsakodnevno vam daje dodatno energijo.<\/li>\n<li>  Pomaga pospe\u0161evati prebavo<\/li>\n<\/ul>\n<p style=\"text-align: left\">\u010ce \u017eelite kupiti Miel de Flores 1 kg ali katero koli drugo vrsto <a href=\"https:\/\/latiendadesami.com\/categoria-producto\/conservas\/\" rel=\"noopener noreferrer nofollow\" target=\"_blank\">konzervirane hrane<\/a>, si oglejte na\u0161 spletni katalog, da si ogledate bogato ponudbo.<\/p>\n<p style=\"text-align: left\">Za ve\u010d informacij nam pi\u0161ite.<\/p>\n","protected":false},"excerpt":{"rendered":"<p>Cvetli\u010dni med 1 kg<\/p>\n","protected":false},"featured_media":46504,"template":"","meta":{"_et_pb_use_builder":"","_et_pb_old_content":"","_et_gb_content_width":""},"product_brand":[1210],"product_cat":[2848,1983],"product_tag":[],"class_list":{"0":"post-46494","1":"product","2":"type-product","3":"status-publish","4":"has-post-thumbnail","6":"product_brand-la-celda-real","7":"product_cat-med","8":"product_cat-ohranja","10":"first","11":"instock","12":"taxable","13":"shipping-taxable","14":"purchasable","15":"product-type-variable"},"_links":{"self":[{"href":"https:\/\/myspainfood.com\/sl\/wp-json\/wp\/v2\/product\/46494","targetHints":{"allow":["GET"]}}],"collection":[{"href":"https:\/\/myspainfood.com\/sl\/wp-json\/wp\/v2\/product"}],"about":[{"href":"https:\/\/myspainfood.com\/sl\/wp-json\/wp\/v2\/types\/product"}],"wp:featuredmedia":[{"embeddable":true,"href":"https:\/\/myspainfood.com\/sl\/wp-json\/wp\/v2\/media\/46504"}],"wp:attachment":[{"href":"https:\/\/myspainfood.com\/sl\/wp-json\/wp\/v2\/media?parent=46494"}],"wp:term":[{"taxonomy":"product_brand","embeddable":true,"href":"https:\/\/myspainfood.com\/sl\/wp-json\/wp\/v2\/product_brand?post=46494"},{"taxonomy":"product_cat","embeddable":true,"href":"https:\/\/myspainfood.com\/sl\/wp-json\/wp\/v2\/product_cat?post=46494"},{"taxonomy":"product_tag","embeddable":true,"href":"https:\/\/myspainfood.com\/sl\/wp-json\/wp\/v2\/product_tag?post=46494"}],"curies":[{"name":"wp","href":"https:\/\/api.w.org\/{rel}","templated":true}]}}