{"id":47718,"date":"2025-04-10T12:06:06","date_gmt":"2025-04-10T10:06:06","guid":{"rendered":"https:\/\/myspainfood.com\/producto\/koscki-ventresca-900gr\/"},"modified":"2025-04-10T12:06:06","modified_gmt":"2025-04-10T10:06:06","slug":"koscki-ventresca-900gr","status":"publish","type":"product","link":"https:\/\/myspainfood.com\/sl\/producto\/koscki-ventresca-900gr\/","title":{"rendered":"Ko\u0161\u010dki Ventresca 900gr"},"content":{"rendered":"<p>Kosi Ventresca 900gr so naravni izdelek, izdelan na <a href=\"http:\/\/www.conservasoti.es\/paginas\/historia.html\" target=\"_blank\" rel=\"noopener noreferrer nofollow\">tradicionalen<\/a> na\u010din.<\/p>\n<p>Shranjujte v hladnem in suhem prostoru.<\/p>\n<p>Po odprtju prenesite v ustrezno posodo in shranite v hladilniku, prekrito s teko\u010dino za pakiranje, za najve\u010d 48 ur.<\/p>\n<p>Conservas Oti je podjetje z dru\u017einsko tradicijo, katerega dobro delo se prena\u0161a iz roda v rod.<\/p>\n<p>Dru\u017eina je s trdim delom in prizadevanji v veliki meri omogo\u010dila rast in \u0161iritev <span class=\"negrita\">podjetja Conservas Oti<\/span>.<\/p>\n<p>Glavna poslovna podro\u010dja so Iz morja, Iz kopnega in Iz kmetije.<\/p>\n<p>Iz morja: \u0161koljke, Ventresca, Sardinillas, Melva&#8230; Ko\u0161\u010dki Ventresca 900gr<\/p>\n<p>Med lokalnimi proizvodi so: mle\u010dna \u010di\u010derika, beli fi\u017eol, fi\u017eol pinto, le\u010da pardina&#8230;<\/p>\n<p>S kmetije: \u010disti ov\u010dji sir, iberski pr\u0161ut iz \u017eelodovine, iberski sal\u010di\u010don iz \u017eelodovine, iberski \u010dorizo iz \u017eelodovine,&#8230;<\/p>\n<h4>Glavne prednosti hrane v plo\u010devinkah<\/h4>\n<ol>\n<li>Ohranijo vse hranilne lastnosti hrane. \u017divila ohranijo svojo sve\u017eino. <\/li>\n<li>Uporabljena \u017eivila so zdrava in zaradi visoke vsebnosti vitaminov in beljakovin primerna za optimalno prehrano.<\/li>\n<li>Ti izdelki imajo dalj\u0161o \u017eivljenjsko dobo (obi\u010dajno 2-5 let).<\/li>\n<li>Konzerve je zelo enostavno shranjevati, saj je njihova embala\u017ea enostavna za uporabo.<\/li>\n<\/ol>\n<p>\u010ce \u017eelite kupiti tunino ali katero koli drugo vrsto <a href=\"https:\/\/latiendadesami.com\/categoria-producto\/conservas\/\" rel=\"noopener noreferrer nofollow\" target=\"_blank\">konzervirane hrane<\/a>, si oglejte na\u0161 spletni katalog in si oglejte \u0161iroko ponudbo <a href=\"https:\/\/latiendadesami.com\/categoria-producto\/conservas\/atun-y-bonito\/\" target=\"_blank\" rel=\"noopener noreferrer nofollow\">tunine<\/a>.<\/p>\n<p>Za ve\u010d informacij nam pi\u0161ite.<\/p>\n","protected":false},"excerpt":{"rendered":"<p>Kosi Ventresca 900gr so naravni izdelek, izdelan na tradicionalen na\u010din. Shranjujte v hladnem in suhem prostoru. Po odprtju prenesite v ustrezno posodo in shranite v hladilniku, prekrito s teko\u010dino za pakiranje, za najve\u010d 48 ur. Conservas Oti je podjetje z dru\u017einsko tradicijo, katerega dobro delo se prena\u0161a iz roda v rod. Dru\u017eina je s trdim [&hellip;]<\/p>\n","protected":false},"featured_media":47720,"template":"","meta":{"_et_pb_use_builder":"","_et_pb_old_content":"","_et_gb_content_width":""},"product_brand":[1075],"product_cat":[1983,4374,3347],"product_tag":[],"class_list":{"0":"post-47718","1":"product","2":"type-product","3":"status-publish","4":"has-post-thumbnail","6":"product_brand-oti","7":"product_cat-ohranja","8":"product_cat-tun-in-bonito","9":"product_cat-ventresca-sl","11":"first","12":"outofstock","13":"taxable","14":"shipping-taxable","15":"purchasable","16":"product-type-simple"},"_links":{"self":[{"href":"https:\/\/myspainfood.com\/sl\/wp-json\/wp\/v2\/product\/47718","targetHints":{"allow":["GET"]}}],"collection":[{"href":"https:\/\/myspainfood.com\/sl\/wp-json\/wp\/v2\/product"}],"about":[{"href":"https:\/\/myspainfood.com\/sl\/wp-json\/wp\/v2\/types\/product"}],"wp:featuredmedia":[{"embeddable":true,"href":"https:\/\/myspainfood.com\/sl\/wp-json\/wp\/v2\/media\/47720"}],"wp:attachment":[{"href":"https:\/\/myspainfood.com\/sl\/wp-json\/wp\/v2\/media?parent=47718"}],"wp:term":[{"taxonomy":"product_brand","embeddable":true,"href":"https:\/\/myspainfood.com\/sl\/wp-json\/wp\/v2\/product_brand?post=47718"},{"taxonomy":"product_cat","embeddable":true,"href":"https:\/\/myspainfood.com\/sl\/wp-json\/wp\/v2\/product_cat?post=47718"},{"taxonomy":"product_tag","embeddable":true,"href":"https:\/\/myspainfood.com\/sl\/wp-json\/wp\/v2\/product_tag?post=47718"}],"curies":[{"name":"wp","href":"https:\/\/api.w.org\/{rel}","templated":true}]}}