{"id":47919,"date":"2025-04-10T12:06:14","date_gmt":"2025-04-10T10:06:14","guid":{"rendered":"https:\/\/myspainfood.com\/producto\/boqueron-picarpicar-200-gr\/"},"modified":"2026-01-29T11:56:45","modified_gmt":"2026-01-29T10:56:45","slug":"boqueron-picarpicar-200-gr","status":"publish","type":"product","link":"https:\/\/myspainfood.com\/sl\/producto\/boqueron-picarpicar-200-gr\/","title":{"rendered":"Sardel Picar&amp;Picar 260 gr"},"content":{"rendered":"<p>Boquer\u00f3n Picar&amp;Picar 200 gr so sardele s \u010desnom in peter\u0161iljem v pakiranju po 200 gr.<\/p>\n<p>Ta <a href=\"https:\/\/picaripicar.com\/presentacion\/\" target=\"_blank\" rel=\"noopener noreferrer nofollow\">izdelek<\/a> je konzerviran v son\u010dni\u010dnem olju, kisu in \u010desnu.<\/p>\n<p>Pladenj naj bo segret med 0 in 4 \u00baC.<\/p>\n<p>Za njegovo pripravo uporabimo o\u010di\u0161\u010dena bedra sardona, ki imajo sprva rjavkasto meso.<\/p>\n<p>Zunanja ko\u017ea se srebrnkasto odseva, zato jih potopimo v posodo (stekleno, nikoli kovinsko, saj bi jo ocetna kislina v kisu razjezila) s soljo, vodo in kisom za 3 ure v vodi in pribli\u017eno 6 ur v kisu v hladnem prostoru.<\/p>\n<p>Ledja sardel, ki so bila prej rjava, bodo z delovanjem kisa postala bela.<\/p>\n<p>Ko se teko\u010dina odcedi, jo okrasite z veliko nasekljanega \u010desna, olj\u010dnega olja in peter\u0161ilja.<\/p>\n<p>To hrano obi\u010dajno zau\u017eijemo hladno s pivom (vino ni priporo\u010dljivo, saj vnos kisa slabo vpliva na vino).<\/p>\n<p>V \u0160paniji je zelo zna\u010dilen aperitiv, zlasti v toplej\u0161ih mesecih.<\/p>\n<p>V \u0160paniji jih je zna\u010dilno videti na pladnjih na pultih \u0161tevilnih barov in restavracij.<\/p>\n<p>Porcijo pogosto postre\u017eejo okra\u0161eno z ocvirki, kaprami ali olivami in s krompirjevim \u010dipsom na velikem kro\u017eniku.<\/p>\n<p>V \u0160paniji se ta izdelek prodaja v velikih supermarketih v plasti\u010dnih posodah razli\u010dnih velikosti, v katere je treba dodati le \u010desen in peter\u0161ilj.<\/p>\n<p>\u010ce \u017eelite kupiti Boquer\u00f3n Picar&amp;Picar 200 gr ali katero koli drugo vrsto <a href=\"https:\/\/latiendadesami.com\/categoria-producto\/frio\/\" rel=\"noopener noreferrer nofollow\" target=\"_blank\">hladne hrane<\/a>, si brez oklevanja oglejte na\u0161 spletni katalog. Imamo najvi\u0161jo kakovost po najbolj\u0161i ceni.<\/p>\n<p>Za ve\u010d informacij ali vpra\u0161anja o tem ali katerem koli drugem izdelku nam pi\u0161ite.<\/p>\n","protected":false},"excerpt":{"rendered":"<p>Boquer\u00f3n Picar&amp;Picar 200 gr so sardele s \u010desnom in peter\u0161iljem v pakiranju po 200 gr. Ta izdelek je konzerviran v son\u010dni\u010dnem olju, kisu in \u010desnu. Pladenj naj bo segret med 0 in 4 \u00baC. Za njegovo pripravo uporabimo o\u010di\u0161\u010dena bedra sardona, ki imajo sprva rjavkasto meso. Zunanja ko\u017ea se srebrnkasto odseva, zato jih potopimo v [&hellip;]<\/p>\n","protected":false},"featured_media":47925,"template":"","meta":{"_et_pb_use_builder":"","_et_pb_old_content":"","_et_gb_content_width":""},"product_brand":[1127],"product_cat":[1813,1902],"product_tag":[],"class_list":{"0":"post-47919","1":"product","2":"type-product","3":"status-publish","4":"has-post-thumbnail","6":"product_brand-picarpicar","7":"product_cat-hladno","8":"product_cat-sardele-sl","9":"product_shipping_class-hladna-posiljka","11":"first","12":"instock","13":"taxable","14":"shipping-taxable","15":"product-type-variable"},"_links":{"self":[{"href":"https:\/\/myspainfood.com\/sl\/wp-json\/wp\/v2\/product\/47919","targetHints":{"allow":["GET"]}}],"collection":[{"href":"https:\/\/myspainfood.com\/sl\/wp-json\/wp\/v2\/product"}],"about":[{"href":"https:\/\/myspainfood.com\/sl\/wp-json\/wp\/v2\/types\/product"}],"wp:featuredmedia":[{"embeddable":true,"href":"https:\/\/myspainfood.com\/sl\/wp-json\/wp\/v2\/media\/47925"}],"wp:attachment":[{"href":"https:\/\/myspainfood.com\/sl\/wp-json\/wp\/v2\/media?parent=47919"}],"wp:term":[{"taxonomy":"product_brand","embeddable":true,"href":"https:\/\/myspainfood.com\/sl\/wp-json\/wp\/v2\/product_brand?post=47919"},{"taxonomy":"product_cat","embeddable":true,"href":"https:\/\/myspainfood.com\/sl\/wp-json\/wp\/v2\/product_cat?post=47919"},{"taxonomy":"product_tag","embeddable":true,"href":"https:\/\/myspainfood.com\/sl\/wp-json\/wp\/v2\/product_tag?post=47919"}],"curies":[{"name":"wp","href":"https:\/\/api.w.org\/{rel}","templated":true}]}}