{"id":48181,"date":"2025-04-10T12:06:46","date_gmt":"2025-04-10T10:06:46","guid":{"rendered":"https:\/\/myspainfood.com\/producto\/sparglji-d-o-navarra-5-plodov-cambra\/"},"modified":"2025-04-10T12:06:46","modified_gmt":"2025-04-10T10:06:46","slug":"sparglji-d-o-navarra-5-plodov-cambra","status":"publish","type":"product","link":"https:\/\/myspainfood.com\/sl\/producto\/sparglji-d-o-navarra-5-plodov-cambra\/","title":{"rendered":"\u0160parglji D. O. Navarra 5 plodov Cambra"},"content":{"rendered":"<p>\u0160parglji <strong>D.O. Navarra<\/strong> v kozarcu, pakiranje po 5 sade\u017eev ekstra.<\/p>\n<p> Avtenti\u010dni \u0161parglji iz Navare, zelo velike velikosti. <strong>Ekstra kakovost.<\/strong><\/p>\n","protected":false},"excerpt":{"rendered":"<p>\u0160parglji D.O. Navarra v kozarcu, pakiranje po 5 sade\u017eev ekstra. Avtenti\u010dni \u0161parglji iz Navare, zelo velike velikosti. Ekstra kakovost.<\/p>\n","protected":false},"featured_media":48186,"template":"","meta":{"_et_pb_use_builder":"","_et_pb_old_content":"","_et_gb_content_width":""},"product_brand":[1129],"product_cat":[1983,6311],"product_tag":[9850],"class_list":{"0":"post-48181","1":"product","2":"type-product","3":"status-publish","4":"has-post-thumbnail","6":"product_brand-mateo","7":"product_cat-ohranja","8":"product_cat-sparglji","9":"product_tag-navarra-sl","11":"first","12":"outofstock","13":"taxable","14":"shipping-taxable","15":"product-type-variable"},"_links":{"self":[{"href":"https:\/\/myspainfood.com\/sl\/wp-json\/wp\/v2\/product\/48181","targetHints":{"allow":["GET"]}}],"collection":[{"href":"https:\/\/myspainfood.com\/sl\/wp-json\/wp\/v2\/product"}],"about":[{"href":"https:\/\/myspainfood.com\/sl\/wp-json\/wp\/v2\/types\/product"}],"wp:featuredmedia":[{"embeddable":true,"href":"https:\/\/myspainfood.com\/sl\/wp-json\/wp\/v2\/media\/48186"}],"wp:attachment":[{"href":"https:\/\/myspainfood.com\/sl\/wp-json\/wp\/v2\/media?parent=48181"}],"wp:term":[{"taxonomy":"product_brand","embeddable":true,"href":"https:\/\/myspainfood.com\/sl\/wp-json\/wp\/v2\/product_brand?post=48181"},{"taxonomy":"product_cat","embeddable":true,"href":"https:\/\/myspainfood.com\/sl\/wp-json\/wp\/v2\/product_cat?post=48181"},{"taxonomy":"product_tag","embeddable":true,"href":"https:\/\/myspainfood.com\/sl\/wp-json\/wp\/v2\/product_tag?post=48181"}],"curies":[{"name":"wp","href":"https:\/\/api.w.org\/{rel}","templated":true}]}}