{"id":48365,"date":"2025-04-10T12:06:58","date_gmt":"2025-04-10T10:06:58","guid":{"rendered":"https:\/\/myspainfood.com\/producto\/mini-baby-fizol\/"},"modified":"2025-04-10T12:06:58","modified_gmt":"2025-04-10T10:06:58","slug":"mini-baby-fizol","status":"publish","type":"product","link":"https:\/\/myspainfood.com\/sl\/producto\/mini-baby-fizol\/","title":{"rendered":"Mini baby fi\u017eol"},"content":{"rendered":"<p>Mini baby bob, ki ga prideluje podjetje <a href=\"https:\/\/www.alsurvegetales.com\/producto\/id\/12\/habas-frita-mini-baby\" target=\"_blank\" rel=\"noopener noreferrer nofollow\">Alsur<\/a>, se obira ro\u010dno, kar zagotavlja najvi\u0161jo kakovost.<\/p>\n<p>Izdelek se izbere glede na velikost in idealen trenutek zorenja, s \u010dimer se dose\u017eeta najvi\u0161ja kakovost okusa in finost ko\u017eice.<\/p>\n<p>Zato se le 8 % pridelanega pridelka uporabi za kon\u010dno pakiranje, kjer olj\u010dno olje deluje kot konzervans.<\/p>\n<p>Shranjujte v hladnem in suhem prostoru. Ko ga odprete, ga shranite v hladilniku in porabite v 7 dneh. <\/p>\n<p>Sestavine: Ekstra fini fi\u017eol, devi\u0161ko olj\u010dno olje (31 %), sol in kislina citronska kislina.<\/p>\n<p>Alsur je dru\u017einsko podjetje, v katerem je bistvo hrane glavni junak.<\/p>\n<h4>Glavne prednosti hrane v plo\u010devinkah<\/h4>\n<ol>\n<li>Ohranijo vse hranilne lastnosti hrane. \u017divila ohranijo svojo sve\u017eino. <\/li>\n<li>Uporabljena \u017eivila so zdrava in zaradi visoke vsebnosti vitaminov in beljakovin primerna za optimalno prehrano.<\/li>\n<li>Ti izdelki imajo dalj\u0161o \u017eivljenjsko dobo (obi\u010dajno 2-5 let).<\/li>\n<li>Konzerve je zelo enostavno shranjevati, saj je njihova embala\u017ea enostavna za uporabo.<\/li>\n<\/ol>\n<p>\u010ce \u017eelite kupiti otro\u0161ki bob s tuno ali katero koli drugo vrsto <a href=\"https:\/\/latiendadesami.com\/categoria-producto\/conservas\/\" rel=\"noopener noreferrer nofollow\" target=\"_blank\">konzervirane hrane<\/a>, si oglejte na\u0161 spletni katalog in si oglejte \u0161iroko paleto <a href=\"https:\/\/latiendadesami.com\/categoria-producto\/conservas\/atun-y-bonito\/\" target=\"_blank\" rel=\"noopener noreferrer nofollow\">konzerv s tuno<\/a>.<\/p>\n<p>Za ve\u010d informacij nam pi\u0161ite.<\/p>\n","protected":false},"excerpt":{"rendered":"<p>Baby bob<\/p>\n","protected":false},"featured_media":48370,"template":"","meta":{"_et_pb_use_builder":"","_et_pb_old_content":"","_et_gb_content_width":""},"product_brand":[1196],"product_cat":[1983,3717],"product_tag":[],"class_list":{"0":"post-48365","1":"product","2":"type-product","3":"status-publish","4":"has-post-thumbnail","6":"product_brand-alsur","7":"product_cat-ohranja","8":"product_cat-zelenjava","10":"first","11":"instock","12":"taxable","13":"shipping-taxable","14":"product-type-variable"},"_links":{"self":[{"href":"https:\/\/myspainfood.com\/sl\/wp-json\/wp\/v2\/product\/48365","targetHints":{"allow":["GET"]}}],"collection":[{"href":"https:\/\/myspainfood.com\/sl\/wp-json\/wp\/v2\/product"}],"about":[{"href":"https:\/\/myspainfood.com\/sl\/wp-json\/wp\/v2\/types\/product"}],"wp:featuredmedia":[{"embeddable":true,"href":"https:\/\/myspainfood.com\/sl\/wp-json\/wp\/v2\/media\/48370"}],"wp:attachment":[{"href":"https:\/\/myspainfood.com\/sl\/wp-json\/wp\/v2\/media?parent=48365"}],"wp:term":[{"taxonomy":"product_brand","embeddable":true,"href":"https:\/\/myspainfood.com\/sl\/wp-json\/wp\/v2\/product_brand?post=48365"},{"taxonomy":"product_cat","embeddable":true,"href":"https:\/\/myspainfood.com\/sl\/wp-json\/wp\/v2\/product_cat?post=48365"},{"taxonomy":"product_tag","embeddable":true,"href":"https:\/\/myspainfood.com\/sl\/wp-json\/wp\/v2\/product_tag?post=48365"}],"curies":[{"name":"wp","href":"https:\/\/api.w.org\/{rel}","templated":true}]}}