{"id":48455,"date":"2025-04-10T12:09:50","date_gmt":"2025-04-10T10:09:50","guid":{"rendered":"https:\/\/myspainfood.com\/producto\/koscki-jajcevca-la-encajera-almagro-700-gramov-120-enot\/"},"modified":"2025-07-31T16:47:24","modified_gmt":"2025-07-31T14:47:24","slug":"koscki-jajcevca-la-encajera-almagro-700-gramov-120-enot","status":"publish","type":"product","link":"https:\/\/myspainfood.com\/sl\/producto\/koscki-jajcevca-la-encajera-almagro-700-gramov-120-enot\/","title":{"rendered":"Ko\u0161\u010dki jaj\u010devca la Encajera almagro 700 gramov 120 enot"},"content":{"rendered":"<p>Sesekljan jaj\u010devec je glavna sestavina solat <a href=\"https:\/\/www.laencajera.es\/berenjenas-de-almagro\" target=\"_blank\" rel=\"noopener noreferrer nofollow\">Almagro<\/a>. V vsakem gri\u017eljaju za\u010dutite tradicionalni okus. <\/p>\n<p>Obi\u010dajno se postre\u017ee kot predjed ali v kombinaciji z jedmi z \u017elico. Sesekljani jaj\u010devci izvirajo iz Kastilje la Man\u010de v \u0160paniji. <\/p>\n<p>Sestavine: (De Almagro), voda, sol, alkoholni kis, citronska kislina (E-330), kalcijev klorid (E-509), natrijev metabisulfit, kumina, paprika, naravni komar\u010dek, mle\u010dna kislina (E-270).<\/p>\n<p>Pogoji ohranjanja:<\/p>\n<p>Hranite v hladnem in suhem prostoru, med 3 in 10 \u00b0C. Za\u0161\u010ditite pred son\u010dno svetlobo in mo\u010dnimi vonjavami. <\/p>\n<p>Po odprtju hranite v hladilniku in porabite v 30 dneh.<\/p>\n<p>\u010ce \u017eelite kupiti olive ali katero koli drugo vrsto <a href=\"https:\/\/latiendadesami.com\/categoria-producto\/encurtidos\/\" rel=\"noopener noreferrer nofollow\" target=\"_blank\">kislih kumaric<\/a>, si oglejte na\u0161 spletni katalog in si oglejte \u0161iroko paleto <a href=\"https:\/\/latiendadesami.com\/categoria-producto\/encurtidos\/berenjenas\/\" target=\"_blank\" rel=\"noopener noreferrer nofollow\">jaj\u010devcev<\/a>, ki jih imamo na voljo.<\/p>\n<p>Blagovna znamka je La Encajonera, dru\u017einsko podjetje, ustanovljeno leta 1990, s sede\u017eem v osr\u010dju La Manche, v mestu ALMAGRO v provinci Ciudad Real.<\/p>\n<p>Postopek proizvodnje njenih izdelkov se za\u010dne na istem obmo\u010dju gojenja, kjer se izbere izdelek najbolj\u0161e kakovosti.<\/p>\n<p>Tovarna je opremljena z najnaprednej\u0161o tehnologijo, hkrati pa ohranja tradicijo in znanje obrtnikov.<\/p>\n","protected":false},"excerpt":{"rendered":"<p>Glavna sestavina solat Almagro. V vsakem gri\u017eljaju za\u010dutite tradicionalni okus. Obi\u010dajno se postre\u017ee kot predjed ali v kombinaciji z jedmi z \u017elico.  <\/p>\n","protected":false},"featured_media":23049,"template":"","meta":{"_et_pb_use_builder":"","_et_pb_old_content":"","_et_gb_content_width":""},"product_brand":[1057],"product_cat":[2138,1717,2852],"product_tag":[4150],"class_list":{"0":"post-48455","1":"product","2":"type-product","3":"status-publish","4":"has-post-thumbnail","6":"product_brand-la-encajera","7":"product_cat-jajcevci","8":"product_cat-pickles-sl","9":"product_cat-trgovina-na-debelo","10":"product_tag-sesekljan","12":"first","13":"outofstock","14":"taxable","15":"shipping-taxable","16":"purchasable","17":"product-type-simple"},"_links":{"self":[{"href":"https:\/\/myspainfood.com\/sl\/wp-json\/wp\/v2\/product\/48455","targetHints":{"allow":["GET"]}}],"collection":[{"href":"https:\/\/myspainfood.com\/sl\/wp-json\/wp\/v2\/product"}],"about":[{"href":"https:\/\/myspainfood.com\/sl\/wp-json\/wp\/v2\/types\/product"}],"wp:featuredmedia":[{"embeddable":true,"href":"https:\/\/myspainfood.com\/sl\/wp-json\/wp\/v2\/media\/23049"}],"wp:attachment":[{"href":"https:\/\/myspainfood.com\/sl\/wp-json\/wp\/v2\/media?parent=48455"}],"wp:term":[{"taxonomy":"product_brand","embeddable":true,"href":"https:\/\/myspainfood.com\/sl\/wp-json\/wp\/v2\/product_brand?post=48455"},{"taxonomy":"product_cat","embeddable":true,"href":"https:\/\/myspainfood.com\/sl\/wp-json\/wp\/v2\/product_cat?post=48455"},{"taxonomy":"product_tag","embeddable":true,"href":"https:\/\/myspainfood.com\/sl\/wp-json\/wp\/v2\/product_tag?post=48455"}],"curies":[{"name":"wp","href":"https:\/\/api.w.org\/{rel}","templated":true}]}}