{"id":48516,"date":"2025-04-10T12:10:00","date_gmt":"2025-04-10T10:10:00","guid":{"rendered":"https:\/\/myspainfood.com\/producto\/alino-de-mi-pueblo-chicon-olive-900-gramov-pakiranje-6-enot\/"},"modified":"2025-04-10T12:10:00","modified_gmt":"2025-04-10T10:10:00","slug":"alino-de-mi-pueblo-chicon-olive-900-gramov-pakiranje-6-enot","status":"publish","type":"product","link":"https:\/\/myspainfood.com\/sl\/producto\/alino-de-mi-pueblo-chicon-olive-900-gramov-pakiranje-6-enot\/","title":{"rendered":"Ali\u00f1o de mi pueblo Chic\u00f3n olive 900 gramov pakiranje 6 enot"},"content":{"rendered":"<p><strong>Oljke<\/strong> &#8220;Ali\u00f1o de mi Pueblo&#8221; manzanilla so <a href=\"https:\/\/aceitunaschiconlebron.com\/catalogo-productos\/comprar-aceitunas\/deshuesadas\/\" target=\"_blank\" rel=\"noopener noreferrer nofollow\">olive brez ko\u0161\u010dice,<\/a> za\u010dinjene z najbolj\u0161imi sestavinami po tradicionalnem receptu.<\/p>\n<p>Uporaba naravnih za\u010dimb in nadzor temperature sta skrivnost za doseganje posebnega okusa teh oljk.<\/p>\n<p>Olive Ali\u00f1o de mi pueblo so mehke, so\u010dno meso pa jim daje nezamenljiv okus.<\/p>\n<p>Doma\u010de <a href=\"https:\/\/latiendadesami.com\/categoria-producto\/encurtidos\/\" target=\"_blank\" rel=\"noopener noreferrer nofollow\">vlo\u017eene<\/a> oljke, namo\u010dene v slanico in obdelane tako, da se zmanj\u0161a njihova kislost, so pogost pojav na \u0161tevilnih terasah in v restavracijah.<\/p>\n<h3>Prednosti oljk Ali\u00f1o de mi Pueblo<\/h3>\n<p>Ali ste poznali \u0161tevilne prednosti teh <strong>oljk<\/strong>? Zelo u\u010dinkovito prepre\u010dujejo bolezni srca in o\u017eilja na splo\u0161no. <\/p>\n<p>To je posledica visoke vsebnosti nenasi\u010denih ma\u0161\u010dob. Poleg tega vsebuje veliko \u017eeleza in vlaknin ter je zelo nasiten, zato je odli\u010den prigrizek. <\/p>\n<p>\u010ce \u017eelite kupiti oljke ali katero koli drugo vrsto <a href=\"https:\/\/latiendadesami.com\/categoria-producto\/encurtidos\/\" rel=\"noopener noreferrer nofollow\" target=\"_blank\">kislih kumaric<\/a>, si oglejte na\u0161 spletni katalog in si oglejte \u0161iroko paleto <a href=\"https:\/\/latiendadesami.com\/categoria-producto\/encurtidos\/aceitunas\/\" target=\"_blank\" rel=\"noopener noreferrer nofollow\">oljk, ki jih<\/a> imamo na voljo.<\/p>\n","protected":false},"excerpt":{"rendered":"<p>Oljke &#8220;Ali\u00f1o de mi Pueblo&#8221; manzanilla so olive brez ko\u0161\u010dice, za\u010dinjene z najbolj\u0161imi sestavinami po tradicionalnem receptu. Uporaba naravnih za\u010dimb in nadzor temperature sta skrivnost za doseganje posebnega okusa teh oljk. Olive Ali\u00f1o de mi pueblo so mehke, so\u010dno meso pa jim daje nezamenljiv okus. Doma\u010de vlo\u017eene oljke, namo\u010dene v slanico in obdelane tako, da [&hellip;]<\/p>\n","protected":false},"featured_media":48522,"template":"","meta":{"_et_pb_use_builder":"","_et_pb_old_content":"","_et_gb_content_width":""},"product_brand":[1036],"product_cat":[3090,2852],"product_tag":[9861],"class_list":{"0":"post-48516","1":"product","2":"type-product","3":"status-publish","4":"has-post-thumbnail","6":"product_brand-chicon","7":"product_cat-pickles-sl-2","8":"product_cat-trgovina-na-debelo","9":"product_tag-vas","11":"first","12":"instock","13":"taxable","14":"shipping-taxable","15":"purchasable","16":"product-type-variable"},"_links":{"self":[{"href":"https:\/\/myspainfood.com\/sl\/wp-json\/wp\/v2\/product\/48516","targetHints":{"allow":["GET"]}}],"collection":[{"href":"https:\/\/myspainfood.com\/sl\/wp-json\/wp\/v2\/product"}],"about":[{"href":"https:\/\/myspainfood.com\/sl\/wp-json\/wp\/v2\/types\/product"}],"wp:featuredmedia":[{"embeddable":true,"href":"https:\/\/myspainfood.com\/sl\/wp-json\/wp\/v2\/media\/48522"}],"wp:attachment":[{"href":"https:\/\/myspainfood.com\/sl\/wp-json\/wp\/v2\/media?parent=48516"}],"wp:term":[{"taxonomy":"product_brand","embeddable":true,"href":"https:\/\/myspainfood.com\/sl\/wp-json\/wp\/v2\/product_brand?post=48516"},{"taxonomy":"product_cat","embeddable":true,"href":"https:\/\/myspainfood.com\/sl\/wp-json\/wp\/v2\/product_cat?post=48516"},{"taxonomy":"product_tag","embeddable":true,"href":"https:\/\/myspainfood.com\/sl\/wp-json\/wp\/v2\/product_tag?post=48516"}],"curies":[{"name":"wp","href":"https:\/\/api.w.org\/{rel}","templated":true}]}}