{"id":49031,"date":"2025-04-10T12:07:42","date_gmt":"2025-04-10T10:07:42","guid":{"rendered":"https:\/\/myspainfood.com\/producto\/cili-15-kg-neto-teze\/"},"modified":"2025-04-10T12:07:42","modified_gmt":"2025-04-10T10:07:42","slug":"cili-15-kg-neto-teze","status":"publish","type":"product","link":"https:\/\/myspainfood.com\/sl\/producto\/cili-15-kg-neto-teze\/","title":{"rendered":"\u010cili 1,5 kg neto te\u017ee"},"content":{"rendered":"<p>Piparra 1,5 kg neto te\u017ee v kisu bo na\u0161im <a href=\"https:\/\/es.wikipedia.org\/wiki\/Guindilla_de_Ibarra\" target=\"_blank\" rel=\"noopener noreferrer nofollow\">jedem<\/a> dodala pikanten pridih, zaradi katerega bodo izstopale.<\/p>\n<p>Ta izdelek bo razburkal brbon\u010dice, saj je zelo cenjen ob enolon\u010dnicah ali omakah polnega okusa.<\/p>\n<p>Med \u0161tevilnimi tradicionalnimi sestavinami baskovske kuhinje je tudi paprika piparra.<\/p>\n<p>Zelo poseben \u010dili, saj skoraj ne pe\u010de.<\/p>\n<p>Zelo dobro se prilega vsem vrstam jedilnikov, dobro pa jo sprejmejo tudi tisti, ki tega okusa ne obo\u017eujejo.<\/p>\n<p>Piparra s te\u017eo 1,5 kg neto iz te posode je srednje velika in je pripravljena s kisom.<\/p>\n<p>Pravi pridih, s katerim se piparras obi\u010dajno postre\u017eejo in ki bo z vsakim gri\u017eljajem povzro\u010dil, da vas bo po telesu pre\u0161inil intenziven okus.<\/p>\n<p>Nekatere lastnosti ptice gvineja:<\/p>\n<ul>\n<li>Zni\u017euje holesterol.<\/li>\n<li>Spodbuja krvni in dihalni obtok.<\/li>\n<li>Menijo, da lahko s pospe\u0161evanjem presnove pomaga zmanj\u0161ati odve\u010dno telesno te\u017eo.<\/li>\n<li>Po nekaterih \u0161tudijah \u0161\u010diti \u017eelodec tako, da proizvaja ve\u010d sluzi.<\/li>\n<\/ul>\n<p>\u010ce \u017eelite kupiti olive ali katero koli drugo vrsto <a href=\"https:\/\/latiendadesami.com\/categoria-producto\/encurtidos\/\" rel=\"noopener noreferrer nofollow\" target=\"_blank\">kislih kumaric<\/a>, si oglejte na\u0161 spletni katalog in si oglejte \u0161iroko paleto <a href=\"https:\/\/latiendadesami.com\/categoria-producto\/encurtidos\/pepinillos\/\" target=\"_blank\" rel=\"noopener noreferrer nofollow\">kislih kumaric, ki jih<\/a> imamo na voljo.<\/p>\n","protected":false},"excerpt":{"rendered":"<p>Piparra 1,5 kg neto te\u017ee v kisu bo na\u0161im jedem dodala pikanten pridih, zaradi katerega bodo izstopale. Ta izdelek bo razburkal brbon\u010dice, saj je zelo cenjen ob enolon\u010dnicah ali omakah polnega okusa. Med \u0161tevilnimi tradicionalnimi sestavinami baskovske kuhinje je tudi paprika piparra. Zelo poseben \u010dili, saj skoraj ne pe\u010de. Zelo dobro se prilega vsem vrstam [&hellip;]<\/p>\n","protected":false},"featured_media":49032,"template":"","meta":{"_et_pb_use_builder":"","_et_pb_old_content":"","_et_gb_content_width":""},"product_brand":[1069],"product_cat":[3983,1717],"product_tag":[9918],"class_list":{"0":"post-49031","1":"product","2":"type-product","3":"status-publish","4":"has-post-thumbnail","6":"product_brand-sangar","7":"product_cat-cili-paprike","8":"product_cat-pickles-sl","9":"product_tag-piparra-sl","11":"first","12":"outofstock","13":"taxable","14":"shipping-taxable","15":"purchasable","16":"product-type-simple"},"_links":{"self":[{"href":"https:\/\/myspainfood.com\/sl\/wp-json\/wp\/v2\/product\/49031","targetHints":{"allow":["GET"]}}],"collection":[{"href":"https:\/\/myspainfood.com\/sl\/wp-json\/wp\/v2\/product"}],"about":[{"href":"https:\/\/myspainfood.com\/sl\/wp-json\/wp\/v2\/types\/product"}],"wp:featuredmedia":[{"embeddable":true,"href":"https:\/\/myspainfood.com\/sl\/wp-json\/wp\/v2\/media\/49032"}],"wp:attachment":[{"href":"https:\/\/myspainfood.com\/sl\/wp-json\/wp\/v2\/media?parent=49031"}],"wp:term":[{"taxonomy":"product_brand","embeddable":true,"href":"https:\/\/myspainfood.com\/sl\/wp-json\/wp\/v2\/product_brand?post=49031"},{"taxonomy":"product_cat","embeddable":true,"href":"https:\/\/myspainfood.com\/sl\/wp-json\/wp\/v2\/product_cat?post=49031"},{"taxonomy":"product_tag","embeddable":true,"href":"https:\/\/myspainfood.com\/sl\/wp-json\/wp\/v2\/product_tag?post=49031"}],"curies":[{"name":"wp","href":"https:\/\/api.w.org\/{rel}","templated":true}]}}