{"id":49244,"date":"2025-04-10T12:07:46","date_gmt":"2025-04-10T10:07:46","guid":{"rendered":"https:\/\/myspainfood.com\/producto\/manzanilla-4-kg-kalibra-180-200\/"},"modified":"2025-04-10T12:07:46","modified_gmt":"2025-04-10T10:07:46","slug":"manzanilla-4-kg-kalibra-180-200","status":"publish","type":"product","link":"https:\/\/myspainfood.com\/sl\/producto\/manzanilla-4-kg-kalibra-180-200\/","title":{"rendered":"Manzanilla 4 kg kalibra 180\/200"},"content":{"rendered":"<p>Olive Manzanilla 180\/200 kalibra 4 kg ohranijo svojo <a href=\"https:\/\/www.google.com\/search?q=aceituna+manzanilla+calibre&amp;tbm=isch&amp;ved=2ahUKEwjzs-WOhPD1AhWHh1wKHXXjAgAQ2-cCegQIABAA&amp;oq=aceituna+manzanilla+calibre&amp;gs_lcp=CgNpbWcQA1CzBli4GGC8GWgAcAB4AIABbYgBzQySAQQxNy4ymAEAoAEBqgELZ3dzLXdpei1pbWfAAQE&amp;sclient=img&amp;ei=6FcCYvOfBoeP8gL1xgs&amp;bih=780&amp;biw=1577\" target=\"_blank\" rel=\"noopener noreferrer nofollow\">prvotno<\/a> obliko in ko\u0161\u010dico v sade\u017eu.<\/p>\n<p>Razli\u010dne sorte oljke (Olea europaea) so znane kot kamilice.<\/p>\n<p>Tako se imenuje tudi njihov sade\u017e ali oljka.<\/p>\n<p>Glavne sorte so manzanilla sevillana, manzanilla cacere\u00f1a in manzanilla alore\u00f1a.<\/p>\n<p>Te cele oljke je priporo\u010dljivo shranjevati v hladnem in suhem prostoru, stran od son\u010dne svetlobe.<\/p>\n<h3>Prednosti kamilice 180\/200 kalibra 4kg<\/h3>\n<p>Ali ste poznali \u0161tevilne prednosti teh oljk? Zelo u\u010dinkovito prepre\u010dujejo bolezni srca in o\u017eilja na splo\u0161no. <\/p>\n<p>To je posledica visoke vsebnosti nenasi\u010denih ma\u0161\u010dob. Poleg tega vsebuje veliko \u017eeleza in vlaknin ter je zelo nasiten, zato je odli\u010den prigrizek. <\/p>\n<p>\u010ce \u017eelite kupiti oljke ali katero koli drugo vrsto <a href=\"https:\/\/latiendadesami.com\/categoria-producto\/encurtidos\/\" rel=\"noopener noreferrer nofollow\" target=\"_blank\">kislih kumaric<\/a>, si oglejte na\u0161 spletni katalog in si oglejte \u0161iroko paleto <a href=\"https:\/\/latiendadesami.com\/categoria-producto\/encurtidos\/aceitunas\/\" target=\"_blank\" rel=\"noopener noreferrer nofollow\">oljk, ki jih<\/a> imamo na voljo.<\/p>\n","protected":false},"excerpt":{"rendered":"<p>Olive Manzanilla 180\/200 kalibra 4 kg ohranijo svojo prvotno obliko in ko\u0161\u010dico v sade\u017eu. Razli\u010dne sorte oljke (Olea europaea) so znane kot kamilice. Tako se imenuje tudi njihov sade\u017e ali oljka. Glavne sorte so manzanilla sevillana, manzanilla cacere\u00f1a in manzanilla alore\u00f1a. Te cele oljke je priporo\u010dljivo shranjevati v hladnem in suhem prostoru, stran od son\u010dne [&hellip;]<\/p>\n","protected":false},"featured_media":49248,"template":"","meta":{"_et_pb_use_builder":"","_et_pb_old_content":"","_et_gb_content_width":""},"product_brand":[1069],"product_cat":[1720,1717],"product_tag":[2055],"class_list":{"0":"post-49244","1":"product","2":"type-product","3":"status-publish","4":"has-post-thumbnail","6":"product_brand-sangar","7":"product_cat-oljke","8":"product_cat-pickles-sl","9":"product_tag-kamilica-sl","11":"first","12":"outofstock","13":"taxable","14":"shipping-taxable","15":"purchasable","16":"product-type-simple"},"_links":{"self":[{"href":"https:\/\/myspainfood.com\/sl\/wp-json\/wp\/v2\/product\/49244","targetHints":{"allow":["GET"]}}],"collection":[{"href":"https:\/\/myspainfood.com\/sl\/wp-json\/wp\/v2\/product"}],"about":[{"href":"https:\/\/myspainfood.com\/sl\/wp-json\/wp\/v2\/types\/product"}],"wp:featuredmedia":[{"embeddable":true,"href":"https:\/\/myspainfood.com\/sl\/wp-json\/wp\/v2\/media\/49248"}],"wp:attachment":[{"href":"https:\/\/myspainfood.com\/sl\/wp-json\/wp\/v2\/media?parent=49244"}],"wp:term":[{"taxonomy":"product_brand","embeddable":true,"href":"https:\/\/myspainfood.com\/sl\/wp-json\/wp\/v2\/product_brand?post=49244"},{"taxonomy":"product_cat","embeddable":true,"href":"https:\/\/myspainfood.com\/sl\/wp-json\/wp\/v2\/product_cat?post=49244"},{"taxonomy":"product_tag","embeddable":true,"href":"https:\/\/myspainfood.com\/sl\/wp-json\/wp\/v2\/product_tag?post=49244"}],"curies":[{"name":"wp","href":"https:\/\/api.w.org\/{rel}","templated":true}]}}