{"id":49270,"date":"2025-04-10T12:07:47","date_gmt":"2025-04-10T10:07:47","guid":{"rendered":"https:\/\/myspainfood.com\/producto\/manzanilla-4-kg-242-aperitiv\/"},"modified":"2025-04-10T12:07:47","modified_gmt":"2025-04-10T10:07:47","slug":"manzanilla-4-kg-242-aperitiv","status":"publish","type":"product","link":"https:\/\/myspainfood.com\/sl\/producto\/manzanilla-4-kg-242-aperitiv\/","title":{"rendered":"Manzanilla 4 kg 242 aperitiv"},"content":{"rendered":"<p>Ime &#8220;manzanilla&#8221; se uporablja za razli\u010dne sorte oljk (Olea europaea). To ime se uporablja tudi za sade\u017e ali oljko, ki ga proizvedejo. Glavne sorte so manzanilla sevillana, manzanilla cacere\u00f1a in manzanilla alore\u00f1a.    <\/p>\n","protected":false},"excerpt":{"rendered":"<p>Ime &#8220;manzanilla&#8221; se uporablja za razli\u010dne sorte oljk (Olea europaea). To ime se uporablja tudi za sade\u017e ali oljko, ki ga proizvedejo. Glavne sorte so manzanilla sevillana, manzanilla cacere\u00f1a in manzanilla alore\u00f1a.<\/p>\n","protected":false},"featured_media":49272,"template":"","meta":{"_et_pb_use_builder":"","_et_pb_old_content":"","_et_gb_content_width":""},"product_brand":[1069],"product_cat":[1720,1717],"product_tag":[2055],"class_list":{"0":"post-49270","1":"product","2":"type-product","3":"status-publish","4":"has-post-thumbnail","6":"product_brand-sangar","7":"product_cat-oljke","8":"product_cat-pickles-sl","9":"product_tag-kamilica-sl","11":"first","12":"outofstock","13":"taxable","14":"shipping-taxable","15":"purchasable","16":"product-type-simple"},"_links":{"self":[{"href":"https:\/\/myspainfood.com\/sl\/wp-json\/wp\/v2\/product\/49270","targetHints":{"allow":["GET"]}}],"collection":[{"href":"https:\/\/myspainfood.com\/sl\/wp-json\/wp\/v2\/product"}],"about":[{"href":"https:\/\/myspainfood.com\/sl\/wp-json\/wp\/v2\/types\/product"}],"wp:featuredmedia":[{"embeddable":true,"href":"https:\/\/myspainfood.com\/sl\/wp-json\/wp\/v2\/media\/49272"}],"wp:attachment":[{"href":"https:\/\/myspainfood.com\/sl\/wp-json\/wp\/v2\/media?parent=49270"}],"wp:term":[{"taxonomy":"product_brand","embeddable":true,"href":"https:\/\/myspainfood.com\/sl\/wp-json\/wp\/v2\/product_brand?post=49270"},{"taxonomy":"product_cat","embeddable":true,"href":"https:\/\/myspainfood.com\/sl\/wp-json\/wp\/v2\/product_cat?post=49270"},{"taxonomy":"product_tag","embeddable":true,"href":"https:\/\/myspainfood.com\/sl\/wp-json\/wp\/v2\/product_tag?post=49270"}],"curies":[{"name":"wp","href":"https:\/\/api.w.org\/{rel}","templated":true}]}}