{"id":49321,"date":"2025-04-10T12:07:50","date_gmt":"2025-04-10T10:07:50","guid":{"rendered":"https:\/\/myspainfood.com\/producto\/breskev-v-sirupu-oti-530-gr-12-enot\/"},"modified":"2025-04-10T12:07:50","modified_gmt":"2025-04-10T10:07:50","slug":"breskev-v-sirupu-oti-530-gr-12-enot","status":"publish","type":"product","link":"https:\/\/myspainfood.com\/sl\/producto\/breskev-v-sirupu-oti-530-gr-12-enot\/","title":{"rendered":"Breskev v sirupu Oti 530 gr 12 Enot"},"content":{"rendered":"<p>Sadje v sirupu je vrsta marmelade1 , ki jo dobimo iz ko\u0161\u010dkov sadja (ko\u0161\u010dki so lahko kvadrati, polovice, \u010detrtine, rezine, julieni), ki jih kuhamo v sirupu ali sirupu, dokler se ne zgosti. Pri tem postopku pride do izmenjave ali premikanja vode iz hipotoni\u010dnega medija (kjer je manj\u0161a koli\u010dina topnih snovi) v hipertoni\u010dni medij (kjer je ve\u010dja koli\u010dina topnih snovi), ki jo nadomestijo topne snovi (topne trdne snovi s.s.), ki se nahajajo v hipertoni\u010dnem mediju, tj. voda iz listov sadja in sladkorji iz sirupa ali sirupa vstopijo vanj. Ta postopek se uporablja za konzerviranje sadja, ki se zau\u017eije po dalj\u0161em \u010dasovnem obdobju.    <\/p>\n","protected":false},"excerpt":{"rendered":"<p>Sadje v sirupu je vrsta marmelade1 , ki jo dobimo iz ko\u0161\u010dkov sadja (ko\u0161\u010dki so lahko kvadrati, polovice, \u010detrtine, rezine, julieni), ki jih kuhamo v sirupu ali sirupu, dokler se ne zgosti. Pri tem postopku pride do izmenjave ali premikanja vode iz hipotoni\u010dnega medija (kjer je manj\u0161a koli\u010dina topnih snovi) v hipertoni\u010dni medij (kjer je [&hellip;]<\/p>\n","protected":false},"featured_media":25123,"template":"","meta":{"_et_pb_use_builder":"","_et_pb_old_content":"","_et_gb_content_width":""},"product_brand":[1075],"product_cat":[1983,4952],"product_tag":[3169],"class_list":{"0":"post-49321","1":"product","2":"type-product","3":"status-publish","4":"has-post-thumbnail","6":"product_brand-oti","7":"product_cat-ohranja","8":"product_cat-peach","9":"product_tag-sirup","11":"first","12":"outofstock","13":"sale","14":"taxable","15":"shipping-taxable","16":"purchasable","17":"product-type-simple"},"_links":{"self":[{"href":"https:\/\/myspainfood.com\/sl\/wp-json\/wp\/v2\/product\/49321","targetHints":{"allow":["GET"]}}],"collection":[{"href":"https:\/\/myspainfood.com\/sl\/wp-json\/wp\/v2\/product"}],"about":[{"href":"https:\/\/myspainfood.com\/sl\/wp-json\/wp\/v2\/types\/product"}],"wp:featuredmedia":[{"embeddable":true,"href":"https:\/\/myspainfood.com\/sl\/wp-json\/wp\/v2\/media\/25123"}],"wp:attachment":[{"href":"https:\/\/myspainfood.com\/sl\/wp-json\/wp\/v2\/media?parent=49321"}],"wp:term":[{"taxonomy":"product_brand","embeddable":true,"href":"https:\/\/myspainfood.com\/sl\/wp-json\/wp\/v2\/product_brand?post=49321"},{"taxonomy":"product_cat","embeddable":true,"href":"https:\/\/myspainfood.com\/sl\/wp-json\/wp\/v2\/product_cat?post=49321"},{"taxonomy":"product_tag","embeddable":true,"href":"https:\/\/myspainfood.com\/sl\/wp-json\/wp\/v2\/product_tag?post=49321"}],"curies":[{"name":"wp","href":"https:\/\/api.w.org\/{rel}","templated":true}]}}