{"id":49503,"date":"2025-04-10T12:08:45","date_gmt":"2025-04-10T10:08:45","guid":{"rendered":"https:\/\/myspainfood.com\/producto\/sir-riojana-75-enot\/"},"modified":"2025-07-28T12:56:07","modified_gmt":"2025-07-28T10:56:07","slug":"sir-riojana-75-enot","status":"publish","type":"product","link":"https:\/\/myspainfood.com\/sl\/producto\/sir-riojana-75-enot\/","title":{"rendered":"Sir Riojana 75 enot"},"content":{"rendered":"<p>Olje (85 % son\u010dni\u010dno, 15 % olj\u010dno), polnjene olive, file<strong> sardel<\/strong>, pikanten mehki sir in rde\u010da paprika.<\/p>\n","protected":false},"excerpt":{"rendered":"<p>Olje (85 % son\u010dni\u010dno, 15 % olj\u010dno), polnjene olive, file sardel, pikanten mehki sir in rde\u010da paprika.<\/p>\n","protected":false},"featured_media":49507,"template":"","meta":{"_et_pb_use_builder":"","_et_pb_old_content":"","_et_gb_content_width":""},"product_brand":[1277],"product_cat":[1813,1720,2323,1717,1817,1815,2258],"product_tag":[],"class_list":{"0":"post-49503","1":"product","2":"type-product","3":"status-publish","4":"has-post-thumbnail","6":"product_brand-bokeo","7":"product_cat-hladno","8":"product_cat-oljke","9":"product_cat-paprike","10":"product_cat-pickles-sl","11":"product_cat-pintxos-sl","12":"product_cat-sardele","13":"product_cat-sir-in-klobasa","14":"product_shipping_class-hladna-posiljka","16":"first","17":"outofstock","18":"taxable","19":"shipping-taxable","20":"purchasable","21":"product-type-simple"},"_links":{"self":[{"href":"https:\/\/myspainfood.com\/sl\/wp-json\/wp\/v2\/product\/49503","targetHints":{"allow":["GET"]}}],"collection":[{"href":"https:\/\/myspainfood.com\/sl\/wp-json\/wp\/v2\/product"}],"about":[{"href":"https:\/\/myspainfood.com\/sl\/wp-json\/wp\/v2\/types\/product"}],"wp:featuredmedia":[{"embeddable":true,"href":"https:\/\/myspainfood.com\/sl\/wp-json\/wp\/v2\/media\/49507"}],"wp:attachment":[{"href":"https:\/\/myspainfood.com\/sl\/wp-json\/wp\/v2\/media?parent=49503"}],"wp:term":[{"taxonomy":"product_brand","embeddable":true,"href":"https:\/\/myspainfood.com\/sl\/wp-json\/wp\/v2\/product_brand?post=49503"},{"taxonomy":"product_cat","embeddable":true,"href":"https:\/\/myspainfood.com\/sl\/wp-json\/wp\/v2\/product_cat?post=49503"},{"taxonomy":"product_tag","embeddable":true,"href":"https:\/\/myspainfood.com\/sl\/wp-json\/wp\/v2\/product_tag?post=49503"}],"curies":[{"name":"wp","href":"https:\/\/api.w.org\/{rel}","templated":true}]}}