{"id":50585,"date":"2025-05-21T08:44:03","date_gmt":"2025-05-21T06:44:03","guid":{"rendered":"https:\/\/myspainfood.com\/producto\/manzanilla-pitted-kamilica-900-gr-chicon\/"},"modified":"2026-01-29T12:59:09","modified_gmt":"2026-01-29T11:59:09","slug":"manzanilla-pitted-kamilica-900-gr-chicon","status":"publish","type":"product","link":"https:\/\/myspainfood.com\/sl\/producto\/manzanilla-pitted-kamilica-900-gr-chicon\/","title":{"rendered":"Manzanilla Pitted kamilica 900 gr Chic\u00f3n"},"content":{"rendered":"<p>Kljub odstranjeni ko\u0161\u010dici oljke Manzanilla ohranijo skorajda prvotno obliko.<\/p>\n<h3>Prednosti oljk Manzanilla <a href=\"https:\/\/aceitunaschiconlebron.com\/catalogo-productos\/comprar-aceitunas\/deshuesadas\/\" target=\"_blank\" rel=\"noopener noreferrer nofollow\">Chic\u00f3n<\/a> brez ko\u0161\u010dice<\/h3>\n<p>Ali ste poznali \u0161tevilne prednosti teh oljk? Zelo u\u010dinkovito prepre\u010dujejo bolezni srca in o\u017eilja na splo\u0161no. <\/p>\n<p>To je posledica visoke vsebnosti nenasi\u010denih ma\u0161\u010dob. Poleg tega vsebuje veliko \u017eeleza in vlaknin ter je zelo nasiten, zato je odli\u010den prigrizek. <\/p>\n<p>\u010ce \u017eelite kupiti olive ali katero koli drugo vrsto <a href=\"https:\/\/latiendadesami.com\/categoria-producto\/encurtidos\/\" rel=\"noopener noreferrer nofollow\" target=\"_blank\">vlo\u017eenih \u017eivil<\/a>, si oglejte na\u0161 spletni katalog in si oglejte \u0161iroko paleto <a href=\"https:\/\/latiendadesami.com\/categoria-producto\/encurtidos\/aceitunas\/\" target=\"_blank\" rel=\"noopener noreferrer nofollow\">oljk, ki jih<\/a> imamo na voljo.<\/p>\n","protected":false},"excerpt":{"rendered":"<p>Kljub odstranjeni ko\u0161\u010dici oljke Manzanilla ohranijo skorajda prvotno obliko. Prednosti oljk Manzanilla Chic\u00f3n brez ko\u0161\u010dice Ali ste poznali \u0161tevilne prednosti teh oljk? Zelo u\u010dinkovito prepre\u010dujejo bolezni srca in o\u017eilja na splo\u0161no. To je posledica visoke vsebnosti nenasi\u010denih ma\u0161\u010dob. Poleg tega vsebuje veliko \u017eeleza in vlaknin ter je zelo nasiten, zato je odli\u010den prigrizek. \u010ce \u017eelite [&hellip;]<\/p>\n","protected":false},"featured_media":50282,"template":"","meta":{"_et_pb_use_builder":"","_et_pb_old_content":"","_et_gb_content_width":""},"product_brand":[1036],"product_cat":[1720,1717],"product_tag":[10017,2055],"class_list":{"0":"post-50585","1":"product","2":"type-product","3":"status-publish","4":"has-post-thumbnail","6":"product_brand-chicon","7":"product_cat-oljke","8":"product_cat-pickles-sl","9":"product_tag-brez-kosti-sl","10":"product_tag-kamilica-sl","12":"first","13":"instock","14":"taxable","15":"shipping-taxable","16":"purchasable","17":"product-type-variable"},"_links":{"self":[{"href":"https:\/\/myspainfood.com\/sl\/wp-json\/wp\/v2\/product\/50585","targetHints":{"allow":["GET"]}}],"collection":[{"href":"https:\/\/myspainfood.com\/sl\/wp-json\/wp\/v2\/product"}],"about":[{"href":"https:\/\/myspainfood.com\/sl\/wp-json\/wp\/v2\/types\/product"}],"wp:featuredmedia":[{"embeddable":true,"href":"https:\/\/myspainfood.com\/sl\/wp-json\/wp\/v2\/media\/50282"}],"wp:attachment":[{"href":"https:\/\/myspainfood.com\/sl\/wp-json\/wp\/v2\/media?parent=50585"}],"wp:term":[{"taxonomy":"product_brand","embeddable":true,"href":"https:\/\/myspainfood.com\/sl\/wp-json\/wp\/v2\/product_brand?post=50585"},{"taxonomy":"product_cat","embeddable":true,"href":"https:\/\/myspainfood.com\/sl\/wp-json\/wp\/v2\/product_cat?post=50585"},{"taxonomy":"product_tag","embeddable":true,"href":"https:\/\/myspainfood.com\/sl\/wp-json\/wp\/v2\/product_tag?post=50585"}],"curies":[{"name":"wp","href":"https:\/\/api.w.org\/{rel}","templated":true}]}}