{"id":51052,"date":"2025-05-21T09:40:50","date_gmt":"2025-05-21T07:40:50","guid":{"rendered":"https:\/\/myspainfood.com\/producto\/kimbitos-oljke-in-kumarice-900-gr-chicon\/"},"modified":"2026-01-29T13:05:38","modified_gmt":"2026-01-29T12:05:38","slug":"kimbitos-oljke-in-kumarice-900-gr-chicon","status":"publish","type":"product","link":"https:\/\/myspainfood.com\/sl\/producto\/kimbitos-oljke-in-kumarice-900-gr-chicon\/","title":{"rendered":"Kimbitos - oljke in kumarice 900 gr Chic\u00f3n"},"content":{"rendered":"<p><a href=\"https:\/\/aceitunaschiconlebron.com\/catalogo\/manzanilla-rellena-de-pepinillo\/\" target=\"_blank\" rel=\"noopener noreferrer nofollow\">Kimbitos oljke in kumarice<\/a> z blagim sladko-kislim okusom.<\/p>\n<h3>Lastnosti oljk Manzanilla ali Kimbitos<\/h3>\n<p>Oljke Manzanilla, ki izvirajo iz \u0160panije, imajo veliko prednosti, med katerimi izstopajo naslednje:<\/p>\n<p>Zagotavljajo veliko koli\u010dino antioksidantov.<\/p>\n<p>Zni\u017eujejo krvni tlak in holesterol.<\/p>\n<p>prepre\u010duje nekatere vrste raka.<\/p>\n<p>Delujejo kot naravni probiotik.<\/p>\n<p>Izbolj\u0161ajte zdravje srca.<\/p>\n<p>Pomagajo v boju proti oku\u017ebam.<\/p>\n<p>Prepre\u010dujejo osteoporozo.<\/p>\n<p>Ali ste poznali \u0161tevilne prednosti teh oljk Kimbitos? Imajo veliko mo\u010d pri prepre\u010devanju bolezni srca in o\u017eilja na splo\u0161no. <\/p>\n<p>\u010ce \u017eelite kupiti olive ali katero koli drugo vrsto <a href=\"https:\/\/latiendadesami.com\/categoria-producto\/encurtidos\/\" rel=\"noopener noreferrer nofollow\" target=\"_blank\">vlo\u017eenih \u017eivil<\/a>, si oglejte na\u0161 spletni katalog in si oglejte \u0161iroko paleto <a href=\"https:\/\/latiendadesami.com\/categoria-producto\/encurtidos\/aceitunas\/\" target=\"_blank\" rel=\"noopener noreferrer nofollow\">oljk, ki jih<\/a> imamo na voljo.<\/p>\n","protected":false},"excerpt":{"rendered":"<p>Kimbitos oljke in kumarice z blagim sladko-kislim okusom. Lastnosti oljk Manzanilla ali Kimbitos Oljke Manzanilla, ki izvirajo iz \u0160panije, imajo veliko prednosti, med katerimi izstopajo naslednje: Zagotavljajo veliko koli\u010dino antioksidantov. Zni\u017eujejo krvni tlak in holesterol. prepre\u010duje nekatere vrste raka. Delujejo kot naravni probiotik. Izbolj\u0161ajte zdravje srca. Pomagajo v boju proti oku\u017ebam. Prepre\u010dujejo osteoporozo. Ali ste [&hellip;]<\/p>\n","protected":false},"featured_media":51058,"template":"","meta":{"_et_pb_use_builder":"","_et_pb_old_content":"","_et_gb_content_width":""},"product_brand":[1036],"product_cat":[2007,1720,1717],"product_tag":[2035,2055,2009],"class_list":{"0":"post-51052","1":"product","2":"type-product","3":"status-publish","4":"has-post-thumbnail","6":"product_brand-chicon","7":"product_cat-kumarice","8":"product_cat-oljke","9":"product_cat-pickles-sl","10":"product_tag-gherkin-sl","11":"product_tag-kamilica-sl","12":"product_tag-kimbo-sl","14":"first","15":"instock","16":"taxable","17":"shipping-taxable","18":"purchasable","19":"product-type-variable"},"_links":{"self":[{"href":"https:\/\/myspainfood.com\/sl\/wp-json\/wp\/v2\/product\/51052","targetHints":{"allow":["GET"]}}],"collection":[{"href":"https:\/\/myspainfood.com\/sl\/wp-json\/wp\/v2\/product"}],"about":[{"href":"https:\/\/myspainfood.com\/sl\/wp-json\/wp\/v2\/types\/product"}],"wp:featuredmedia":[{"embeddable":true,"href":"https:\/\/myspainfood.com\/sl\/wp-json\/wp\/v2\/media\/51058"}],"wp:attachment":[{"href":"https:\/\/myspainfood.com\/sl\/wp-json\/wp\/v2\/media?parent=51052"}],"wp:term":[{"taxonomy":"product_brand","embeddable":true,"href":"https:\/\/myspainfood.com\/sl\/wp-json\/wp\/v2\/product_brand?post=51052"},{"taxonomy":"product_cat","embeddable":true,"href":"https:\/\/myspainfood.com\/sl\/wp-json\/wp\/v2\/product_cat?post=51052"},{"taxonomy":"product_tag","embeddable":true,"href":"https:\/\/myspainfood.com\/sl\/wp-json\/wp\/v2\/product_tag?post=51052"}],"curies":[{"name":"wp","href":"https:\/\/api.w.org\/{rel}","templated":true}]}}