{"id":51159,"date":"2025-05-21T09:40:50","date_gmt":"2025-05-21T07:40:50","guid":{"rendered":"https:\/\/myspainfood.com\/producto\/umesana-jajca-extra-900-gr-chicon\/"},"modified":"2026-01-29T13:04:34","modified_gmt":"2026-01-29T12:04:34","slug":"umesana-jajca-extra-900-gr-chicon","status":"publish","type":"product","link":"https:\/\/myspainfood.com\/sl\/producto\/umesana-jajca-extra-900-gr-chicon\/","title":{"rendered":"Ume\u0161ana jajca Extra 900 gr Chic\u00f3n"},"content":{"rendered":"<p>Na\u0161a ekstra ume\u0161ana jajca z olivami in kislimi kumaricami so sestavljena iz <a href=\"https:\/\/aceitunaschiconlebron.com\/catalogo\/revuelto-extra-aceitunas-encurtidos\/\" target=\"_blank\" rel=\"noopener noreferrer nofollow\">oliv<\/a> manzanilla, kumaric, \u010debule in korenja.<\/p>\n<p>Ta kombinacija oliv in kislih kumaric omogo\u010da neprekosljiv okus tapasov ali predjedi.<\/p>\n<p>Je zelo zdravo dopolnilo na\u0161i tradicionalni hranljivi sredozemski prehrani.<\/p>\n<p>Kisle kumarice so se iz starodavne tehnike konzerviranja hrane po vsem svetu prelevile v enega najbolj priljubljenih tapasov ali predjedi v \u0161panski gastronomiji.<\/p>\n<h3><strong>Prednosti me\u0161anega testa Extra<\/strong><\/h3>\n<p>Ali ste vedeli, kak\u0161ne so prednosti kumaric Revuelto Extra in kumaric na splo\u0161no? Tukaj je seznam najpomembnej\u0161ih: <\/p>\n<ul>\n<li>Bogata s probiotiki.<\/li>\n<li>Pomagajo pri prebavi.<\/li>\n<li>Krepijo imunski sistem.<\/li>\n<li>Zmanj\u0161ujejo \u017eeljo po sladkorju.<\/li>\n<li>Ugoden za \u017eol\u010dnik.<\/li>\n<\/ul>\n<p>\u010ce \u017eelite kupiti olive ali katero koli drugo vrsto <a href=\"https:\/\/latiendadesami.com\/categoria-producto\/encurtidos\/\" rel=\"noopener noreferrer nofollow\" target=\"_blank\">vlo\u017eenih \u017eivil<\/a>, si oglejte na\u0161 spletni katalog in si oglejte \u0161iroko paleto <a href=\"https:\/\/latiendadesami.com\/categoria-producto\/encurtidos\/aceitunas\/\" target=\"_blank\" rel=\"noopener noreferrer nofollow\">oljk, ki jih<\/a> imamo na voljo.<\/p>\n","protected":false},"excerpt":{"rendered":"<p>Na\u0161a ekstra ume\u0161ana jajca z olivami in kislimi kumaricami so sestavljena iz oliv manzanilla, kumaric, \u010debule in korenja. Ta kombinacija oliv in kislih kumaric omogo\u010da neprekosljiv okus tapasov ali predjedi. Je zelo zdravo dopolnilo na\u0161i tradicionalni hranljivi sredozemski prehrani. Kisle kumarice so se iz starodavne tehnike konzerviranja hrane po vsem svetu prelevile v enega najbolj [&hellip;]<\/p>\n","protected":false},"featured_media":50836,"template":"","meta":{"_et_pb_use_builder":"","_et_pb_old_content":"","_et_gb_content_width":""},"product_brand":[1036],"product_cat":[1720,1717],"product_tag":[8100],"class_list":{"0":"post-51159","1":"product","2":"type-product","3":"status-publish","4":"has-post-thumbnail","6":"product_brand-chicon","7":"product_cat-oljke","8":"product_cat-pickles-sl","9":"product_tag-umesana-jajca","11":"first","12":"instock","13":"taxable","14":"shipping-taxable","15":"purchasable","16":"product-type-variable"},"_links":{"self":[{"href":"https:\/\/myspainfood.com\/sl\/wp-json\/wp\/v2\/product\/51159","targetHints":{"allow":["GET"]}}],"collection":[{"href":"https:\/\/myspainfood.com\/sl\/wp-json\/wp\/v2\/product"}],"about":[{"href":"https:\/\/myspainfood.com\/sl\/wp-json\/wp\/v2\/types\/product"}],"wp:featuredmedia":[{"embeddable":true,"href":"https:\/\/myspainfood.com\/sl\/wp-json\/wp\/v2\/media\/50836"}],"wp:attachment":[{"href":"https:\/\/myspainfood.com\/sl\/wp-json\/wp\/v2\/media?parent=51159"}],"wp:term":[{"taxonomy":"product_brand","embeddable":true,"href":"https:\/\/myspainfood.com\/sl\/wp-json\/wp\/v2\/product_brand?post=51159"},{"taxonomy":"product_cat","embeddable":true,"href":"https:\/\/myspainfood.com\/sl\/wp-json\/wp\/v2\/product_cat?post=51159"},{"taxonomy":"product_tag","embeddable":true,"href":"https:\/\/myspainfood.com\/sl\/wp-json\/wp\/v2\/product_tag?post=51159"}],"curies":[{"name":"wp","href":"https:\/\/api.w.org\/{rel}","templated":true}]}}