{"id":51401,"date":"2025-05-21T10:50:34","date_gmt":"2025-05-21T08:50:34","guid":{"rendered":"https:\/\/myspainfood.com\/producto\/babicina-skrivnost\/"},"modified":"2026-01-29T13:10:49","modified_gmt":"2026-01-29T12:10:49","slug":"babicina-skrivnost","status":"publish","type":"product","link":"https:\/\/myspainfood.com\/sl\/producto\/babicina-skrivnost\/","title":{"rendered":"Babi\u010dina skrivnost"},"content":{"rendered":"<p>Olives Secreto de la Abuela je kombinacija oljk gordal brez ko\u0161\u010dice, belega \u010desna, kaper in ko\u0161\u010dkov jaj\u010devca.<\/p>\n<p>Za\u010dimbe so <a href=\"https:\/\/aceitunaschiconlebron.com\/\" target=\"_blank\" rel=\"noopener noreferrer nofollow\">Chiconove<\/a> lastne.<\/p>\n<h3><strong>Prednosti oljk Secreto de la Abuela<\/strong><\/h3>\n<p>Ali ste vedeli, kak\u0161ne so prednosti te vrste oljk in kislih kumaric na splo\u0161no? Tukaj je seznam najpomembnej\u0161ih: <\/p>\n<ul>\n<li>Bogata s probiotiki.<\/li>\n<li>Pomagajo pri prebavi.<\/li>\n<li>Krepijo imunski sistem.<\/li>\n<li>Zmanj\u0161ujejo \u017eeljo po sladkorju.<\/li>\n<li>Ugoden za \u017eol\u010dnik.<\/li>\n<\/ul>\n<p>&nbsp;<\/p>\n<p>\u010ce \u017eelite kupiti olive ali katero koli drugo vrsto <a href=\"https:\/\/latiendadesami.com\/categoria-producto\/encurtidos\/\" rel=\"noopener noreferrer nofollow\" target=\"_blank\">vlo\u017eenih \u017eivil<\/a>, si oglejte na\u0161 spletni katalog in si oglejte \u0161iroko paleto <a href=\"https:\/\/latiendadesami.com\/categoria-producto\/encurtidos\/aceitunas\/\" target=\"_blank\" rel=\"noopener noreferrer nofollow\">oljk, ki jih<\/a> imamo na voljo.<\/p>\n","protected":false},"excerpt":{"rendered":"<p>Olives Secreto de la Abuela je kombinacija oljk gordal brez ko\u0161\u010dice, belega \u010desna, kaper in ko\u0161\u010dkov jaj\u010devca. Za\u010dimbe so Chiconove lastne. Prednosti oljk Secreto de la Abuela Ali ste vedeli, kak\u0161ne so prednosti te vrste oljk in kislih kumaric na splo\u0161no? Tukaj je seznam najpomembnej\u0161ih: Bogata s probiotiki. Pomagajo pri prebavi. Krepijo imunski sistem. Zmanj\u0161ujejo [&hellip;]<\/p>\n","protected":false},"featured_media":51217,"template":"","meta":{"_et_pb_use_builder":"","_et_pb_old_content":"","_et_gb_content_width":""},"product_brand":[1036],"product_cat":[1720,1717],"product_tag":[1722,10130],"class_list":{"0":"post-51401","1":"product","2":"type-product","3":"status-publish","4":"has-post-thumbnail","6":"product_brand-chicon","7":"product_cat-oljke","8":"product_cat-pickles-sl","9":"product_tag-babica","10":"product_tag-skrivnost","12":"first","13":"outofstock","14":"taxable","15":"shipping-taxable","16":"product-type-variable"},"_links":{"self":[{"href":"https:\/\/myspainfood.com\/sl\/wp-json\/wp\/v2\/product\/51401","targetHints":{"allow":["GET"]}}],"collection":[{"href":"https:\/\/myspainfood.com\/sl\/wp-json\/wp\/v2\/product"}],"about":[{"href":"https:\/\/myspainfood.com\/sl\/wp-json\/wp\/v2\/types\/product"}],"wp:featuredmedia":[{"embeddable":true,"href":"https:\/\/myspainfood.com\/sl\/wp-json\/wp\/v2\/media\/51217"}],"wp:attachment":[{"href":"https:\/\/myspainfood.com\/sl\/wp-json\/wp\/v2\/media?parent=51401"}],"wp:term":[{"taxonomy":"product_brand","embeddable":true,"href":"https:\/\/myspainfood.com\/sl\/wp-json\/wp\/v2\/product_brand?post=51401"},{"taxonomy":"product_cat","embeddable":true,"href":"https:\/\/myspainfood.com\/sl\/wp-json\/wp\/v2\/product_cat?post=51401"},{"taxonomy":"product_tag","embeddable":true,"href":"https:\/\/myspainfood.com\/sl\/wp-json\/wp\/v2\/product_tag?post=51401"}],"curies":[{"name":"wp","href":"https:\/\/api.w.org\/{rel}","templated":true}]}}