{"id":52410,"date":"2025-05-23T12:58:14","date_gmt":"2025-05-23T10:58:14","guid":{"rendered":"https:\/\/myspainfood.com\/producto\/cokoladna-ploscica-alyan-dubai-s-pistacijami-100-gramov\/"},"modified":"2026-01-29T13:15:49","modified_gmt":"2026-01-29T12:15:49","slug":"cokoladna-ploscica-alyan-dubai-s-pistacijami-100-gramov","status":"publish","type":"product","link":"https:\/\/myspainfood.com\/sl\/producto\/cokoladna-ploscica-alyan-dubai-s-pistacijami-100-gramov\/","title":{"rendered":"\u010cokoladna plo\u0161\u010dica Alyan Dubai s pistacijami 100 gramov"},"content":{"rendered":"<p>Mle\u010dna \u010dokolada, polnjena s pistacijo in kunafo. Sestavine: <\/p>\n<p>Pistacijeva pasta 45 % [sladkor, pistacije (30 %), rastlinsko olje (popolnoma hidrogenirano palmovo, bomba\u017eno in son\u010dni\u010dno olje), posneto mleko, emulgator (son\u010dni\u010dni lecitin), arome (mleko, vanilin)],<\/p>\n<p>Mle\u010dna \u010dokolada 45 % [sladkor, kakavovo maslo, polnomastno mleko v prahu, kakavova masa, posneto mleko v prahu, sirotka v prahu, emulgator (amonijevi fosfatidi, poliglicerol poliricinoleat, son\u010dni\u010dni lecitin), aroma (vanilin)],<\/p>\n<p>Kunafa 10% [p\u0161enica (vsebuje gluten), voda], konzervansi (kalijev sorbat, kalcijev propionat).<\/p>\n<p>Alergeni: mleko, p\u0161enica in pistacije. Lahko vsebuje sledi drugih ore\u0161\u010dkov, ara\u0161idov in jajc. <\/p>\n","protected":false},"excerpt":{"rendered":"<p>Mle\u010dna \u010dokolada, polnjena s pistacijo in kunafo. Sestavine: Pistacijeva pasta 45 % [sladkor, pistacije (30 %), rastlinsko olje (popolnoma hidrogenirano palmovo, bomba\u017eno in son\u010dni\u010dno olje), posneto mleko, emulgator (son\u010dni\u010dni lecitin), arome (mleko, vanilin)], Mle\u010dna \u010dokolada 45 % [sladkor, kakavovo maslo, polnomastno mleko v prahu, kakavova masa, posneto mleko v prahu, sirotka v prahu, emulgator (amonijevi [&hellip;]<\/p>\n","protected":false},"featured_media":52377,"template":"","meta":{"_et_pb_use_builder":"","_et_pb_old_content":"","_et_gb_content_width":""},"product_brand":[],"product_cat":[1983],"product_tag":[],"class_list":{"0":"post-52410","1":"product","2":"type-product","3":"status-publish","4":"has-post-thumbnail","6":"product_cat-ohranja","8":"first","9":"instock","10":"featured","11":"taxable","12":"shipping-taxable","13":"purchasable","14":"product-type-variable"},"_links":{"self":[{"href":"https:\/\/myspainfood.com\/sl\/wp-json\/wp\/v2\/product\/52410","targetHints":{"allow":["GET"]}}],"collection":[{"href":"https:\/\/myspainfood.com\/sl\/wp-json\/wp\/v2\/product"}],"about":[{"href":"https:\/\/myspainfood.com\/sl\/wp-json\/wp\/v2\/types\/product"}],"wp:featuredmedia":[{"embeddable":true,"href":"https:\/\/myspainfood.com\/sl\/wp-json\/wp\/v2\/media\/52377"}],"wp:attachment":[{"href":"https:\/\/myspainfood.com\/sl\/wp-json\/wp\/v2\/media?parent=52410"}],"wp:term":[{"taxonomy":"product_brand","embeddable":true,"href":"https:\/\/myspainfood.com\/sl\/wp-json\/wp\/v2\/product_brand?post=52410"},{"taxonomy":"product_cat","embeddable":true,"href":"https:\/\/myspainfood.com\/sl\/wp-json\/wp\/v2\/product_cat?post=52410"},{"taxonomy":"product_tag","embeddable":true,"href":"https:\/\/myspainfood.com\/sl\/wp-json\/wp\/v2\/product_tag?post=52410"}],"curies":[{"name":"wp","href":"https:\/\/api.w.org\/{rel}","templated":true}]}}