{"id":62829,"date":"2025-10-10T12:25:50","date_gmt":"2025-10-10T10:25:50","guid":{"rendered":"https:\/\/myspainfood.com\/producto\/sardinillas-v-ekoloskem-oljcnem-olju-20-25-kosov-rias-baixas-115-gr\/"},"modified":"2025-10-10T12:25:50","modified_gmt":"2025-10-10T10:25:50","slug":"sardinillas-v-ekoloskem-oljcnem-olju-20-25-kosov-rias-baixas-115-gr","status":"publish","type":"product","link":"https:\/\/myspainfood.com\/sl\/producto\/sardinillas-v-ekoloskem-oljcnem-olju-20-25-kosov-rias-baixas-115-gr\/","title":{"rendered":"Sardinillas v ekolo\u0161kem olj\u010dnem olju 20\/25 kosov Rias Baixas 115 gr"},"content":{"rendered":"<p>Na\u0161e sardine v plo\u010devinkah so slastne; odlikujejo jih vonj, intenziven okus, srebrnkast videz ter popolna postavitev in predstavitev v plo\u010devinki. Izhodi\u0161\u010de je vedno izbira najbolj\u0161ih, najbolj sve\u017eih in najmanj\u0161ih sardin z ribje tr\u017enice (v vsaki plo\u010devinki je od 12 do 16 sardin). <\/p>\n<p>V na\u0161i tovarni v kraju Moa\u00f1a (Pontevedra) strokovne roke na\u0161ega proizvodnega osebja odstranijo glavo in izkopljejo vsako ribo posebej. Nato jih skrbno in natan\u010dno pope\u010dejo v pari in zapakirajo, da bi dosegli kar najbolj privla\u010den videz, ko odprete svojo plo\u010devinko. \u010ce\u0161nja na torti je dodatek <strong>ekolo\u0161kega ekstra devi\u0161kega olj\u010dnega olja*<\/strong>. Rezultat je spektakularen in zdaj se lahko o tem prepri\u010date tudi sami.  <\/p>\n<p>Ne pozabite, da je \u010das zorenja, ki lahko traja od nekaj mesecev do ve\u010d let, klju\u010dnega pomena, saj se okus sardin izbolj\u0161a, ko olje prodre v ribo. Redno obra\u010danje plo\u010devink zagotavlja izvrsten in enakomeren okus, ki bo zadovoljil tudi najzahtevnej\u0161e brbon\u010dice. <\/p>\n<p>V zadnjih letih so sardine v plo\u010devinkah zelo znane kot \u017eivilo z visoko hranilno vrednostjo. Lahko bi rekli, da so sardine s prehranskega vidika dobile zlato medaljo. Poleg vitaminov A, D, K in E vsebujejo tudi veliko vitamina B12. So tudi pomemben vir beljakovin, natrija, fosforja, joda in kalcija. Bogate so tudi z omega 3 in oleinsko kislino, kaj ve\u010d bi si lahko \u017eeleli?    <\/p>\n","protected":false},"excerpt":{"rendered":"<p>Na\u0161e sardine v plo\u010devinkah so slastne; odlikujejo jih vonj, intenziven okus, srebrnkast videz ter popolna postavitev in predstavitev v plo\u010devinki. Izhodi\u0161\u010de je vedno izbira najbolj\u0161ih, najbolj sve\u017eih in najmanj\u0161ih sardin z ribje tr\u017enice (v vsaki plo\u010devinki je od 12 do 16 sardin). V na\u0161i tovarni v kraju Moa\u00f1a (Pontevedra) strokovne roke na\u0161ega proizvodnega osebja odstranijo [&hellip;]<\/p>\n","protected":false},"featured_media":59428,"template":"","meta":{"_et_pb_use_builder":"","_et_pb_old_content":"","_et_gb_content_width":""},"product_brand":[11014],"product_cat":[11036,1983,3758],"product_tag":[],"class_list":{"0":"post-62829","1":"product","2":"type-product","3":"status-publish","4":"has-post-thumbnail","6":"product_brand-rias-baixas","7":"product_cat-novo","8":"product_cat-ohranja","9":"product_cat-sardinillas-sl","11":"first","12":"instock","13":"featured","14":"taxable","15":"shipping-taxable","16":"purchasable","17":"product-type-variable"},"_links":{"self":[{"href":"https:\/\/myspainfood.com\/sl\/wp-json\/wp\/v2\/product\/62829","targetHints":{"allow":["GET"]}}],"collection":[{"href":"https:\/\/myspainfood.com\/sl\/wp-json\/wp\/v2\/product"}],"about":[{"href":"https:\/\/myspainfood.com\/sl\/wp-json\/wp\/v2\/types\/product"}],"wp:featuredmedia":[{"embeddable":true,"href":"https:\/\/myspainfood.com\/sl\/wp-json\/wp\/v2\/media\/59428"}],"wp:attachment":[{"href":"https:\/\/myspainfood.com\/sl\/wp-json\/wp\/v2\/media?parent=62829"}],"wp:term":[{"taxonomy":"product_brand","embeddable":true,"href":"https:\/\/myspainfood.com\/sl\/wp-json\/wp\/v2\/product_brand?post=62829"},{"taxonomy":"product_cat","embeddable":true,"href":"https:\/\/myspainfood.com\/sl\/wp-json\/wp\/v2\/product_cat?post=62829"},{"taxonomy":"product_tag","embeddable":true,"href":"https:\/\/myspainfood.com\/sl\/wp-json\/wp\/v2\/product_tag?post=62829"}],"curies":[{"name":"wp","href":"https:\/\/api.w.org\/{rel}","templated":true}]}}