{"id":62952,"date":"2025-10-10T12:25:49","date_gmt":"2025-10-10T10:25:49","guid":{"rendered":"https:\/\/myspainfood.com\/producto\/oljcno-olje-iz-finisterre-v-rias-baixas-ekolosko-oljcno-olje-115-g\/"},"modified":"2025-10-10T12:25:49","modified_gmt":"2025-10-10T10:25:49","slug":"oljcno-olje-iz-finisterre-v-rias-baixas-ekolosko-oljcno-olje-115-g","status":"publish","type":"product","link":"https:\/\/myspainfood.com\/sl\/producto\/oljcno-olje-iz-finisterre-v-rias-baixas-ekolosko-oljcno-olje-115-g\/","title":{"rendered":"Olj\u010dno olje iz Finisterre v Rias Baixas, ekolo\u0161ko olj\u010dno olje 115 g"},"content":{"rendered":"<p>Brivske \u0161koljke se pridobivajo na \u0161tevilnih krajih na\u0161ih \u010dudovitih revirjev, vendar je med vsemi en kraj, kjer brivske \u0161koljke in longueirones dosegajo najvi\u0161jo kakovost: Finisterre (Fisterra). Ker druga\u010de ne more biti, v podjetju CONSERVAS R\u00cdAS BAIXAS 1907 kupujemo samo \u0161koljke britvice s teh rajskih pla\u017e in samo tiste, ki jih po enega ujamejo svobodni potaplja\u010di, da bi zagotovili ohranitev naravnega okolja in omogo\u010dili u\u017eivanje te poslastice tudi prihodnjim generacijam. <\/p>\n<p>Sve\u017eo britvico o\u010distimo v slani vodi, da iz nje odstranimo preostali pesek, nato pa jo skrbno zapakiramo v na\u0161ih obratih v kraju Moa\u00f1a.<\/p>\n<p>\u010ceprav so \u0161koljke Finisterre \u017ee same po sebi prava poslastica, smo se odlo\u010dili, da jih predstavimo v ekolo\u0161kem ekstra devi\u0161kem olj\u010dnem olju*. Rezultat je spektakularen in vabimo vas, da ga poskusite. <\/p>\n<p>Poleg tega vsebujejo zelo malo kalorij in lipidov. Po drugi strani pa so britvice bogate s polinenasi\u010denimi ma\u0161\u010dobnimi kislinami OMEGA 3, zato je njihovo u\u017eivanje zelo priporo\u010dljivo. <\/p>\n","protected":false},"excerpt":{"rendered":"<p>Brivske \u0161koljke se pridobivajo na \u0161tevilnih krajih na\u0161ih \u010dudovitih revirjev, vendar je med vsemi en kraj, kjer brivske \u0161koljke in longueirones dosegajo najvi\u0161jo kakovost: Finisterre (Fisterra). Ker druga\u010de ne more biti, v podjetju CONSERVAS R\u00cdAS BAIXAS 1907 kupujemo samo \u0161koljke britvice s teh rajskih pla\u017e in samo tiste, ki jih po enega ujamejo svobodni potaplja\u010di, [&hellip;]<\/p>\n","protected":false},"featured_media":59306,"template":"","meta":{"_et_pb_use_builder":"","_et_pb_old_content":"","_et_gb_content_width":""},"product_brand":[11014],"product_cat":[7554,11036,1983],"product_tag":[],"class_list":{"0":"post-62952","1":"product","2":"type-product","3":"status-publish","4":"has-post-thumbnail","6":"product_brand-rias-baixas","7":"product_cat-brivniki","8":"product_cat-novo","9":"product_cat-ohranja","11":"first","12":"instock","13":"taxable","14":"shipping-taxable","15":"purchasable","16":"product-type-variable"},"_links":{"self":[{"href":"https:\/\/myspainfood.com\/sl\/wp-json\/wp\/v2\/product\/62952","targetHints":{"allow":["GET"]}}],"collection":[{"href":"https:\/\/myspainfood.com\/sl\/wp-json\/wp\/v2\/product"}],"about":[{"href":"https:\/\/myspainfood.com\/sl\/wp-json\/wp\/v2\/types\/product"}],"wp:featuredmedia":[{"embeddable":true,"href":"https:\/\/myspainfood.com\/sl\/wp-json\/wp\/v2\/media\/59306"}],"wp:attachment":[{"href":"https:\/\/myspainfood.com\/sl\/wp-json\/wp\/v2\/media?parent=62952"}],"wp:term":[{"taxonomy":"product_brand","embeddable":true,"href":"https:\/\/myspainfood.com\/sl\/wp-json\/wp\/v2\/product_brand?post=62952"},{"taxonomy":"product_cat","embeddable":true,"href":"https:\/\/myspainfood.com\/sl\/wp-json\/wp\/v2\/product_cat?post=62952"},{"taxonomy":"product_tag","embeddable":true,"href":"https:\/\/myspainfood.com\/sl\/wp-json\/wp\/v2\/product_tag?post=62952"}],"curies":[{"name":"wp","href":"https:\/\/api.w.org\/{rel}","templated":true}]}}