{"id":63111,"date":"2025-10-10T12:25:49","date_gmt":"2025-10-10T10:25:49","guid":{"rendered":"https:\/\/myspainfood.com\/producto\/male-jegulje-v-ekoloskem-oljcnem-olju-rias-baixas-110-g\/"},"modified":"2026-01-29T11:17:14","modified_gmt":"2026-01-29T10:17:14","slug":"male-jegulje-v-ekoloskem-oljcnem-olju-rias-baixas-110-g","status":"publish","type":"product","link":"https:\/\/myspainfood.com\/sl\/producto\/male-jegulje-v-ekoloskem-oljcnem-olju-rias-baixas-110-g\/","title":{"rendered":"Male jegulje v ekolo\u0161kem olj\u010dnem olju Rias Baixas 110 g"},"content":{"rendered":"<p>Kot verjetno veste, je steklena jegulja mladica med jeguljami. Njihova pustolov\u0161\u010dina se za\u010dne v Sarga\u0161kem morju sredi Karibov, kjer se jegulje drstijo in izle\u017eejo jaj\u010deca, ki se bodo naslednja tri leta premikala po Zalivskem toku, dokler ne dose\u017eejo evropskih rek. Steklene jegulje se v velikih mno\u017eicah zbirajo v ustjih rek in plavajo proti toku, dokler ne postanejo odrasle. Najbolj zanimivo pa je, da vsak \u0161krat prispe v isto reko, iz katere so se izvalili njegovi star\u0161i. Ko je ulovljen, vsak posameznik obi\u010dajno tehta 1 g in meri nekaj manj kot 8 cm.     <\/p>\n<p>Tako krhka in dragocena riba je pri prevozu v tovarno, kuhanju in konzerviranju seveda obravnavana z najve\u010djo skrbnostjo in ne\u017enostjo. Predstavljamo jo po tradicionalnem receptu za to poslastico, z izdatno pikantnim pridihom naravnega \u010dilija in v ekolo\u0161kem ekstra devi\u0161kem olj\u010dnem olju*. <\/p>\n<p>Poleg okusa, ki je za mnoge strokovnjake neprekosljiv, so \u0161kampi izdelek z zelo visoko hranilno vrednostjo. Je namre\u010d najbolj mastna znana mastna riba in vsebuje veliko beljakovin (16,3 g na 100 g). Vsebuje tudi zanimive koli\u010dine nekaterih mineralov, kot sta fosfor in kalij, kar ugodno vpliva na zdravje ledvic in \u017eiv\u010dnega sistema. Najpomembnej\u0161a lastnost pa je zelo visok dele\u017e vitamina A, ki med svojimi prednostmi spodbuja zdravje o\u010di in vida.   <\/p>\n","protected":false},"excerpt":{"rendered":"<p>Kot verjetno veste, je steklena jegulja mladica med jeguljami. Njihova pustolov\u0161\u010dina se za\u010dne v Sarga\u0161kem morju sredi Karibov, kjer se jegulje drstijo in izle\u017eejo jaj\u010deca, ki se bodo naslednja tri leta premikala po Zalivskem toku, dokler ne dose\u017eejo evropskih rek. Steklene jegulje se v velikih mno\u017eicah zbirajo v ustjih rek in plavajo proti toku, dokler [&hellip;]<\/p>\n","protected":false},"featured_media":59160,"template":"","meta":{"_et_pb_use_builder":"","_et_pb_old_content":"","_et_gb_content_width":""},"product_brand":[11014],"product_cat":[11036,1983],"product_tag":[],"class_list":{"0":"post-63111","1":"product","2":"type-product","3":"status-publish","4":"has-post-thumbnail","6":"product_brand-rias-baixas","7":"product_cat-novo","8":"product_cat-ohranja","10":"first","11":"instock","12":"taxable","13":"shipping-taxable","14":"purchasable","15":"product-type-variable"},"_links":{"self":[{"href":"https:\/\/myspainfood.com\/sl\/wp-json\/wp\/v2\/product\/63111","targetHints":{"allow":["GET"]}}],"collection":[{"href":"https:\/\/myspainfood.com\/sl\/wp-json\/wp\/v2\/product"}],"about":[{"href":"https:\/\/myspainfood.com\/sl\/wp-json\/wp\/v2\/types\/product"}],"wp:featuredmedia":[{"embeddable":true,"href":"https:\/\/myspainfood.com\/sl\/wp-json\/wp\/v2\/media\/59160"}],"wp:attachment":[{"href":"https:\/\/myspainfood.com\/sl\/wp-json\/wp\/v2\/media?parent=63111"}],"wp:term":[{"taxonomy":"product_brand","embeddable":true,"href":"https:\/\/myspainfood.com\/sl\/wp-json\/wp\/v2\/product_brand?post=63111"},{"taxonomy":"product_cat","embeddable":true,"href":"https:\/\/myspainfood.com\/sl\/wp-json\/wp\/v2\/product_cat?post=63111"},{"taxonomy":"product_tag","embeddable":true,"href":"https:\/\/myspainfood.com\/sl\/wp-json\/wp\/v2\/product_tag?post=63111"}],"curies":[{"name":"wp","href":"https:\/\/api.w.org\/{rel}","templated":true}]}}